{"id":42087,"date":"2023-09-23T18:40:09","date_gmt":"2024-07-18T09:08:01","guid":{"rendered":"https:\/\/pikasworld.ch\/product\/jurassic-dino-plates-8-pcs\/"},"modified":"2024-07-18T10:08:01","modified_gmt":"2024-07-18T09:08:01","slug":"jurassic-dino-plates-8-pcs","status":"publish","type":"product","link":"https:\/\/camaleoparty.ch\/en\/product\/jurassic-dino-plates-8-pcs\/","title":{"rendered":"Jurassic dino plates, 8 pcs"},"content":{"rendered":"<p>? Dive into the world of dinosaurs with our dino collection dedicated to little budding paleontologists! These 8 paper plates are populated with tyrannosaurs, diplodocus, stegosaurus and parasaurolophus, for an absolutely epic Jurassic birthday table. Pair them with cups and napkins from the Dinos Jurassic collection for a total dinotastic look! ?<\/p>\n<p>\u2728 Features:<\/p>\n<ul>\n<li>Mix of 4 dynamic designs<\/li>\n<li>Contents: 8 plates<\/li>\n<li>Composition :Papier FSC &#8211; encres v\u00e9g\u00e9tales &#8211; laque v\u00e9g\u00e9tale<\/li>\n<li>Product dimensions : 1 x 22 x 22 cm<\/li>\n<li>Packaging dimensions: 2 x 22 x 22 cm<\/li>\n<li>Weight: 80g<\/li>\n<\/ul>\n<p>Dino plates were designed with passion in Paris and manufactured with care in Europe, using FSC paper and vegetable-based inks for an environmentally friendly party. ?<\/p>\n<p>Transform your table into a real scene from the Jurassic period and amaze your little guests with majestic, colorful dinosaurs! ?<\/p>\n","protected":false},"excerpt":{"rendered":"<p>Transform your table into a real scene from the Jurassic period and amaze your little guests with majestic, colorful dinosaurs! ?<\/p>\n","protected":false},"featured_media":35276,"comment_status":"open","ping_status":"closed","template":"","meta":[],"product_cat":[182,73,214,148,180],"product_tag":[],"class_list":{"0":"post-42087","1":"product","2":"type-product","3":"status-publish","4":"has-post-thumbnail","6":"product_cat-birthday","7":"product_cat-birthday-and-party-table-decorations","8":"product_cat-dinosaur","9":"product_cat-plates","10":"product_cat-shop-by-holiday","12":"first","13":"instock","14":"taxable","15":"shipping-taxable","16":"purchasable","17":"product-type-simple"},"_links":{"self":[{"href":"https:\/\/camaleoparty.ch\/en\/wp-json\/wp\/v2\/product\/42087","targetHints":{"allow":["GET"]}}],"collection":[{"href":"https:\/\/camaleoparty.ch\/en\/wp-json\/wp\/v2\/product"}],"about":[{"href":"https:\/\/camaleoparty.ch\/en\/wp-json\/wp\/v2\/types\/product"}],"replies":[{"embeddable":true,"href":"https:\/\/camaleoparty.ch\/en\/wp-json\/wp\/v2\/comments?post=42087"}],"wp:featuredmedia":[{"embeddable":true,"href":"https:\/\/camaleoparty.ch\/en\/wp-json\/wp\/v2\/media\/35276"}],"wp:attachment":[{"href":"https:\/\/camaleoparty.ch\/en\/wp-json\/wp\/v2\/media?parent=42087"}],"wp:term":[{"taxonomy":"product_cat","embeddable":true,"href":"https:\/\/camaleoparty.ch\/en\/wp-json\/wp\/v2\/product_cat?post=42087"},{"taxonomy":"product_tag","embeddable":true,"href":"https:\/\/camaleoparty.ch\/en\/wp-json\/wp\/v2\/product_tag?post=42087"}],"curies":[{"name":"wp","href":"https:\/\/api.w.org\/{rel}","templated":true}]}}