{"id":38579,"date":"2024-02-13T21:04:00","date_gmt":"2024-02-13T20:04:00","guid":{"rendered":"https:\/\/pikasworld.ch\/product\/8-elvis-the-elephant-cups\/"},"modified":"2024-02-23T19:49:57","modified_gmt":"2024-02-23T18:49:57","slug":"8-elvis-the-elephant-cups","status":"publish","type":"product","link":"https:\/\/camaleoparty.ch\/en\/product\/8-elvis-the-elephant-cups\/","title":{"rendered":"8 &#8220;Elvis th\u00e9 \u00c9l\u00e9phant&#8221; cups"},"content":{"rendered":"<p>Welcome Elvis, the adorable elephant who&#8217;ll charm the guests at your next party! Presenting a set of eight paper cups, each adorned with the adorable image of Elvis in a soft blue hue. These tumblers are perfect for adding a touch of sweetness and fun to your celebration. Whether for a baby shower, birthday party or any other special occasion, Elvis tumblers guarantee smiles and charming memories. Add a delicate touch to your party with these irresistible tumblers!<\/p>\n","protected":false},"excerpt":{"rendered":"<p>Welcome Elvis, the adorable elephant who&#8217;ll charm the guests at your next party! Presenting a set of eight paper cups, each adorned with the adorable image of Elvis in a soft blue hue. These tumblers are perfect for adding a touch of sweetness and fun to your celebration. Whether for a baby shower, birthday party [&hellip;]<\/p>\n","protected":false},"featured_media":38347,"comment_status":"open","ping_status":"closed","template":"","meta":[],"product_cat":[184,182,73,156],"product_tag":[],"class_list":{"0":"post-38579","1":"product","2":"type-product","3":"status-publish","4":"has-post-thumbnail","6":"product_cat-baby-shower-en","7":"product_cat-birthday","8":"product_cat-birthday-and-party-table-decorations","9":"product_cat-cups","11":"first","12":"instock","13":"taxable","14":"shipping-taxable","15":"purchasable","16":"product-type-simple"},"_links":{"self":[{"href":"https:\/\/camaleoparty.ch\/en\/wp-json\/wp\/v2\/product\/38579","targetHints":{"allow":["GET"]}}],"collection":[{"href":"https:\/\/camaleoparty.ch\/en\/wp-json\/wp\/v2\/product"}],"about":[{"href":"https:\/\/camaleoparty.ch\/en\/wp-json\/wp\/v2\/types\/product"}],"replies":[{"embeddable":true,"href":"https:\/\/camaleoparty.ch\/en\/wp-json\/wp\/v2\/comments?post=38579"}],"wp:featuredmedia":[{"embeddable":true,"href":"https:\/\/camaleoparty.ch\/en\/wp-json\/wp\/v2\/media\/38347"}],"wp:attachment":[{"href":"https:\/\/camaleoparty.ch\/en\/wp-json\/wp\/v2\/media?parent=38579"}],"wp:term":[{"taxonomy":"product_cat","embeddable":true,"href":"https:\/\/camaleoparty.ch\/en\/wp-json\/wp\/v2\/product_cat?post=38579"},{"taxonomy":"product_tag","embeddable":true,"href":"https:\/\/camaleoparty.ch\/en\/wp-json\/wp\/v2\/product_tag?post=38579"}],"curies":[{"name":"wp","href":"https:\/\/api.w.org\/{rel}","templated":true}]}}