{"id":38319,"date":"2023-09-11T10:00:13","date_gmt":"2023-09-11T09:00:13","guid":{"rendered":"https:\/\/pikasworld.ch\/product\/rainbow-pastel-mylar-balloon\/"},"modified":"2023-09-11T10:00:13","modified_gmt":"2023-09-11T09:00:13","slug":"rainbow-pastel-mylar-balloon","status":"publish","type":"product","link":"https:\/\/camaleoparty.ch\/en\/product\/rainbow-pastel-mylar-balloon\/","title":{"rendered":"Rainbow Pastel Mylar Balloon"},"content":{"rendered":"<p>Ballon en Mylar givr\u00e9, Arc-en-ciel, couleurs m\u00e9lang\u00e9es, dimensions environ 55 x 40 cm (21,5 x 15,5&#8221;).<\/p>\n","protected":false},"excerpt":{"rendered":"<p>Ballon en Mylar givr\u00e9, Arc-en-ciel, couleurs m\u00e9lang\u00e9es, dimensions environ 55 x 40 cm (21,5 x 15,5&#8221;).<\/p>\n","protected":false},"featured_media":34933,"comment_status":"open","ping_status":"closed","template":"","meta":[],"product_cat":[273,182,384,188,220],"product_tag":[],"class_list":{"0":"post-38319","1":"product","2":"type-product","3":"status-publish","4":"has-post-thumbnail","6":"product_brand-partydeco-en","7":"product_cat-balloon-mylar","8":"product_cat-birthday","9":"product_cat-gender-reveal-party-en","10":"product_cat-summer","11":"product_cat-unicorn","13":"first","14":"instock","15":"taxable","16":"shipping-taxable","17":"purchasable","18":"product-type-simple"},"_links":{"self":[{"href":"https:\/\/camaleoparty.ch\/en\/wp-json\/wp\/v2\/product\/38319","targetHints":{"allow":["GET"]}}],"collection":[{"href":"https:\/\/camaleoparty.ch\/en\/wp-json\/wp\/v2\/product"}],"about":[{"href":"https:\/\/camaleoparty.ch\/en\/wp-json\/wp\/v2\/types\/product"}],"replies":[{"embeddable":true,"href":"https:\/\/camaleoparty.ch\/en\/wp-json\/wp\/v2\/comments?post=38319"}],"wp:featuredmedia":[{"embeddable":true,"href":"https:\/\/camaleoparty.ch\/en\/wp-json\/wp\/v2\/media\/34933"}],"wp:attachment":[{"href":"https:\/\/camaleoparty.ch\/en\/wp-json\/wp\/v2\/media?parent=38319"}],"wp:term":[{"taxonomy":"product_cat","embeddable":true,"href":"https:\/\/camaleoparty.ch\/en\/wp-json\/wp\/v2\/product_cat?post=38319"},{"taxonomy":"product_tag","embeddable":true,"href":"https:\/\/camaleoparty.ch\/en\/wp-json\/wp\/v2\/product_tag?post=38319"}],"curies":[{"name":"wp","href":"https:\/\/api.w.org\/{rel}","templated":true}]}}