{"id":46258,"date":"2025-12-19T18:38:13","date_gmt":"2025-12-19T17:38:13","guid":{"rendered":"https:\/\/camaleoparty.ch\/product\/kerze-einhorn-xxl\/"},"modified":"2025-12-19T18:51:35","modified_gmt":"2025-12-19T17:51:35","slug":"kerze-einhorn-xxl","status":"publish","type":"product","link":"https:\/\/camaleoparty.ch\/de\/produkt\/kerze-einhorn-xxl\/","title":{"rendered":"Kerze Einhorn XXL"},"content":{"rendered":"<p data-start=\"299\" data-end=\"573\">Diese <strong data-start=\"305\" data-end=\"337\">Einhornkerze im XXL-Format<\/strong> aus Paraffin ist ideal, um einem Geburtstagskuchen oder anderen Geb\u00e4cken einen magischen Touch zu verleihen. Ihr gro\u00dfes Format macht sie zu einem starken dekorativen Element, das perfekt ist, um ein Einhornthema zu erg\u00e4nzen, ohne die Dekoration zu \u00fcberladen. <\/p>\n<p data-start=\"575\" data-end=\"830\">Einfach zu verwenden, stecken Sie die Kerze einfach auf den Kuchen und z\u00fcnden Sie sie an, um sofort eine m\u00e4rchenhafte Atmosph\u00e4re zu schaffen. Eine dekorative Kerze, die Kindern und Erwachsenen gleicherma\u00dfen gef\u00e4llt und einen einfachen Nachtisch in einen echten Festtagskuchen verwandelt. <\/p>\n<p data-start=\"832\" data-end=\"854\"><strong data-start=\"832\" data-end=\"854\">Merkmale :<\/strong><\/p>\n<ul data-start=\"855\" data-end=\"1015\">\n<li data-start=\"855\" data-end=\"888\">\n<p data-start=\"857\" data-end=\"888\">Einhornkerze <strong data-start=\"872\" data-end=\"886\">im XXL-Format<\/strong><\/p>\n<\/li>\n<li data-start=\"889\" data-end=\"905\">\n<p data-start=\"891\" data-end=\"905\">Aus Paraffin<\/p>\n<\/li>\n<li data-start=\"906\" data-end=\"947\">\n<p data-start=\"908\" data-end=\"947\">Dekoration f\u00fcr Kuchen und Geb\u00e4ck<\/p>\n<\/li>\n<li data-start=\"948\" data-end=\"969\">\n<p data-start=\"950\" data-end=\"969\">Einfach zu verwenden<\/p>\n<\/li>\n<li data-start=\"970\" data-end=\"1015\">\n<p data-start=\"972\" data-end=\"1015\">Ideal f\u00fcr Einhorn-Themengeburtstage<\/p>\n<\/li>\n<\/ul>\n<p data-start=\"1017\" data-end=\"1077\">Ein einfaches Deko-Accessoire, das schon beim Einschalten seine Wirkung entfaltet.<\/p>\n","protected":false},"excerpt":{"rendered":"<p>XXL-Einhornkerze aus Paraffin f\u00fcr die Dekoration von Geburtstagstorten. Ein magisches und einfach zu verwendendes Accessoire. <\/p>\n","protected":false},"featured_media":46243,"comment_status":"open","ping_status":"closed","template":"","meta":[],"product_cat":[221,183,167,327],"product_tag":[],"class_list":{"0":"post-46258","1":"product","2":"type-product","3":"status-publish","4":"has-post-thumbnail","6":"product_cat-einhorn","7":"product_cat-geburtstag","8":"product_cat-kerzen","9":"product_cat-kochen","11":"first","12":"instock","13":"taxable","14":"shipping-taxable","15":"purchasable","16":"product-type-simple"},"_links":{"self":[{"href":"https:\/\/camaleoparty.ch\/de\/wp-json\/wp\/v2\/product\/46258","targetHints":{"allow":["GET"]}}],"collection":[{"href":"https:\/\/camaleoparty.ch\/de\/wp-json\/wp\/v2\/product"}],"about":[{"href":"https:\/\/camaleoparty.ch\/de\/wp-json\/wp\/v2\/types\/product"}],"replies":[{"embeddable":true,"href":"https:\/\/camaleoparty.ch\/de\/wp-json\/wp\/v2\/comments?post=46258"}],"wp:featuredmedia":[{"embeddable":true,"href":"https:\/\/camaleoparty.ch\/de\/wp-json\/wp\/v2\/media\/46243"}],"wp:attachment":[{"href":"https:\/\/camaleoparty.ch\/de\/wp-json\/wp\/v2\/media?parent=46258"}],"wp:term":[{"taxonomy":"product_cat","embeddable":true,"href":"https:\/\/camaleoparty.ch\/de\/wp-json\/wp\/v2\/product_cat?post=46258"},{"taxonomy":"product_tag","embeddable":true,"href":"https:\/\/camaleoparty.ch\/de\/wp-json\/wp\/v2\/product_tag?post=46258"}],"curies":[{"name":"wp","href":"https:\/\/api.w.org\/{rel}","templated":true}]}}