{"id":46256,"date":"2025-12-19T18:28:59","date_gmt":"2025-12-19T17:28:59","guid":{"rendered":"https:\/\/camaleoparty.ch\/product\/servietten-cactus-x20\/"},"modified":"2025-12-19T18:51:30","modified_gmt":"2025-12-19T17:51:30","slug":"servietten-cactus-x20","status":"publish","type":"product","link":"https:\/\/camaleoparty.ch\/de\/produkt\/servietten-cactus-x20\/","title":{"rendered":"Servietten Cactus (x20)"},"content":{"rendered":"<p data-start=\"509\" data-end=\"734\">Diese <strong data-start=\"513\" data-end=\"550\">Servietten mit Kaktusmotiv<\/strong> eignen sich hervorragend zur Erg\u00e4nzung einer frischen und farbenfrohen Tischdekoration. Ihr Design l\u00e4sst sich leicht in verschiedene Partywelten integrieren, einschlie\u00dflich der Themen Kaktus, tropisch oder Lama. <\/p>\n<p data-start=\"736\" data-end=\"957\">Mit ihrem Standardformat eignen sie sich f\u00fcr einen Geburtstag, eine Kinderparty, ein Picknick oder ein Grillfest mit Freunden. Sie sind praktisch und dekorativ und verleihen einen festlichen Touch, ohne \u00fcbertrieben zu wirken. <\/p>\n<p data-start=\"959\" data-end=\"981\"><strong data-start=\"959\" data-end=\"981\">Merkmale :<\/strong><\/p>\n<ul data-start=\"982\" data-end=\"1097\">\n<li data-start=\"982\" data-end=\"1020\">\n<p data-start=\"984\" data-end=\"1020\"><strong data-start=\"991\" data-end=\"1018\">20 Servietten<\/strong> aus <strong data-start=\"991\" data-end=\"1018\">Papier<\/strong> im Set<\/p>\n<\/li>\n<li data-start=\"1021\" data-end=\"1037\">\n<p data-start=\"1023\" data-end=\"1037\">Kaktusmuster<\/p>\n<\/li>\n<li data-start=\"1038\" data-end=\"1082\">\n<p data-start=\"1040\" data-end=\"1082\">Geeignet f\u00fcr verschiedene festliche Anl\u00e4sse<\/p>\n<\/li>\n<li data-start=\"1083\" data-end=\"1097\">\n<p data-start=\"1085\" data-end=\"1097\">Einmalige Nutzung<\/p>\n<\/li>\n<\/ul>\n<p data-start=\"1099\" data-end=\"1139\"><strong data-start=\"1099\" data-end=\"1115\">Abmessungen:<\/strong><br data-start=\"1115\" data-end=\"1118\">33 \u00d7 33 cm (aufgeklappt)<\/p>\n<p data-start=\"1141\" data-end=\"1225\">Ein Basic f\u00fcr den Tisch, das sich leicht mit anderen Accessoires im gleichen Ambiente kombinieren l\u00e4sst.<\/p>\n","protected":false},"excerpt":{"rendered":"<p>20 Servietten aus Papier mit Kaktusmotiv 33 x 33 cm, ideal f\u00fcr Geburtstage, Teepartys und Themenpartys.<\/p>\n","protected":false},"featured_media":46239,"comment_status":"open","ping_status":"closed","template":"","meta":[],"product_cat":[183,1206,261,161,1010,147,1170],"product_tag":[],"class_list":{"0":"post-46256","1":"product","2":"type-product","3":"status-publish","4":"has-post-thumbnail","6":"product_cat-geburtstag","7":"product_cat-farbe-gruen","8":"product_cat-indianer-cowboy","9":"product_cat-servietten","10":"product_cat-tropical-de","11":"product_cat-verjaardags-en-feesttafelversieringen","12":"product_cat-viva-la-fiesta-de","14":"first","15":"instock","16":"taxable","17":"shipping-taxable","18":"purchasable","19":"product-type-simple"},"_links":{"self":[{"href":"https:\/\/camaleoparty.ch\/de\/wp-json\/wp\/v2\/product\/46256","targetHints":{"allow":["GET"]}}],"collection":[{"href":"https:\/\/camaleoparty.ch\/de\/wp-json\/wp\/v2\/product"}],"about":[{"href":"https:\/\/camaleoparty.ch\/de\/wp-json\/wp\/v2\/types\/product"}],"replies":[{"embeddable":true,"href":"https:\/\/camaleoparty.ch\/de\/wp-json\/wp\/v2\/comments?post=46256"}],"wp:featuredmedia":[{"embeddable":true,"href":"https:\/\/camaleoparty.ch\/de\/wp-json\/wp\/v2\/media\/46239"}],"wp:attachment":[{"href":"https:\/\/camaleoparty.ch\/de\/wp-json\/wp\/v2\/media?parent=46256"}],"wp:term":[{"taxonomy":"product_cat","embeddable":true,"href":"https:\/\/camaleoparty.ch\/de\/wp-json\/wp\/v2\/product_cat?post=46256"},{"taxonomy":"product_tag","embeddable":true,"href":"https:\/\/camaleoparty.ch\/de\/wp-json\/wp\/v2\/product_tag?post=46256"}],"curies":[{"name":"wp","href":"https:\/\/api.w.org\/{rel}","templated":true}]}}