{"id":46255,"date":"2025-12-09T19:08:47","date_gmt":"2025-12-09T18:08:47","guid":{"rendered":"https:\/\/camaleoparty.ch\/product\/kartenspiele-parent-epuise-survie-kit-green-attitude\/"},"modified":"2025-12-19T18:50:38","modified_gmt":"2025-12-19T17:50:38","slug":"kartenspiele-parent-epuise-survie-kit-green-attitude","status":"publish","type":"product","link":"https:\/\/camaleoparty.ch\/de\/produkt\/kartenspiele-parent-epuise-survie-kit-green-attitude\/","title":{"rendered":"Kartenspiele PARENT EPUISE SURVIE KIT GREEN ATTITUDE"},"content":{"rendered":"<p>Mit dem Green Attitude Kit k\u00f6nnen Sie Ihren Kindern gute Gesten vermitteln, damit sie auf die Zukunft unseres sch\u00f6nen Planeten Erde achten. Jede Karte entspricht einem spielerischen Pfand, das Sie erf\u00fcllen m\u00fcssen, um gute Reflexe im Alltag der Familie zu etablieren. Diese Schachtel enth\u00e4lt 54 Pf\u00e4nder, um gute Gewohnheiten zu entwickeln.  <\/p>\n<ul>\n<li><label>Empfohlenes Alter ab 4<\/label>Jahren<\/li>\n<li><label>Mindestanzahl an Spielern<\/label>2<\/li>\n<li><label>Anzahl der Spieler max.<\/label>2<\/li>\n<\/ul>\n","protected":false},"excerpt":{"rendered":"<p>Mit dem Green Attitude Kit k\u00f6nnen Sie Ihren Kindern gute Gesten vermitteln, damit sie auf die Zukunft unseres sch\u00f6nen Planeten Erde achten. Jede Karte entspricht einem spielerischen Pfand, das Sie erf\u00fcllen m\u00fcssen, um gute Reflexe im Alltag der Familie zu etablieren. Diese Schachtel enth\u00e4lt 54 Pf\u00e4nder, um gute Gewohnheiten zu entwickeln. Empfohlenes Alter ab 4Jahren [&hellip;]<\/p>\n","protected":false},"featured_media":46051,"comment_status":"open","ping_status":"closed","template":"","meta":[],"product_cat":[1305,193],"product_tag":[],"class_list":{"0":"post-46255","1":"product","2":"type-product","3":"status-publish","4":"has-post-thumbnail","6":"product_cat-geschenke","7":"product_cat-weihnachten","9":"first","10":"instock","11":"taxable","12":"shipping-taxable","13":"purchasable","14":"product-type-simple"},"_links":{"self":[{"href":"https:\/\/camaleoparty.ch\/de\/wp-json\/wp\/v2\/product\/46255","targetHints":{"allow":["GET"]}}],"collection":[{"href":"https:\/\/camaleoparty.ch\/de\/wp-json\/wp\/v2\/product"}],"about":[{"href":"https:\/\/camaleoparty.ch\/de\/wp-json\/wp\/v2\/types\/product"}],"replies":[{"embeddable":true,"href":"https:\/\/camaleoparty.ch\/de\/wp-json\/wp\/v2\/comments?post=46255"}],"wp:featuredmedia":[{"embeddable":true,"href":"https:\/\/camaleoparty.ch\/de\/wp-json\/wp\/v2\/media\/46051"}],"wp:attachment":[{"href":"https:\/\/camaleoparty.ch\/de\/wp-json\/wp\/v2\/media?parent=46255"}],"wp:term":[{"taxonomy":"product_cat","embeddable":true,"href":"https:\/\/camaleoparty.ch\/de\/wp-json\/wp\/v2\/product_cat?post=46255"},{"taxonomy":"product_tag","embeddable":true,"href":"https:\/\/camaleoparty.ch\/de\/wp-json\/wp\/v2\/product_tag?post=46255"}],"curies":[{"name":"wp","href":"https:\/\/api.w.org\/{rel}","templated":true}]}}