{"id":46250,"date":"2025-12-10T13:17:58","date_gmt":"2025-12-10T12:17:58","guid":{"rendered":"https:\/\/camaleoparty.ch\/product\/kartenspiel-skyjo\/"},"modified":"2025-12-19T18:50:31","modified_gmt":"2025-12-19T17:50:31","slug":"kartenspiel-skyjo","status":"publish","type":"product","link":"https:\/\/camaleoparty.ch\/de\/produkt\/kartenspiel-skyjo\/","title":{"rendered":"Kartenspiel SKYJO"},"content":{"rendered":"<p>SKYJO? So hei\u00dft das neue, spannende Spiel des Magilano-Verlags, das Spa\u00df und Unterhaltung f\u00fcr viele kommende Abende verspricht. Das Ziel des Kartenspiels SKYJO ist es, \u00fcber mehrere Runden hinweg so wenig Punkte wie m\u00f6glich zu sammeln, wobei die Punkte aller Spieler am Ende jeder Runde gez\u00e4hlt und zu ihrem individuellen Punktestand addiert werden. Sobald ein Spieler 100 oder mehr Punkte erreicht hat, gewinnt der Spieler mit den wenigsten Punkten. Um m\u00f6glichst wenig Punkte zu sammeln, m\u00fcssen Sie nach niedrigen oder sogar negativen Zahlen suchen. Das Spiel wird durch eine Reihe von Sonderregeln noch spannender gemacht, die es beispielsweise erlauben, mehrere Karten (und damit Punkte) aus dem Spiel zu nehmen ? was zu unerwarteten Wendungen f\u00fchren kann. Dies verleitet die Spieler dazu, gewagte Entscheidungen zu treffen, die nach hinten losgehen k\u00f6nnen, wenn die anderen Spieler schneller als erwartet zur\u00fcckschlagen k\u00f6nnen. Was brauchen Sie zum Spielen? Ausreichend Platz, um 12 Karten vor jedem Spieler auszulegen. Ein positiver Nebeneffekt: Wenn Sie spielen, haben Sie die H\u00e4nde frei, so dass Sie die Punkte z\u00e4hlen oder naschen k\u00f6nnen. Da die Regeln des Spiels relativ einfach sind, k\u00f6nnen Sie sich w\u00e4hrend des Spiels durchaus unterhalten.           <\/p>\n<ul>\n<li><label>Empfohlenes Alter ab 8<\/label>Jahren<\/li>\n<li><label>Mindestanzahl an Spielern<\/label>2<\/li>\n<li><label>Anzahl der Spieler max.<\/label><\/li>\n<\/ul>\n","protected":false},"excerpt":{"rendered":"<p>SKYJO? So hei\u00dft das neue, spannende Spiel des Magilano-Verlags, das Spa\u00df und Unterhaltung f\u00fcr viele kommende Abende verspricht. Das Ziel des Kartenspiels SKYJO ist es, \u00fcber mehrere Runden hinweg so wenig Punkte wie m\u00f6glich zu sammeln, wobei die Punkte aller Spieler am Ende jeder Runde gez\u00e4hlt und zu ihrem individuellen Punktestand addiert werden. Sobald ein [&hellip;]<\/p>\n","protected":false},"featured_media":46055,"comment_status":"open","ping_status":"closed","template":"","meta":[],"product_cat":[1305,183,366,370,193],"product_tag":[],"class_list":{"0":"post-46250","1":"product","2":"type-product","3":"status-publish","4":"has-post-thumbnail","6":"product_cat-geschenke","7":"product_cat-geburtstag","8":"product_cat-geschenk-ecke","9":"product_cat-kinder","10":"product_cat-weihnachten","12":"first","13":"instock","14":"taxable","15":"shipping-taxable","16":"purchasable","17":"product-type-simple"},"_links":{"self":[{"href":"https:\/\/camaleoparty.ch\/de\/wp-json\/wp\/v2\/product\/46250","targetHints":{"allow":["GET"]}}],"collection":[{"href":"https:\/\/camaleoparty.ch\/de\/wp-json\/wp\/v2\/product"}],"about":[{"href":"https:\/\/camaleoparty.ch\/de\/wp-json\/wp\/v2\/types\/product"}],"replies":[{"embeddable":true,"href":"https:\/\/camaleoparty.ch\/de\/wp-json\/wp\/v2\/comments?post=46250"}],"wp:featuredmedia":[{"embeddable":true,"href":"https:\/\/camaleoparty.ch\/de\/wp-json\/wp\/v2\/media\/46055"}],"wp:attachment":[{"href":"https:\/\/camaleoparty.ch\/de\/wp-json\/wp\/v2\/media?parent=46250"}],"wp:term":[{"taxonomy":"product_cat","embeddable":true,"href":"https:\/\/camaleoparty.ch\/de\/wp-json\/wp\/v2\/product_cat?post=46250"},{"taxonomy":"product_tag","embeddable":true,"href":"https:\/\/camaleoparty.ch\/de\/wp-json\/wp\/v2\/product_tag?post=46250"}],"curies":[{"name":"wp","href":"https:\/\/api.w.org\/{rel}","templated":true}]}}