{"id":46218,"date":"2025-12-18T22:33:02","date_gmt":"2025-12-18T21:33:02","guid":{"rendered":"https:\/\/camaleoparty.ch\/product\/led-cake-topper-dinosaurier\/"},"modified":"2025-12-19T18:12:10","modified_gmt":"2025-12-19T17:12:10","slug":"led-cake-topper-dinosaurier","status":"publish","type":"product","link":"https:\/\/camaleoparty.ch\/de\/produkt\/led-cake-topper-dinosaurier\/","title":{"rendered":"LED Cake Topper Dinosaurier"},"content":{"rendered":"<p data-start=\"158\" data-end=\"305\">Wenn der Kuchen beleuchtet wird, ist der Effekt sofort sichtbar.<br data-start=\"207\" data-end=\"210\">Der <strong data-start=\"213\" data-end=\"242\">LED Cake Topper Dinosaurier<\/strong> verwandelt ein klassisches Dessert in eine echte Jurassic-Szene.<\/p>\n<p data-start=\"307\" data-end=\"538\">Das T-Rex-Design aus <strong data-start=\"327\" data-end=\"343\">Naturholz<\/strong> verleiht ihm Charakter, w\u00e4hrend die <strong data-start=\"381\" data-end=\"398\">eingebauten LEDs<\/strong> eine spektakul\u00e4re Atmosph\u00e4re schaffen, ohne die Tischdekoration zu belasten.<br data-start=\"462\" data-end=\"465\">Einfach in den Kuchen stecken, aufleuchten und den Tisch zum Br\u00fcllen bringen.<\/p>\n<p data-start=\"540\" data-end=\"640\">Perfekt f\u00fcr einen Geburtstag mit Dinosaurier-Thema, bei dem man einen bleibenden Eindruck hinterlassen m\u00f6chte &#8211; bei Gro\u00df und Klein.<\/p>\n<p data-start=\"642\" data-end=\"673\"><strong data-start=\"642\" data-end=\"673\">Was den Unterschied ausmacht :<\/strong><\/p>\n<ul data-start=\"674\" data-end=\"901\">\n<li data-start=\"674\" data-end=\"729\">\n<p data-start=\"676\" data-end=\"729\">Leuchttopper mit LEDs (Dauer- oder Blinkmodus)<\/p>\n<\/li>\n<li data-start=\"730\" data-end=\"775\">\n<p data-start=\"732\" data-end=\"775\">exklusives T-Rex-Design, starke visuelle Wirkung<\/p>\n<\/li>\n<li data-start=\"776\" data-end=\"827\">\n<p data-start=\"778\" data-end=\"827\">Holz, das f\u00fcr den Kontakt mit Lebensmitteln geeignet ist, Premium-Ausf\u00fchrung<\/p>\n<\/li>\n<li data-start=\"828\" data-end=\"865\">\n<p data-start=\"830\" data-end=\"865\">einfache Installation, ohne Montage<\/p>\n<\/li>\n<li data-start=\"866\" data-end=\"901\">\n<p data-start=\"868\" data-end=\"901\">inkl. Batterien, sofort einsatzbereit<\/p>\n<\/li>\n<\/ul>\n<p data-start=\"903\" data-end=\"925\"><strong data-start=\"903\" data-end=\"925\">Merkmale :<\/strong><\/p>\n<ul data-start=\"926\" data-end=\"1114\">\n<li data-start=\"926\" data-end=\"951\">\n<p data-start=\"928\" data-end=\"951\">Marke: ScrapCooking<\/p>\n<\/li>\n<li data-start=\"952\" data-end=\"992\">\n<p data-start=\"954\" data-end=\"992\">Material: Holz (Lebensmittelkontakt)<\/p>\n<\/li>\n<li data-start=\"993\" data-end=\"1024\">\n<p data-start=\"995\" data-end=\"1024\">Abmessungen: 15,3 \u00d7 13,8 cm<\/p>\n<\/li>\n<li data-start=\"1025\" data-end=\"1062\">\n<p data-start=\"1027\" data-end=\"1062\">LEDs mit Dauer- oder Blinkmodus<\/p>\n<\/li>\n<li data-start=\"1063\" data-end=\"1094\">\n<p data-start=\"1065\" data-end=\"1094\">Batterien enthalten: 2 \u00d7 CR2032<\/p>\n<\/li>\n<li data-start=\"1095\" data-end=\"1114\">\n<p data-start=\"1097\" data-end=\"1114\">einzeln verkauft<\/p>\n<\/li>\n<\/ul>\n<p data-start=\"1116\" data-end=\"1145\"><strong data-start=\"1116\" data-end=\"1145\">Pflege und Vorsichtsma\u00dfnahmen :<\/strong><\/p>\n<ul data-start=\"1146\" data-end=\"1362\">\n<li data-start=\"1146\" data-end=\"1191\">\n<p data-start=\"1148\" data-end=\"1191\">nicht sp\u00fclmaschinen- oder ofenfest<\/p>\n<\/li>\n<li data-start=\"1192\" data-end=\"1226\">\n<p data-start=\"1194\" data-end=\"1226\">nicht eintauchen, nicht verdrehen<\/p>\n<\/li>\n<li data-start=\"1227\" data-end=\"1294\">\n<p data-start=\"1229\" data-end=\"1294\">vor und nach Gebrauch mit einem leicht feuchten Schwamm reinigen<\/p>\n<\/li>\n<li data-start=\"1295\" data-end=\"1362\">\n<p data-start=\"1297\" data-end=\"1362\">Dies ist kein Spielzeug, halten Sie es von Kindern fern.<\/p>\n<\/li>\n<\/ul>\n","protected":false},"excerpt":{"rendered":"<p data-start=\"1388\" data-end=\"1515\">LED Cake Topper Dinosaurier aus Holz.<br data-start=\"1422\" data-end=\"1425\">Jurassic Lichteffekt, gebrauchsfertig, starke Dekoration f\u00fcr Dino-Thema Geburtstag.<\/p>\n","protected":false},"featured_media":46163,"comment_status":"open","ping_status":"closed","template":"","meta":[],"product_cat":[215,151,183],"product_tag":[],"class_list":{"0":"post-46218","1":"product","2":"type-product","3":"status-publish","4":"has-post-thumbnail","6":"product_cat-dinosaurier","7":"product_cat-cake-toppers-de","8":"product_cat-geburtstag","10":"first","11":"instock","12":"taxable","13":"shipping-taxable","14":"purchasable","15":"product-type-simple"},"_links":{"self":[{"href":"https:\/\/camaleoparty.ch\/de\/wp-json\/wp\/v2\/product\/46218","targetHints":{"allow":["GET"]}}],"collection":[{"href":"https:\/\/camaleoparty.ch\/de\/wp-json\/wp\/v2\/product"}],"about":[{"href":"https:\/\/camaleoparty.ch\/de\/wp-json\/wp\/v2\/types\/product"}],"replies":[{"embeddable":true,"href":"https:\/\/camaleoparty.ch\/de\/wp-json\/wp\/v2\/comments?post=46218"}],"wp:featuredmedia":[{"embeddable":true,"href":"https:\/\/camaleoparty.ch\/de\/wp-json\/wp\/v2\/media\/46163"}],"wp:attachment":[{"href":"https:\/\/camaleoparty.ch\/de\/wp-json\/wp\/v2\/media?parent=46218"}],"wp:term":[{"taxonomy":"product_cat","embeddable":true,"href":"https:\/\/camaleoparty.ch\/de\/wp-json\/wp\/v2\/product_cat?post=46218"},{"taxonomy":"product_tag","embeddable":true,"href":"https:\/\/camaleoparty.ch\/de\/wp-json\/wp\/v2\/product_tag?post=46218"}],"curies":[{"name":"wp","href":"https:\/\/api.w.org\/{rel}","templated":true}]}}