{"id":46213,"date":"2025-12-18T22:20:39","date_gmt":"2025-12-18T21:20:39","guid":{"rendered":"https:\/\/camaleoparty.ch\/product\/cake-topper-led-rakete\/"},"modified":"2025-12-19T18:12:05","modified_gmt":"2025-12-19T17:12:05","slug":"cake-topper-led-rakete","status":"publish","type":"product","link":"https:\/\/camaleoparty.ch\/de\/produkt\/cake-topper-led-rakete\/","title":{"rendered":"Cake topper led Rakete"},"content":{"rendered":"<p data-start=\"279\" data-end=\"453\">Ein Dessert&#8230; und sofort abheben.<br data-start=\"313\" data-end=\"316\">Dieser Raketen-Cake-Topper mit LEDs verwandelt Ihren Kuchen sofort in eine Weltraum-Szene.<\/p>\n<p data-start=\"455\" data-end=\"627\">Aus Naturholz, mit einem modernen, grafischen Design, verleiht er einen trendigen Touch, w\u00e4hrend die bunten LEDs die Party beleuchten. Einfach einpflanzen, einschalten und es funktioniert. <\/p>\n<p data-start=\"629\" data-end=\"732\">Perfekt f\u00fcr einen Geburtstag mit Weltraumthema oder f\u00fcr Kinder, die bereits von den Sternen tr\u00e4umen.<\/p>\n<p data-start=\"734\" data-end=\"772\">\u2728 <strong data-start=\"736\" data-end=\"770\">Warum er den Unterschied macht<\/strong><\/p>\n<ul data-start=\"773\" data-end=\"1024\">\n<li data-start=\"773\" data-end=\"838\">\n<p data-start=\"775\" data-end=\"838\">Beleuchteter Topper mit mehrfarbigen LEDs (stehend oder blinkend)<\/p>\n<\/li>\n<li data-start=\"839\" data-end=\"881\">\n<p data-start=\"841\" data-end=\"881\">Schlichtes Raketendesign, starke visuelle Wirkung<\/p>\n<\/li>\n<li data-start=\"882\" data-end=\"934\">\n<p data-start=\"884\" data-end=\"934\">F\u00fcr den Kontakt mit Lebensmitteln geeignetes Holz, sch\u00f6nes Finish<\/p>\n<\/li>\n<li data-start=\"935\" data-end=\"971\">\n<p data-start=\"937\" data-end=\"971\">Einfache Nutzung, ohne Montage<\/p>\n<\/li>\n<li data-start=\"972\" data-end=\"1007\">\n<p data-start=\"974\" data-end=\"1007\">Inklusive Batterien, sofort einsatzbereit<\/p>\n<\/li>\n<li data-start=\"1008\" data-end=\"1024\">\n<p data-start=\"1010\" data-end=\"1024\">Wiederverwendbar<\/p>\n<\/li>\n<li data-start=\"1008\" data-end=\"1024\">\n<p data-start=\"1010\" data-end=\"1024\">Abmessungen: 13,8 \u00d7 8,6 \u00d7 0,3 cm<\/p>\n<\/li>\n<\/ul>\n<p data-start=\"1235\" data-end=\"1267\">\ud83e\uddfd <strong data-start=\"1238\" data-end=\"1265\">Pflege &amp; Vorsichtsma\u00dfnahmen<\/strong><\/p>\n<ul data-start=\"1268\" data-end=\"1417\">\n<li data-start=\"1268\" data-end=\"1312\">\n<p data-start=\"1270\" data-end=\"1312\">Nicht sp\u00fclmaschinen- oder ofenfest<\/p>\n<\/li>\n<li data-start=\"1313\" data-end=\"1342\">\n<p data-start=\"1315\" data-end=\"1342\">Nicht eintauchen oder verdrehen<\/p>\n<\/li>\n<li data-start=\"1343\" data-end=\"1389\">\n<p data-start=\"1345\" data-end=\"1389\">Mit einem leicht feuchten Schwamm reinigen<\/p>\n<\/li>\n<\/ul>\n","protected":false},"excerpt":{"rendered":"<p data-start=\"1441\" data-end=\"1547\">Lichtdekoration Thema Raum, sofortiger Wow-Effekt, sofort einsatzbereit.<\/p>\n","protected":false},"featured_media":46160,"comment_status":"open","ping_status":"closed","template":"","meta":[],"product_cat":[340,151,183,327],"product_tag":[],"class_list":{"0":"post-46213","1":"product","2":"type-product","3":"status-publish","4":"has-post-thumbnail","6":"product_cat-weltraum","7":"product_cat-cake-toppers-de","8":"product_cat-geburtstag","9":"product_cat-kochen","11":"first","12":"instock","13":"taxable","14":"shipping-taxable","15":"purchasable","16":"product-type-simple"},"_links":{"self":[{"href":"https:\/\/camaleoparty.ch\/de\/wp-json\/wp\/v2\/product\/46213","targetHints":{"allow":["GET"]}}],"collection":[{"href":"https:\/\/camaleoparty.ch\/de\/wp-json\/wp\/v2\/product"}],"about":[{"href":"https:\/\/camaleoparty.ch\/de\/wp-json\/wp\/v2\/types\/product"}],"replies":[{"embeddable":true,"href":"https:\/\/camaleoparty.ch\/de\/wp-json\/wp\/v2\/comments?post=46213"}],"wp:featuredmedia":[{"embeddable":true,"href":"https:\/\/camaleoparty.ch\/de\/wp-json\/wp\/v2\/media\/46160"}],"wp:attachment":[{"href":"https:\/\/camaleoparty.ch\/de\/wp-json\/wp\/v2\/media?parent=46213"}],"wp:term":[{"taxonomy":"product_cat","embeddable":true,"href":"https:\/\/camaleoparty.ch\/de\/wp-json\/wp\/v2\/product_cat?post=46213"},{"taxonomy":"product_tag","embeddable":true,"href":"https:\/\/camaleoparty.ch\/de\/wp-json\/wp\/v2\/product_tag?post=46213"}],"curies":[{"name":"wp","href":"https:\/\/api.w.org\/{rel}","templated":true}]}}