{"id":46199,"date":"2025-12-15T10:22:38","date_gmt":"2025-12-15T09:22:38","guid":{"rendered":"https:\/\/camaleoparty.ch\/product\/sticker-tiere-auf-dem-land-120-sticker\/"},"modified":"2025-12-19T18:10:23","modified_gmt":"2025-12-19T17:10:23","slug":"sticker-tiere-auf-dem-land-120-sticker","status":"publish","type":"product","link":"https:\/\/camaleoparty.ch\/de\/produkt\/sticker-tiere-auf-dem-land-120-sticker\/","title":{"rendered":"Sticker Tiere auf dem Land &#8211; 120 Sticker"},"content":{"rendered":"<p data-start=\"454\" data-end=\"734\">Eine Auswahl von <strong data-start=\"472\" data-end=\"498\">120 bunten Gummib\u00e4rchen<\/strong>, um die Welt des Landes zwischen <strong data-start=\"546\" data-end=\"569\">Bergen und Wiesen<\/strong> zu entdecken.<br data-start=\"570\" data-end=\"573\">W\u00f6lfe, B\u00e4ren, F\u00fcchse, Eichh\u00f6rnchen, K\u00fche, Schafe, Enten, Fr\u00f6sche und viele andere Tiere laden die Kinder ein, zu kreieren, sich etwas vorzustellen und spielerisch zu lernen.<\/p>\n<p data-start=\"736\" data-end=\"1016\">Gummib\u00e4rchen sind <strong data-start=\"755\" data-end=\"775\">wiederverwendbar<\/strong> und ideal f\u00fcr kleine H\u00e4nde: aufkleben, abziehen, neu beginnen &#8211; ohne Stress. Sie haften auf vielen Untergr\u00fcnden (Papier, Karton, Holz, Kunststoff, Glas) und erm\u00f6glichen es, spielerische Collagen zu erstellen oder Zeichnungen zu verzieren. <\/p>\n<p data-start=\"1018\" data-end=\"1182\">Eine einfache und kreative Aktivit\u00e4t, um die <strong data-start=\"1069\" data-end=\"1087\">Feinmotorik<\/strong> und die <strong data-start=\"1092\" data-end=\"1106\">Kreativit\u00e4t<\/strong> zu entwickeln und auf spielerische Weise zu lernen, <strong data-start=\"1122\" data-end=\"1164\">die Tiere des Landes zu erkennen<\/strong>.<\/p>\n<h3 data-start=\"1184\" data-end=\"1202\"><strong data-start=\"1188\" data-end=\"1202\">Schl\u00fcsselinformationen<\/strong><\/h3>\n<ul data-start=\"1203\" data-end=\"1529\">\n<li data-start=\"1203\" data-end=\"1262\">\n<p data-start=\"1205\" data-end=\"1262\"><strong data-start=\"1205\" data-end=\"1218\">Inhalt:<\/strong> 4 B\u00f6gen mit je 30 Gummib\u00e4rchen (insgesamt 120)<\/p>\n<\/li>\n<li data-start=\"1263\" data-end=\"1307\">\n<p data-start=\"1265\" data-end=\"1307\"><strong data-start=\"1265\" data-end=\"1276\">Thema:<\/strong> Land, Berge &amp; Wiesen<\/p>\n<\/li>\n<li data-start=\"1308\" data-end=\"1424\">\n<p data-start=\"1310\" data-end=\"1424\"><strong data-start=\"1310\" data-end=\"1323\">Tiere:<\/strong> W\u00f6lfe, B\u00e4ren, F\u00fcchse, Eichh\u00f6rnchen, Luchse, Biber, Murmeltiere, Kuh, Schaf, Huhn, Ente, Frosch&#8230;<\/p>\n<\/li>\n<li data-start=\"1425\" data-end=\"1459\">\n<p data-start=\"1427\" data-end=\"1459\"><strong data-start=\"1427\" data-end=\"1457\">Wiederverwendbare Gummib\u00e4nder<\/strong><\/p>\n<\/li>\n<li data-start=\"1460\" data-end=\"1529\">\n<p data-start=\"1462\" data-end=\"1529\"><strong data-start=\"1462\" data-end=\"1488\">Kompatible Medien:<\/strong> Papier, Karton, Holz, Kunststoff, Glas<\/p>\n<\/li>\n<\/ul>\n","protected":false},"excerpt":{"rendered":"<p>Eine Auswahl von 120 bunten Gummib\u00e4rchen, um die Welt des Landes zwischen Bergen und Wiesen zu entdecken.W\u00f6lfe, B\u00e4ren, F\u00fcchse, Eichh\u00f6rnchen, K\u00fche, Schafe, Enten, Fr\u00f6sche und viele andere Tiere laden die Kinder ein, zu kreieren, sich etwas vorzustellen und spielerisch zu lernen. Gummib\u00e4rchen sind wiederverwendbar und ideal f\u00fcr kleine H\u00e4nde: aufkleben, abziehen, neu beginnen &#8211; ohne [&hellip;]<\/p>\n","protected":false},"featured_media":46115,"comment_status":"open","ping_status":"closed","template":"","meta":[],"product_cat":[183,1305,1313,820,370,1203,199,1169,598],"product_tag":[],"class_list":{"0":"post-46199","1":"product","2":"type-product","3":"status-publish","4":"has-post-thumbnail","6":"product_cat-geburtstag","7":"product_cat-geschenke","8":"product_cat-gummibarchen","9":"product_cat-kaninchen","10":"product_cat-kinder","11":"product_cat-nutztiere","12":"product_cat-papierwaren","13":"product_cat-teddybar-kollektion","14":"product_cat-waldgebiet","16":"first","17":"instock","18":"taxable","19":"shipping-taxable","20":"purchasable","21":"product-type-simple"},"_links":{"self":[{"href":"https:\/\/camaleoparty.ch\/de\/wp-json\/wp\/v2\/product\/46199","targetHints":{"allow":["GET"]}}],"collection":[{"href":"https:\/\/camaleoparty.ch\/de\/wp-json\/wp\/v2\/product"}],"about":[{"href":"https:\/\/camaleoparty.ch\/de\/wp-json\/wp\/v2\/types\/product"}],"replies":[{"embeddable":true,"href":"https:\/\/camaleoparty.ch\/de\/wp-json\/wp\/v2\/comments?post=46199"}],"wp:featuredmedia":[{"embeddable":true,"href":"https:\/\/camaleoparty.ch\/de\/wp-json\/wp\/v2\/media\/46115"}],"wp:attachment":[{"href":"https:\/\/camaleoparty.ch\/de\/wp-json\/wp\/v2\/media?parent=46199"}],"wp:term":[{"taxonomy":"product_cat","embeddable":true,"href":"https:\/\/camaleoparty.ch\/de\/wp-json\/wp\/v2\/product_cat?post=46199"},{"taxonomy":"product_tag","embeddable":true,"href":"https:\/\/camaleoparty.ch\/de\/wp-json\/wp\/v2\/product_tag?post=46199"}],"curies":[{"name":"wp","href":"https:\/\/api.w.org\/{rel}","templated":true}]}}