{"id":46197,"date":"2025-12-14T21:11:49","date_gmt":"2025-12-14T20:11:49","guid":{"rendered":"https:\/\/camaleoparty.ch\/product\/brasilianische-armbaender-fuer-jungen-kreativset\/"},"modified":"2025-12-19T18:10:11","modified_gmt":"2025-12-19T17:10:11","slug":"brasilianische-armbaender-fuer-jungen-kreativset","status":"publish","type":"product","link":"https:\/\/camaleoparty.ch\/de\/produkt\/brasilianische-armbaender-fuer-jungen-kreativset\/","title":{"rendered":"Brasilianische Armb\u00e4nder f\u00fcr Jungen &#8211; Kreativset"},"content":{"rendered":"<p data-start=\"432\" data-end=\"736\">Entdecken Sie verschiedene Webtechniken, um <strong data-start=\"486\" data-end=\"530\">bis zu 10 trendige brasilianische Armb\u00e4nder<\/strong> zu kreieren, die Sie selbst tragen oder an Ihre Freunde verschenken k\u00f6nnen.<br data-start=\"564\" data-end=\"567\">Dieses kreative Set enth\u00e4lt zahlreiche Accessoires: <strong data-start=\"621\" data-end=\"697\">Baumwollgarn, gewachstes Seil, Perlen, Charms und ein Kunstlederarmband<\/strong>, um die Stile und W\u00fcnsche zu variieren.<\/p>\n<p data-start=\"738\" data-end=\"923\">Das <strong data-start=\"741\" data-end=\"759\">Schaumstoffrad<\/strong> oder der <strong data-start=\"766\" data-end=\"778\">Saugnapf<\/strong> halten das Armband w\u00e4hrend der Gestaltung fest an seinem Platz. Die <strong data-start=\"849\" data-end=\"881\">farbig illustrierte Anleitung<\/strong> ist eine Schritt-f\u00fcr-Schritt-Anleitung, die auch f\u00fcr Anf\u00e4nger geeignet ist. <\/p>\n<h3 data-start=\"925\" data-end=\"943\"><strong data-start=\"929\" data-end=\"943\">Schl\u00fcsselinformationen<\/strong><\/h3>\n<ul data-start=\"944\" data-end=\"1214\">\n<li data-start=\"944\" data-end=\"978\">\n<p data-start=\"946\" data-end=\"978\"><strong data-start=\"946\" data-end=\"966\">Empfohlenes Alter:<\/strong> ab 8 Jahren<\/p>\n<\/li>\n<li data-start=\"979\" data-end=\"1029\">\n<p data-start=\"981\" data-end=\"1029\"><strong data-start=\"981\" data-end=\"1006\">M\u00f6gliche Kreationen:<\/strong> bis zu 10 Armb\u00e4nder<\/p>\n<\/li>\n<li data-start=\"1030\" data-end=\"1118\">\n<p data-start=\"1032\" data-end=\"1118\"><strong data-start=\"1032\" data-end=\"1045\">Inhalt:<\/strong> Baumwollgarn, gewachste Schnur, Perlen, Charms, Armband aus Kunstleder<\/p>\n<\/li>\n<li data-start=\"1119\" data-end=\"1175\">\n<p data-start=\"1121\" data-end=\"1175\"><strong data-start=\"1121\" data-end=\"1146\">Kreative Unterst\u00fctzung:<\/strong> Schaumstoffrad und Saugnapf<\/p>\n<\/li>\n<li data-start=\"1176\" data-end=\"1214\">\n<p data-start=\"1178\" data-end=\"1214\"><strong data-start=\"1178\" data-end=\"1190\">Merkblatt:<\/strong> farbig illustriert<\/p>\n<\/li>\n<\/ul>\n","protected":false},"excerpt":{"rendered":"<p>Entdecken Sie verschiedene Webtechniken, um bis zu 10 trendige brasilianische Armb\u00e4nder zu kreieren, die Sie selbst tragen oder an Ihre Freunde verschenken k\u00f6nnen.Dieses kreative Set enth\u00e4lt zahlreiche Accessoires: Baumwollgarn, gewachstes Seil, Perlen, Charms und ein Kunstlederarmband, um die Stile und W\u00fcnsche zu variieren. Das Schaumstoffrad oder der Saugnapf halten das Armband w\u00e4hrend der Gestaltung fest [&hellip;]<\/p>\n","protected":false},"featured_media":46104,"comment_status":"open","ping_status":"closed","template":"","meta":[],"product_cat":[183,366,1305,370],"product_tag":[],"class_list":{"0":"post-46197","1":"product","2":"type-product","3":"status-publish","4":"has-post-thumbnail","6":"product_cat-geburtstag","7":"product_cat-geschenk-ecke","8":"product_cat-geschenke","9":"product_cat-kinder","11":"first","12":"instock","13":"taxable","14":"shipping-taxable","15":"purchasable","16":"product-type-simple"},"_links":{"self":[{"href":"https:\/\/camaleoparty.ch\/de\/wp-json\/wp\/v2\/product\/46197","targetHints":{"allow":["GET"]}}],"collection":[{"href":"https:\/\/camaleoparty.ch\/de\/wp-json\/wp\/v2\/product"}],"about":[{"href":"https:\/\/camaleoparty.ch\/de\/wp-json\/wp\/v2\/types\/product"}],"replies":[{"embeddable":true,"href":"https:\/\/camaleoparty.ch\/de\/wp-json\/wp\/v2\/comments?post=46197"}],"wp:featuredmedia":[{"embeddable":true,"href":"https:\/\/camaleoparty.ch\/de\/wp-json\/wp\/v2\/media\/46104"}],"wp:attachment":[{"href":"https:\/\/camaleoparty.ch\/de\/wp-json\/wp\/v2\/media?parent=46197"}],"wp:term":[{"taxonomy":"product_cat","embeddable":true,"href":"https:\/\/camaleoparty.ch\/de\/wp-json\/wp\/v2\/product_cat?post=46197"},{"taxonomy":"product_tag","embeddable":true,"href":"https:\/\/camaleoparty.ch\/de\/wp-json\/wp\/v2\/product_tag?post=46197"}],"curies":[{"name":"wp","href":"https:\/\/api.w.org\/{rel}","templated":true}]}}