{"id":46194,"date":"2025-12-14T21:21:42","date_gmt":"2025-12-14T20:21:42","guid":{"rendered":"https:\/\/camaleoparty.ch\/product\/holzperlenbox-13-stile-fuer-kreativen-schmuck\/"},"modified":"2025-12-19T18:10:06","modified_gmt":"2025-12-19T17:10:06","slug":"holzperlenbox-13-stile-fuer-kreativen-schmuck","status":"publish","type":"product","link":"https:\/\/camaleoparty.ch\/de\/produkt\/holzperlenbox-13-stile-fuer-kreativen-schmuck\/","title":{"rendered":"Holzperlenbox &#8211; 13 Stile f\u00fcr kreativen Schmuck"},"content":{"rendered":"<p data-start=\"454\" data-end=\"716\">Eine praktische Box mit <strong data-start=\"483\" data-end=\"525\">13 verschiedenen Arten von Holzperlen<\/strong>, mit denen Sie einzigartige und trendige Schmuckst\u00fccke kreieren k\u00f6nnen.<br data-start=\"568\" data-end=\"571\">Naturholzperlen, gold- und silberfarbene Designs und <strong data-start=\"636\" data-end=\"654\">Buchstabenperlen<\/strong>: Sie k\u00f6nnen Formen, Farben und Stile nach Ihren W\u00fcnschen kombinieren.<\/p>\n<p data-start=\"718\" data-end=\"906\">Die <strong data-start=\"721\" data-end=\"758\">unterteilte Aufbewahrungsbox<\/strong> sorgt daf\u00fcr, dass die Perlen gut getrennt und immer griffbereit sind. Ideal f\u00fcr die Herstellung von Armb\u00e4ndern, Halsketten und anderen kleinen kreativen Accessoires. <\/p>\n<h3 data-start=\"908\" data-end=\"926\"><strong data-start=\"912\" data-end=\"926\">Schl\u00fcsselinformationen<\/strong><\/h3>\n<ul data-start=\"927\" data-end=\"1137\">\n<li data-start=\"927\" data-end=\"972\">\n<p data-start=\"929\" data-end=\"972\"><strong data-start=\"929\" data-end=\"942\">Inhalt:<\/strong> 13 Arten von Holzperlen<\/p>\n<\/li>\n<li data-start=\"973\" data-end=\"1028\">\n<p data-start=\"975\" data-end=\"1028\"><strong data-start=\"975\" data-end=\"989\">Farben:<\/strong> Naturholz, gold, Silber, Buchstaben<\/p>\n<\/li>\n<li data-start=\"1029\" data-end=\"1065\">\n<p data-start=\"1031\" data-end=\"1065\"><strong data-start=\"1031\" data-end=\"1048\">Gesamtgewicht:<\/strong> 90 g Perlen<\/p>\n<\/li>\n<li data-start=\"1066\" data-end=\"1102\">\n<p data-start=\"1068\" data-end=\"1102\"><strong data-start=\"1068\" data-end=\"1092\">Aufbewahrungsbox:<\/strong> inbegriffen<\/p>\n<\/li>\n<li data-start=\"1103\" data-end=\"1137\">\n<p data-start=\"1105\" data-end=\"1137\"><strong data-start=\"1105\" data-end=\"1125\">Empfohlenes Alter:<\/strong> ab 5 Jahren<\/p>\n<\/li>\n<\/ul>\n","protected":false},"excerpt":{"rendered":"<p data-start=\"454\" data-end=\"716\">Eine praktische Box mit <strong data-start=\"483\" data-end=\"525\">13 verschiedenen Arten von Holzperlen<\/strong>, mit denen Sie einzigartige und trendige Schmuckst\u00fccke kreieren k\u00f6nnen.<br data-start=\"568\" data-end=\"571\">Naturholzperlen, gold- und silberfarbene Designs und <strong data-start=\"636\" data-end=\"654\">Buchstabenperlen<\/strong>: Sie k\u00f6nnen Formen, Farben und Stile nach Ihren W\u00fcnschen kombinieren.<\/p>\n<p data-start=\"718\" data-end=\"906\">Die <strong data-start=\"721\" data-end=\"758\">unterteilte Aufbewahrungsbox<\/strong> sorgt daf\u00fcr, dass die Perlen gut getrennt und immer griffbereit sind. Ideal f\u00fcr die Herstellung von Armb\u00e4ndern, Halsketten und anderen kleinen kreativen Accessoires. <\/p>\n<h3 data-start=\"908\" data-end=\"926\"><strong data-start=\"912\" data-end=\"926\">Schl\u00fcsselinformationen<\/strong><\/h3>\n<ul data-start=\"927\" data-end=\"1137\">\n<li data-start=\"927\" data-end=\"972\">\n<p data-start=\"929\" data-end=\"972\"><strong data-start=\"929\" data-end=\"942\">Inhalt:<\/strong> 13 Arten von Holzperlen<\/p>\n<\/li>\n<li data-start=\"973\" data-end=\"1028\">\n<p data-start=\"975\" data-end=\"1028\"><strong data-start=\"975\" data-end=\"989\">Farben:<\/strong> Naturholz, gold, Silber, Buchstaben<\/p>\n<\/li>\n<li data-start=\"1029\" data-end=\"1065\">\n<p data-start=\"1031\" data-end=\"1065\"><strong data-start=\"1031\" data-end=\"1048\">Gesamtgewicht:<\/strong> 90 g Perlen<\/p>\n<\/li>\n<li data-start=\"1066\" data-end=\"1102\">\n<p data-start=\"1068\" data-end=\"1102\"><strong data-start=\"1068\" data-end=\"1092\">Aufbewahrungsbox:<\/strong> inbegriffen<\/p>\n<\/li>\n<li data-start=\"1103\" data-end=\"1137\">\n<p data-start=\"1105\" data-end=\"1137\"><strong data-start=\"1105\" data-end=\"1125\">Empfohlenes Alter:<\/strong> ab 5 Jahren<\/p>\n<\/li>\n<\/ul>\n","protected":false},"featured_media":46111,"comment_status":"open","ping_status":"closed","template":"","meta":[],"product_cat":[1309,185,183,385,366,1305,391,1310,370,138,193],"product_tag":[],"class_list":{"0":"post-46194","1":"product","2":"type-product","3":"status-publish","4":"has-post-thumbnail","6":"product_cat-ambiente-und-animationen-fur-den-junggesellenabschied","7":"product_cat-baby-shower-de","8":"product_cat-geburtstag","9":"product_cat-gender-reveal-party-de","10":"product_cat-geschenk-ecke","11":"product_cat-geschenke","12":"product_cat-hen-party-polter-abend","13":"product_cat-hey-baby-naturliche-und-trendige-babyshower","14":"product_cat-kinder","15":"product_cat-kit-diy-de","16":"product_cat-weihnachten","18":"first","19":"instock","20":"taxable","21":"shipping-taxable","22":"purchasable","23":"product-type-simple"},"_links":{"self":[{"href":"https:\/\/camaleoparty.ch\/de\/wp-json\/wp\/v2\/product\/46194","targetHints":{"allow":["GET"]}}],"collection":[{"href":"https:\/\/camaleoparty.ch\/de\/wp-json\/wp\/v2\/product"}],"about":[{"href":"https:\/\/camaleoparty.ch\/de\/wp-json\/wp\/v2\/types\/product"}],"replies":[{"embeddable":true,"href":"https:\/\/camaleoparty.ch\/de\/wp-json\/wp\/v2\/comments?post=46194"}],"wp:featuredmedia":[{"embeddable":true,"href":"https:\/\/camaleoparty.ch\/de\/wp-json\/wp\/v2\/media\/46111"}],"wp:attachment":[{"href":"https:\/\/camaleoparty.ch\/de\/wp-json\/wp\/v2\/media?parent=46194"}],"wp:term":[{"taxonomy":"product_cat","embeddable":true,"href":"https:\/\/camaleoparty.ch\/de\/wp-json\/wp\/v2\/product_cat?post=46194"},{"taxonomy":"product_tag","embeddable":true,"href":"https:\/\/camaleoparty.ch\/de\/wp-json\/wp\/v2\/product_tag?post=46194"}],"curies":[{"name":"wp","href":"https:\/\/api.w.org\/{rel}","templated":true}]}}