{"id":46189,"date":"2025-12-14T11:54:17","date_gmt":"2025-12-14T10:54:17","guid":{"rendered":"https:\/\/camaleoparty.ch\/product\/lcd-zeichentablett-be-teens\/"},"modified":"2025-12-19T18:09:57","modified_gmt":"2025-12-19T17:09:57","slug":"lcd-zeichentablett-be-teens","status":"publish","type":"product","link":"https:\/\/camaleoparty.ch\/de\/produkt\/lcd-zeichentablett-be-teens\/","title":{"rendered":"LCD-Zeichentablett BE TEENS"},"content":{"rendered":"<p data-start=\"165\" data-end=\"435\">Mit dem <strong data-start=\"216\" data-end=\"250\">LCD-Zeichentablett BE TEENS<\/strong> von BUKI k\u00f6nnen Sie \u00fcberall schreiben, zeichnen oder Notizen machen.<br data-start=\"259\" data-end=\"262\">Die Bedienung ist kinderleicht: Sie schreiben mit dem Stift wie auf Papier und l\u00f6schen mit einem Klick auf die entsprechende Taste. Keine Tinte, keine Bl\u00e4tter, kein Chaos. <\/p>\n<p data-start=\"437\" data-end=\"697\">Leicht (nur 100 g) und einfach zu transportieren, ist es perfekt f\u00fcr zu Hause, auf Reisen oder in ruhigen Momenten. Ein Knopf auf der R\u00fcckseite erm\u00f6glicht es, <strong data-start=\"588\" data-end=\"613\">die Zeichnung zu sperren<\/strong>, um ein versehentliches L\u00f6schen zu verhindern &#8211; praktisch, wenn das Werk ein &#8222;Meisterwerk&#8220; ist. <\/p>\n<h3 data-start=\"699\" data-end=\"717\"><strong data-start=\"703\" data-end=\"717\">Schl\u00fcsselinformationen<\/strong><\/h3>\n<ul data-start=\"718\" data-end=\"967\">\n<li data-start=\"718\" data-end=\"752\">\n<p data-start=\"720\" data-end=\"752\"><strong data-start=\"720\" data-end=\"740\">Empfohlenes Alter:<\/strong> ab 4 Jahren<\/p>\n<\/li>\n<li data-start=\"753\" data-end=\"808\">\n<p data-start=\"755\" data-end=\"808\"><strong data-start=\"755\" data-end=\"770\">Funktionen:<\/strong> Schreiben, Zeichnen, Notizen machen<\/p>\n<\/li>\n<li data-start=\"809\" data-end=\"844\">\n<p data-start=\"811\" data-end=\"844\"><strong data-start=\"811\" data-end=\"827\">L\u00f6schen:<\/strong> eingebaute Taste<\/p>\n<\/li>\n<li data-start=\"845\" data-end=\"881\">\n<p data-start=\"847\" data-end=\"881\"><strong data-start=\"847\" data-end=\"875\">Zeichnungssperre:<\/strong> ja<\/p>\n<\/li>\n<li data-start=\"882\" data-end=\"903\">\n<p data-start=\"884\" data-end=\"903\"><strong data-start=\"884\" data-end=\"895\">Gewicht:<\/strong> 100 g<\/p>\n<\/li>\n<li data-start=\"904\" data-end=\"937\">\n<p data-start=\"906\" data-end=\"937\"><strong data-start=\"906\" data-end=\"922\">Gr\u00f6\u00dfe:<\/strong> 22 \u00d7 14,5 cm<\/p>\n<\/li>\n<li data-start=\"938\" data-end=\"967\">\n<p data-start=\"940\" data-end=\"967\"><strong data-start=\"940\" data-end=\"950\">Batterie:<\/strong> CR2016 inbegriffen<\/p>\n<\/li>\n<\/ul>\n","protected":false},"excerpt":{"rendered":"<p>Mit dem LCD-Zeichentablett BE TEENS von BUKI k\u00f6nnen Sie \u00fcberall schreiben, zeichnen oder Notizen machen.Die Bedienung ist kinderleicht: Sie schreiben mit dem Stift wie auf Papier und l\u00f6schen mit einem Klick auf die entsprechende Taste. Keine Tinte, keine Bl\u00e4tter, kein Chaos. Leicht (nur 100 g) und einfach zu transportieren, ist es perfekt f\u00fcr zu Hause, [&hellip;]<\/p>\n","protected":false},"featured_media":46086,"comment_status":"open","ping_status":"closed","template":"","meta":[],"product_cat":[183,366,1305,370,193],"product_tag":[],"class_list":{"0":"post-46189","1":"product","2":"type-product","3":"status-publish","4":"has-post-thumbnail","6":"product_cat-geburtstag","7":"product_cat-geschenk-ecke","8":"product_cat-geschenke","9":"product_cat-kinder","10":"product_cat-weihnachten","12":"first","13":"instock","14":"taxable","15":"shipping-taxable","16":"purchasable","17":"product-type-simple"},"_links":{"self":[{"href":"https:\/\/camaleoparty.ch\/de\/wp-json\/wp\/v2\/product\/46189","targetHints":{"allow":["GET"]}}],"collection":[{"href":"https:\/\/camaleoparty.ch\/de\/wp-json\/wp\/v2\/product"}],"about":[{"href":"https:\/\/camaleoparty.ch\/de\/wp-json\/wp\/v2\/types\/product"}],"replies":[{"embeddable":true,"href":"https:\/\/camaleoparty.ch\/de\/wp-json\/wp\/v2\/comments?post=46189"}],"wp:featuredmedia":[{"embeddable":true,"href":"https:\/\/camaleoparty.ch\/de\/wp-json\/wp\/v2\/media\/46086"}],"wp:attachment":[{"href":"https:\/\/camaleoparty.ch\/de\/wp-json\/wp\/v2\/media?parent=46189"}],"wp:term":[{"taxonomy":"product_cat","embeddable":true,"href":"https:\/\/camaleoparty.ch\/de\/wp-json\/wp\/v2\/product_cat?post=46189"},{"taxonomy":"product_tag","embeddable":true,"href":"https:\/\/camaleoparty.ch\/de\/wp-json\/wp\/v2\/product_tag?post=46189"}],"curies":[{"name":"wp","href":"https:\/\/api.w.org\/{rel}","templated":true}]}}