{"id":46188,"date":"2025-12-12T01:06:24","date_gmt":"2025-12-12T00:06:24","guid":{"rendered":"https:\/\/camaleoparty.ch\/product\/schokoladenfabrik\/"},"modified":"2025-12-19T18:09:55","modified_gmt":"2025-12-19T17:09:55","slug":"schokoladenfabrik","status":"publish","type":"product","link":"https:\/\/camaleoparty.ch\/de\/produkt\/schokoladenfabrik\/","title":{"rendered":"SCHOKOLADENFABRIK &#8211;"},"content":{"rendered":"<p>Ideal f\u00fcr Fondues, zum \u00dcberziehen oder f\u00fcr die Herstellung von S\u00fc\u00dfigkeiten wie Marshmallows! PERFEKTE GR\u00d6\u00dfE &#8211; Die Gr\u00f6\u00dfe ist perfekt f\u00fcr 2 bis 4 Personen und spart Platz in Ihren Schr\u00e4nken! DESIGN &#8211; Das elegante Design ist ein echter Hingucker auf Ihrem Tisch, bei Snacks oder Geburtstagsfeiern!  <\/p>\n","protected":false},"excerpt":{"rendered":"<p>Ideal f\u00fcr Fondues, zum \u00dcberziehen oder f\u00fcr die Herstellung von S\u00fc\u00dfigkeiten wie Marshmallows! PERFEKTE GR\u00d6\u00dfE &#8211; Die Gr\u00f6\u00dfe ist perfekt f\u00fcr 2 bis 4 Personen und spart Platz in Ihren Schr\u00e4nken! DESIGN &#8211; Das elegante Design ist ein echter Hingucker auf Ihrem Tisch, bei Snacks oder Geburtstagsfeiern!<\/p>\n","protected":false},"featured_media":46070,"comment_status":"open","ping_status":"closed","template":"","meta":[],"product_cat":[193,366,1305,372,1308],"product_tag":[],"class_list":{"0":"post-46188","1":"product","2":"type-product","3":"status-publish","4":"has-post-thumbnail","6":"product_cat-weihnachten","7":"product_cat-geschenk-ecke","8":"product_cat-geschenke","9":"product_cat-haus","10":"product_cat-weihnachtstisch-festliche-dekoration-und-accessoires","12":"first","13":"onbackorder","14":"taxable","15":"shipping-taxable","16":"purchasable","17":"product-type-simple"},"_links":{"self":[{"href":"https:\/\/camaleoparty.ch\/de\/wp-json\/wp\/v2\/product\/46188","targetHints":{"allow":["GET"]}}],"collection":[{"href":"https:\/\/camaleoparty.ch\/de\/wp-json\/wp\/v2\/product"}],"about":[{"href":"https:\/\/camaleoparty.ch\/de\/wp-json\/wp\/v2\/types\/product"}],"replies":[{"embeddable":true,"href":"https:\/\/camaleoparty.ch\/de\/wp-json\/wp\/v2\/comments?post=46188"}],"wp:featuredmedia":[{"embeddable":true,"href":"https:\/\/camaleoparty.ch\/de\/wp-json\/wp\/v2\/media\/46070"}],"wp:attachment":[{"href":"https:\/\/camaleoparty.ch\/de\/wp-json\/wp\/v2\/media?parent=46188"}],"wp:term":[{"taxonomy":"product_cat","embeddable":true,"href":"https:\/\/camaleoparty.ch\/de\/wp-json\/wp\/v2\/product_cat?post=46188"},{"taxonomy":"product_tag","embeddable":true,"href":"https:\/\/camaleoparty.ch\/de\/wp-json\/wp\/v2\/product_tag?post=46188"}],"curies":[{"name":"wp","href":"https:\/\/api.w.org\/{rel}","templated":true}]}}