{"id":46181,"date":"2025-12-10T13:26:51","date_gmt":"2025-12-10T12:26:51","guid":{"rendered":"https:\/\/camaleoparty.ch\/product\/kartenspiel-skyjo-junior\/"},"modified":"2025-12-19T18:09:28","modified_gmt":"2025-12-19T17:09:28","slug":"kartenspiel-skyjo-junior","status":"publish","type":"product","link":"https:\/\/camaleoparty.ch\/de\/produkt\/kartenspiel-skyjo-junior\/","title":{"rendered":"Kartenspiel SKYJO JUNIOR"},"content":{"rendered":"<p data-start=\"182\" data-end=\"692\">SKYJO Junior ist die fruchtige und leicht zug\u00e4ngliche Version des ber\u00fchmten Spiels von Magilano &#8211; speziell f\u00fcr die J\u00fcngsten (und f\u00fcr Erwachsene, die nie &#8222;nur ein bisschen spielen&#8220; k\u00f6nnen).<br data-start=\"379\" data-end=\"382\">Das Spielprinzip ist einfach und sehr anspruchsvoll: <strong data-start=\"425\" data-end=\"509\">Bilden Sie Spalten mit drei gleichen Fr\u00fcchten, um m\u00f6glichst viele Punkte zu erzielen<\/strong>.<br data-start=\"510\" data-end=\"513\">Schnell zu erkl\u00e4ren, dynamisch zu spielen und ideal zur F\u00f6rderung von Konzentration, Beobachtung und Freude am Gewinnen&#8230; auch bei Vierj\u00e4hrigen, die behaupten, nicht wettbewerbsf\u00e4hig zu sein.<\/p>\n<p data-start=\"694\" data-end=\"902\">Perfekt f\u00fcr die Familie, an verregneten Nachmittagen oder um die Kinder zu besch\u00e4ftigen, w\u00e4hrend Sie eine Party vorbereiten. Ein einfaches Spiel f\u00fcr die Kleinen, ein lustiges Spiel f\u00fcr die Gro\u00dfen &#8211; kurz gesagt, ein echter Allrounder. <\/p>\n<h3 data-start=\"904\" data-end=\"922\"><strong data-start=\"908\" data-end=\"922\">Schl\u00fcsselinformationen<\/strong><\/h3>\n<ul data-start=\"923\" data-end=\"1192\">\n<li data-start=\"923\" data-end=\"958\">\n<p data-start=\"925\" data-end=\"958\"><strong data-start=\"925\" data-end=\"945\">Empfohlenes Alter:<\/strong> 4 bis 99 Jahre<\/p>\n<\/li>\n<li data-start=\"959\" data-end=\"992\">\n<p data-start=\"961\" data-end=\"992\"><strong data-start=\"961\" data-end=\"984\">Anzahl der Spieler:<\/strong> ab 2<\/p>\n<\/li>\n<li data-start=\"993\" data-end=\"1087\">\n<p data-start=\"995\" data-end=\"1087\"><strong data-start=\"995\" data-end=\"1009\">Ziel:<\/strong> Spalten von drei identischen Fr\u00fcchten bilden, um m\u00f6glichst viele Punkte zu erzielen.<\/p>\n<\/li>\n<li data-start=\"1088\" data-end=\"1192\">\n<p data-start=\"1090\" data-end=\"1192\"><strong data-start=\"1090\" data-end=\"1104\">Atmosph\u00e4re:<\/strong> famili\u00e4r, spielerisch und intuitiv genug, um eine Partie ohne Kopfzerbrechen zu beginnen.<\/p>\n<\/li>\n<\/ul>\n","protected":false},"excerpt":{"rendered":"<p>SKYJO Junior ist die fruchtige und leicht zug\u00e4ngliche Version des ber\u00fchmten Spiels von Magilano &#8211; speziell f\u00fcr die J\u00fcngsten (und f\u00fcr Erwachsene, die nie &#8222;nur ein bisschen spielen&#8220; k\u00f6nnen).Das Spielprinzip ist einfach und sehr anspruchsvoll: Bilden Sie Spalten mit drei gleichen Fr\u00fcchten, um m\u00f6glichst viele Punkte zu erzielen.Schnell zu erkl\u00e4ren, dynamisch zu spielen und ideal [&hellip;]<\/p>\n","protected":false},"featured_media":46060,"comment_status":"open","ping_status":"closed","template":"","meta":[],"product_cat":[1305,366,370,193],"product_tag":[],"class_list":{"0":"post-46181","1":"product","2":"type-product","3":"status-publish","4":"has-post-thumbnail","6":"product_cat-geschenke","7":"product_cat-geschenk-ecke","8":"product_cat-kinder","9":"product_cat-weihnachten","11":"first","12":"instock","13":"taxable","14":"shipping-taxable","15":"purchasable","16":"product-type-simple"},"_links":{"self":[{"href":"https:\/\/camaleoparty.ch\/de\/wp-json\/wp\/v2\/product\/46181","targetHints":{"allow":["GET"]}}],"collection":[{"href":"https:\/\/camaleoparty.ch\/de\/wp-json\/wp\/v2\/product"}],"about":[{"href":"https:\/\/camaleoparty.ch\/de\/wp-json\/wp\/v2\/types\/product"}],"replies":[{"embeddable":true,"href":"https:\/\/camaleoparty.ch\/de\/wp-json\/wp\/v2\/comments?post=46181"}],"wp:featuredmedia":[{"embeddable":true,"href":"https:\/\/camaleoparty.ch\/de\/wp-json\/wp\/v2\/media\/46060"}],"wp:attachment":[{"href":"https:\/\/camaleoparty.ch\/de\/wp-json\/wp\/v2\/media?parent=46181"}],"wp:term":[{"taxonomy":"product_cat","embeddable":true,"href":"https:\/\/camaleoparty.ch\/de\/wp-json\/wp\/v2\/product_cat?post=46181"},{"taxonomy":"product_tag","embeddable":true,"href":"https:\/\/camaleoparty.ch\/de\/wp-json\/wp\/v2\/product_tag?post=46181"}],"curies":[{"name":"wp","href":"https:\/\/api.w.org\/{rel}","templated":true}]}}