{"id":45595,"date":"2024-10-15T22:40:00","date_gmt":"2025-08-22T07:32:50","guid":{"rendered":"https:\/\/camaleoparty.ch\/product\/ballon-aus-florett-bagger\/"},"modified":"2025-08-22T08:32:50","modified_gmt":"2025-08-22T07:32:50","slug":"ballon-aus-florett-bagger","status":"publish","type":"product","link":"https:\/\/camaleoparty.ch\/de\/produkt\/ballon-aus-florett-bagger\/","title":{"rendered":"Ballon aus Florett &#8211; Bagger"},"content":{"rendered":"<p>Verwandeln Sie die Geburtstagsfeier Ihres kleinen Baumeisters in eine echte Baustelle mit unserem Ballon in Form eines Baggers!<\/p>\n<p>? Mit seinen leuchtenden Farben und den gro\u00dfz\u00fcgigen Abmessungen von 49 x 76,5 cm, wenn er aufgeblasen ist, wird dieser Ballon zum Star der Dekoration.<br \/>\nEinfach mit dem mitgelieferten Trinkhalm aufzublasen, steht er von selbst und ist bereit, jeden Baggerfahrerlehrling zu beeindrucken. Ideal f\u00fcr Geburtstage mit dem Thema Baumaschinen oder einfach um einen Fan von gro\u00dfen LKWs zu \u00fcberraschen!<br \/>\nKombinieren Sie ihn mit anderen Ballons und Dekorationen, um einen noch spektakul\u00e4reren Effekt zu erzielen. ?  <\/p>\n","protected":false},"excerpt":{"rendered":"<p>F\u00fcr eine Geburtstagsparty mit dem Thema Baustelle w\u00e4hlen Sie diesen Ballon in Form eines stehenden Baggers, der sich mit dem mitgelieferten Trinkhalm leicht aufblasen l\u00e4sst! ? Ma\u00dfe nach dem Aufblasen: 49 x 76,5 cm.  <\/p>\n","protected":false},"featured_media":43245,"comment_status":"open","ping_status":"closed","template":"","meta":[],"product_cat":[724,274,183],"product_tag":[],"class_list":{"0":"post-45595","1":"product","2":"type-product","3":"status-publish","4":"has-post-thumbnail","6":"product_brand-partydeco-de","7":"product_cat-aufbau","8":"product_cat-folienballons","9":"product_cat-geburtstag","11":"first","12":"instock","13":"taxable","14":"shipping-taxable","15":"purchasable","16":"product-type-simple"},"_links":{"self":[{"href":"https:\/\/camaleoparty.ch\/de\/wp-json\/wp\/v2\/product\/45595","targetHints":{"allow":["GET"]}}],"collection":[{"href":"https:\/\/camaleoparty.ch\/de\/wp-json\/wp\/v2\/product"}],"about":[{"href":"https:\/\/camaleoparty.ch\/de\/wp-json\/wp\/v2\/types\/product"}],"replies":[{"embeddable":true,"href":"https:\/\/camaleoparty.ch\/de\/wp-json\/wp\/v2\/comments?post=45595"}],"wp:featuredmedia":[{"embeddable":true,"href":"https:\/\/camaleoparty.ch\/de\/wp-json\/wp\/v2\/media\/43245"}],"wp:attachment":[{"href":"https:\/\/camaleoparty.ch\/de\/wp-json\/wp\/v2\/media?parent=45595"}],"wp:term":[{"taxonomy":"product_cat","embeddable":true,"href":"https:\/\/camaleoparty.ch\/de\/wp-json\/wp\/v2\/product_cat?post=45595"},{"taxonomy":"product_tag","embeddable":true,"href":"https:\/\/camaleoparty.ch\/de\/wp-json\/wp\/v2\/product_tag?post=45595"}],"curies":[{"name":"wp","href":"https:\/\/api.w.org\/{rel}","templated":true}]}}