{"id":45592,"date":"2024-10-09T17:21:00","date_gmt":"2025-08-22T07:32:34","guid":{"rendered":"https:\/\/camaleoparty.ch\/product\/banner-fuer-den-stuhl-und-die-krone-teddybaer\/"},"modified":"2025-08-22T08:32:34","modified_gmt":"2025-08-22T07:32:34","slug":"banner-fuer-den-stuhl-und-die-krone-teddybaer","status":"publish","type":"product","link":"https:\/\/camaleoparty.ch\/de\/produkt\/banner-fuer-den-stuhl-und-die-krone-teddybaer\/","title":{"rendered":"Banner f\u00fcr den Stuhl und die Krone Teddyb\u00e4r"},"content":{"rendered":"<div class=\"flex max-w-full flex-col flex-grow\">\n<div class=\"min-h-8 text-message relative flex w-full flex-col items-end gap-2 whitespace-normal break-words text-start [.text-message+&amp;]:mt-5\" dir=\"auto\" data-message-author-role=\"assistant\" data-message-id=\"8939e77b-3a8b-4cc5-b521-c9b21433973e\" data-message-model-slug=\"gpt-4o\">\n<div class=\"flex w-full flex-col gap-1 empty:hidden first:pt-[3px]\">\n<div class=\"markdown prose w-full break-words dark:prose-invert light\">\n<p data-start=\"181\" data-end=\"313\">Verleihen Sie Ihrer Veranstaltung mit diesem farbenfrohen Papierset einen s\u00fc\u00dfen Touch. Perfekt f\u00fcr Geburtstage und Baby Showers! <\/p>\n<p data-start=\"315\" data-end=\"435\">\ud83d\udccf <strong data-start=\"318\" data-end=\"334\">Abmessungen:<\/strong><br data-start=\"334\" data-end=\"337\">\u2728 Guirlande: 50 x 20,5 cm (36 cm Seil)<br data-start=\"380\" data-end=\"383\">\u2728 Kr\u00e4nze: 8,5 cm hoch, 11 cm Durchmesser<\/p>\n<p data-start=\"437\" data-end=\"515\">Sie lassen sich leicht zusammenbauen und schaffen im Handumdrehen eine zauberhafte Atmosph\u00e4re! \ud83d\udc9b<\/p>\n<\/div>\n<\/div>\n<\/div>\n<\/div>\n","protected":false},"excerpt":{"rendered":"<p>Verleihen Sie Ihrer Veranstaltung mit diesem Set aus Stuhlgirlande und Teddyb\u00e4r-Krone eine liebenswerte Note. Perfekt f\u00fcr Geburtstage und Baby Showers! <\/p>\n","protected":false},"featured_media":43287,"comment_status":"open","ping_status":"closed","template":"","meta":[],"product_cat":[1169,1286,842],"product_tag":[],"class_list":{"0":"post-45592","1":"product","2":"type-product","3":"status-publish","4":"has-post-thumbnail","6":"product_brand-partydeco-de","7":"product_cat-teddybar-kollektion","8":"product_cat-banner-und-wimpel","9":"product_cat-vorhange-und-leinwande","11":"first","12":"instock","13":"taxable","14":"shipping-taxable","15":"purchasable","16":"product-type-simple"},"_links":{"self":[{"href":"https:\/\/camaleoparty.ch\/de\/wp-json\/wp\/v2\/product\/45592","targetHints":{"allow":["GET"]}}],"collection":[{"href":"https:\/\/camaleoparty.ch\/de\/wp-json\/wp\/v2\/product"}],"about":[{"href":"https:\/\/camaleoparty.ch\/de\/wp-json\/wp\/v2\/types\/product"}],"replies":[{"embeddable":true,"href":"https:\/\/camaleoparty.ch\/de\/wp-json\/wp\/v2\/comments?post=45592"}],"wp:featuredmedia":[{"embeddable":true,"href":"https:\/\/camaleoparty.ch\/de\/wp-json\/wp\/v2\/media\/43287"}],"wp:attachment":[{"href":"https:\/\/camaleoparty.ch\/de\/wp-json\/wp\/v2\/media?parent=45592"}],"wp:term":[{"taxonomy":"product_cat","embeddable":true,"href":"https:\/\/camaleoparty.ch\/de\/wp-json\/wp\/v2\/product_cat?post=45592"},{"taxonomy":"product_tag","embeddable":true,"href":"https:\/\/camaleoparty.ch\/de\/wp-json\/wp\/v2\/product_tag?post=45592"}],"curies":[{"name":"wp","href":"https:\/\/api.w.org\/{rel}","templated":true}]}}