{"id":45589,"date":"2024-10-09T16:49:11","date_gmt":"2025-08-22T07:32:30","guid":{"rendered":"https:\/\/camaleoparty.ch\/product\/teddybaer-geschenktasche\/"},"modified":"2025-08-22T08:32:30","modified_gmt":"2025-08-22T07:32:30","slug":"teddybaer-geschenktasche","status":"publish","type":"product","link":"https:\/\/camaleoparty.ch\/de\/produkt\/teddybaer-geschenktasche\/","title":{"rendered":"Teddyb\u00e4r-Geschenktasche"},"content":{"rendered":"<p>Diese braune <strong>Teddyb\u00e4r-Geschenkt\u00fcte<\/strong> mit buntem Aufdruck ist ideal zum Verpacken von Geschenken f\u00fcr besondere Anl\u00e4sse. Mit einer Gr\u00f6\u00dfe ohne Griffe von ca. <strong>18 x 29 x 10,5 cm<\/strong> ist sie perfekt f\u00fcr Spielzeug, S\u00fc\u00dfigkeiten oder Partyartikel geeignet. Sein charmantes Design macht ihn zu einer ausgezeichneten Option f\u00fcr Geburtstage oder andere Feierlichkeiten.  <\/p>\n","protected":false},"excerpt":{"rendered":"<p><strong>Geschenkt\u00fcte Teddyb\u00e4r &#8211; eine perfekte Wahl f\u00fcr \u00dcberraschungen<\/strong><\/p>\n","protected":false},"featured_media":43399,"comment_status":"open","ping_status":"closed","template":"","meta":[],"product_cat":[183,382,1169],"product_tag":[],"class_list":{"0":"post-45589","1":"product","2":"type-product","3":"status-publish","4":"has-post-thumbnail","6":"product_brand-partydeco-de","7":"product_cat-geburtstag","8":"product_cat-geschenktueten-schachteln","9":"product_cat-teddybar-kollektion","11":"first","12":"outofstock","13":"taxable","14":"shipping-taxable","15":"purchasable","16":"product-type-simple"},"_links":{"self":[{"href":"https:\/\/camaleoparty.ch\/de\/wp-json\/wp\/v2\/product\/45589","targetHints":{"allow":["GET"]}}],"collection":[{"href":"https:\/\/camaleoparty.ch\/de\/wp-json\/wp\/v2\/product"}],"about":[{"href":"https:\/\/camaleoparty.ch\/de\/wp-json\/wp\/v2\/types\/product"}],"replies":[{"embeddable":true,"href":"https:\/\/camaleoparty.ch\/de\/wp-json\/wp\/v2\/comments?post=45589"}],"wp:featuredmedia":[{"embeddable":true,"href":"https:\/\/camaleoparty.ch\/de\/wp-json\/wp\/v2\/media\/43399"}],"wp:attachment":[{"href":"https:\/\/camaleoparty.ch\/de\/wp-json\/wp\/v2\/media?parent=45589"}],"wp:term":[{"taxonomy":"product_cat","embeddable":true,"href":"https:\/\/camaleoparty.ch\/de\/wp-json\/wp\/v2\/product_cat?post=45589"},{"taxonomy":"product_tag","embeddable":true,"href":"https:\/\/camaleoparty.ch\/de\/wp-json\/wp\/v2\/product_tag?post=45589"}],"curies":[{"name":"wp","href":"https:\/\/api.w.org\/{rel}","templated":true}]}}