{"id":45584,"date":"2024-10-09T16:18:00","date_gmt":"2025-08-22T07:32:18","guid":{"rendered":"https:\/\/camaleoparty.ch\/product\/foil-ballon-nummer-1-baer\/"},"modified":"2025-08-22T08:32:18","modified_gmt":"2025-08-22T07:32:18","slug":"foil-ballon-nummer-1-baer","status":"publish","type":"product","link":"https:\/\/camaleoparty.ch\/de\/produkt\/foil-ballon-nummer-1-baer\/","title":{"rendered":"Foil-Ballon Nummer 1 &#8211; B\u00e4r"},"content":{"rendered":"<p><strong>Folienballon Nummer 1 mit B\u00e4r: F\u00fcr eine unvergessliche erste Party!<\/strong><\/p>\n<p>Verleihen Sie der ersten Party Ihres Kindes einen Hauch von Magie mit diesem <strong>Ballon in Form der Zahl &#8222;1&#8220; und einem niedlichen B\u00e4ren<\/strong>! Mit einer gro\u00dfz\u00fcgigen Gr\u00f6\u00dfe von ca. <strong>81 x 72 cm<\/strong> ist dieser Ballon perfekt geeignet, um eine unvergessliche Partyatmosph\u00e4re zu schaffen. Er l\u00e4sst sich mit dem mitgelieferten Trinkhalm leicht mit Luft f\u00fcllen und ist bereit, auf jedem Geburtstag oder besonderen Anlass f\u00fcr Freude und ein L\u00e4cheln zu sorgen. <\/p>\n<p><strong>Tipp:<\/strong> Kombinieren Sie ihn mit anderen Folienballons f\u00fcr einen noch spektakul\u00e4reren Effekt!<\/p>\n","protected":false},"excerpt":{"rendered":"<p><strong>Folienballon Nummer 1 mit B\u00e4r &#8211; ein Muss f\u00fcr die erste Party!<\/strong><br \/>\nBallon aus Foil, Gr\u00f6\u00dfe: 81 x 72 cm. Inklusive eines Trinkhalms zum Aufblasen. <\/p>\n","protected":false},"featured_media":43157,"comment_status":"open","ping_status":"closed","template":"","meta":[],"product_cat":[1169,283,274,183],"product_tag":[],"class_list":{"0":"post-45584","1":"product","2":"type-product","3":"status-publish","4":"has-post-thumbnail","6":"product_brand-partydeco-de","7":"product_cat-teddybar-kollektion","8":"product_cat-ballons-buchstaben-und-zahlen","9":"product_cat-folienballons","10":"product_cat-geburtstag","12":"first","13":"outofstock","14":"taxable","15":"shipping-taxable","16":"purchasable","17":"product-type-simple"},"_links":{"self":[{"href":"https:\/\/camaleoparty.ch\/de\/wp-json\/wp\/v2\/product\/45584","targetHints":{"allow":["GET"]}}],"collection":[{"href":"https:\/\/camaleoparty.ch\/de\/wp-json\/wp\/v2\/product"}],"about":[{"href":"https:\/\/camaleoparty.ch\/de\/wp-json\/wp\/v2\/types\/product"}],"replies":[{"embeddable":true,"href":"https:\/\/camaleoparty.ch\/de\/wp-json\/wp\/v2\/comments?post=45584"}],"wp:featuredmedia":[{"embeddable":true,"href":"https:\/\/camaleoparty.ch\/de\/wp-json\/wp\/v2\/media\/43157"}],"wp:attachment":[{"href":"https:\/\/camaleoparty.ch\/de\/wp-json\/wp\/v2\/media?parent=45584"}],"wp:term":[{"taxonomy":"product_cat","embeddable":true,"href":"https:\/\/camaleoparty.ch\/de\/wp-json\/wp\/v2\/product_cat?post=45584"},{"taxonomy":"product_tag","embeddable":true,"href":"https:\/\/camaleoparty.ch\/de\/wp-json\/wp\/v2\/product_tag?post=45584"}],"curies":[{"name":"wp","href":"https:\/\/api.w.org\/{rel}","templated":true}]}}