{"id":45575,"date":"2025-01-19T15:55:18","date_gmt":"2025-08-22T07:30:13","guid":{"rendered":"https:\/\/camaleoparty.ch\/product\/latexballon-5%e2%80%b3-vert-kaktus\/"},"modified":"2025-08-22T08:30:13","modified_gmt":"2025-08-22T07:30:13","slug":"latexballon-5%e2%80%b3-vert-kaktus","status":"publish","type":"product","link":"https:\/\/camaleoparty.ch\/de\/produkt\/latexballon-5%e2%80%b3-vert-kaktus\/","title":{"rendered":"Latexballon 5\u2033 &#8211; Vert Kaktus"},"content":{"rendered":"<p>Verleihen Sie Ihren Veranstaltungen einen Hauch von Gr\u00fcn und Frische mit diesem kleinen kaktusfarbenen Ballon \ud83c\udf35\ud83d\udc9a.<\/p>\n<p><strong>Merkmale<\/strong><\/p>\n<ul>\n<li><strong>Gr\u00f6\u00dfe:<\/strong> 5 Zoll (ca. 12 cm), ideal f\u00fcr dekorative Details oder kompakte Arrangements.<\/li>\n<li><strong>Farbe:<\/strong> Kr\u00e4ftiges Kaktusgr\u00fcn, perfekt f\u00fcr tropische, W\u00fcsten- oder Naturthemen.<\/li>\n<li><strong>Mat\u00e9riau :<\/strong> Fabriqu\u00e9 en <strong>latex naturel biod\u00e9gradable<\/strong>, respectueux de l\u2019environnement et de haute qualit\u00e9.<\/li>\n<\/ul>\n<p><strong>Gebrauchsanweisung:<\/strong><\/p>\n<ul>\n<li>Mit<strong>Luft<\/strong> oder<strong>Helium<\/strong> aufblasbar f\u00fcr schwimmende oder Bodendekorationen.<\/li>\n<li>Ideal f\u00fcr Girlanden, Tischdekorationen und Blumenarrangements.<\/li>\n<\/ul>\n<p><strong>Warum es \u00fcbernehmen?<\/strong><br \/>\nDieser Ballon ist die perfekte Erg\u00e4nzung f\u00fcr eine exotische und trendige Atmosph\u00e4re und ist gleichzeitig \u00f6kologisch \ud83c\udf0d.<\/p>\n","protected":false},"excerpt":{"rendered":"<p>Verleihen Sie Ihren Veranstaltungen einen Hauch von Gr\u00fcn und Frische mit diesem kleinen kaktusfarbenen Ballon \ud83c\udf35\ud83d\udc9a. Merkmale Gr\u00f6\u00dfe: 5 Zoll (ca. 12 cm), ideal f\u00fcr dekorative Details oder kompakte Arrangements. Farbe: Kr\u00e4ftiges Kaktusgr\u00fcn, perfekt f\u00fcr tropische, W\u00fcsten- oder Naturthemen. Mat\u00e9riau : Fabriqu\u00e9 en latex naturel biod\u00e9gradable, respectueux de l\u2019environnement et de haute qualit\u00e9. Gebrauchsanweisung: MitLuft [&hellip;]<\/p>\n","protected":false},"featured_media":44301,"comment_status":"open","ping_status":"closed","template":"","meta":[],"product_cat":[909,1206,408],"product_tag":[],"class_list":{"0":"post-45575","1":"product","2":"type-product","3":"status-publish","4":"has-post-thumbnail","6":"product_brand-qualatex-de","7":"product_cat-einfarbigen-luftballons","8":"product_cat-farbe-gruen","9":"product_cat-latex-ballons","11":"first","12":"instock","13":"taxable","14":"shipping-taxable","15":"purchasable","16":"product-type-simple"},"_links":{"self":[{"href":"https:\/\/camaleoparty.ch\/de\/wp-json\/wp\/v2\/product\/45575","targetHints":{"allow":["GET"]}}],"collection":[{"href":"https:\/\/camaleoparty.ch\/de\/wp-json\/wp\/v2\/product"}],"about":[{"href":"https:\/\/camaleoparty.ch\/de\/wp-json\/wp\/v2\/types\/product"}],"replies":[{"embeddable":true,"href":"https:\/\/camaleoparty.ch\/de\/wp-json\/wp\/v2\/comments?post=45575"}],"wp:featuredmedia":[{"embeddable":true,"href":"https:\/\/camaleoparty.ch\/de\/wp-json\/wp\/v2\/media\/44301"}],"wp:attachment":[{"href":"https:\/\/camaleoparty.ch\/de\/wp-json\/wp\/v2\/media?parent=45575"}],"wp:term":[{"taxonomy":"product_cat","embeddable":true,"href":"https:\/\/camaleoparty.ch\/de\/wp-json\/wp\/v2\/product_cat?post=45575"},{"taxonomy":"product_tag","embeddable":true,"href":"https:\/\/camaleoparty.ch\/de\/wp-json\/wp\/v2\/product_tag?post=45575"}],"curies":[{"name":"wp","href":"https:\/\/api.w.org\/{rel}","templated":true}]}}