{"id":45570,"date":"2025-01-18T13:09:00","date_gmt":"2025-08-22T07:30:05","guid":{"rendered":"https:\/\/camaleoparty.ch\/product\/latexballon-24%e2%80%b3-rosa-makkaroni\/"},"modified":"2025-08-22T08:30:05","modified_gmt":"2025-08-22T07:30:05","slug":"latexballon-24%e2%80%b3-rosa-makkaroni","status":"publish","type":"product","link":"https:\/\/camaleoparty.ch\/de\/produkt\/latexballon-24%e2%80%b3-rosa-makkaroni\/","title":{"rendered":"Latexballon 24\u2033 &#8211; rosa Makkaroni"},"content":{"rendered":"<p>Unterstreichen Sie Ihre Veranstaltungen mit diesem gro\u00dfen rosafarbenen Makronenballon, der perfekt f\u00fcr eine elegante und beeindruckende Dekoration geeignet ist \ud83c\udf88.<\/p>\n<p><strong>Merkmale :<\/strong><\/p>\n<ul>\n<li><strong>Gr\u00f6\u00dfe:<\/strong> 24 Zoll (ca. 60 cm aufgeblasen), ideal f\u00fcr Meisterst\u00fccke oder H\u00e4ngedekorationen.<\/li>\n<li><strong>Farbe:<\/strong> Zartes rosa, perfekt f\u00fcr Hochzeiten, Baby Showers, Geburtstage oder andere pastellfarbene Veranstaltungen.<\/li>\n<li><strong>Material:<\/strong> Hergestellt aus <strong>biologisch abbaubarem<\/strong>, umweltfreundlichem und hochwertigem <strong>Naturlatex<\/strong>.<\/li>\n<\/ul>\n<p><strong>Hinweise zur Verwendung :<\/strong><\/p>\n<ul>\n<li>Kann mit<strong>Helium<\/strong> aufgeblasen werden, um zu schweben, oder mit<strong>Luft<\/strong> f\u00fcr Boden- oder H\u00e4ngedekorationen.<\/li>\n<li>Schwimmdauer in Helium: <strong>bis zu 12 Stunden<\/strong>. Verwenden Sie ein spezielles Gel (Hi-Float), um die Haltbarkeit zu verl\u00e4ngern. <\/li>\n<\/ul>\n<p><strong>Umwelttipp:<\/strong> Denken Sie daran, die Ballons nach Gebrauch gut zu entsorgen, um die Umwelt zu schonen \ud83c\udf0d.<\/p>\n","protected":false},"excerpt":{"rendered":"<p>Unterstreichen Sie Ihre Veranstaltungen mit diesem gro\u00dfen rosafarbenen Makronenballon, der perfekt f\u00fcr eine elegante und beeindruckende Dekoration geeignet ist \ud83c\udf88. Merkmale : Gr\u00f6\u00dfe: 24 Zoll (ca. 60 cm aufgeblasen), ideal f\u00fcr Meisterst\u00fccke oder H\u00e4ngedekorationen. Farbe: Zartes rosa, perfekt f\u00fcr Hochzeiten, Baby Showers, Geburtstage oder andere pastellfarbene Veranstaltungen. Material: Hergestellt aus biologisch abbaubarem, umweltfreundlichem und hochwertigem [&hellip;]<\/p>\n","protected":false},"featured_media":44263,"comment_status":"open","ping_status":"closed","template":"","meta":[],"product_cat":[909,221,820,742,408,1171,591,1204],"product_tag":[],"class_list":{"0":"post-45570","1":"product","2":"type-product","3":"status-publish","4":"has-post-thumbnail","6":"product_brand-kalisan-de","7":"product_cat-einfarbigen-luftballons","8":"product_cat-einhorn","9":"product_cat-kaninchen","10":"product_cat-katze","11":"product_cat-latex-ballons","12":"product_cat-maerchen","13":"product_cat-prinzessin-de","14":"product_cat-rosa","15":"pa_couleur-rose","17":"first","18":"instock","19":"taxable","20":"shipping-taxable","21":"purchasable","22":"product-type-simple"},"_links":{"self":[{"href":"https:\/\/camaleoparty.ch\/de\/wp-json\/wp\/v2\/product\/45570","targetHints":{"allow":["GET"]}}],"collection":[{"href":"https:\/\/camaleoparty.ch\/de\/wp-json\/wp\/v2\/product"}],"about":[{"href":"https:\/\/camaleoparty.ch\/de\/wp-json\/wp\/v2\/types\/product"}],"replies":[{"embeddable":true,"href":"https:\/\/camaleoparty.ch\/de\/wp-json\/wp\/v2\/comments?post=45570"}],"wp:featuredmedia":[{"embeddable":true,"href":"https:\/\/camaleoparty.ch\/de\/wp-json\/wp\/v2\/media\/44263"}],"wp:attachment":[{"href":"https:\/\/camaleoparty.ch\/de\/wp-json\/wp\/v2\/media?parent=45570"}],"wp:term":[{"taxonomy":"product_cat","embeddable":true,"href":"https:\/\/camaleoparty.ch\/de\/wp-json\/wp\/v2\/product_cat?post=45570"},{"taxonomy":"product_tag","embeddable":true,"href":"https:\/\/camaleoparty.ch\/de\/wp-json\/wp\/v2\/product_tag?post=45570"}],"curies":[{"name":"wp","href":"https:\/\/api.w.org\/{rel}","templated":true}]}}