{"id":45567,"date":"2025-01-18T12:56:00","date_gmt":"2025-08-22T07:30:00","guid":{"rendered":"https:\/\/camaleoparty.ch\/product\/latexballons-12%e2%80%b3-rosa-macaron\/"},"modified":"2025-08-22T08:30:00","modified_gmt":"2025-08-22T07:30:00","slug":"latexballons-12%e2%80%b3-rosa-macaron","status":"publish","type":"product","link":"https:\/\/camaleoparty.ch\/de\/produkt\/latexballons-12%e2%80%b3-rosa-macaron\/","title":{"rendered":"Latexballons 12\u2033 &#8211; rosa Macaron"},"content":{"rendered":"<p>Verleihen Sie Ihren Veranstaltungen einen Hauch von S\u00fc\u00dfe und Eleganz mit diesen Latexballons in der Farbe rosa Makkaron \ud83c\udf88.<\/p>\n<p><strong>Merkmale :<\/strong><\/p>\n<ul>\n<li><strong>Gr\u00f6\u00dfe:<\/strong> 30 cm im aufgeblasenen Zustand, ideal f\u00fcr Torb\u00f6gen, Str\u00e4u\u00dfe oder h\u00e4ngende Dekorationen.<\/li>\n<li><strong>Farbe:<\/strong> Ein zartes helles rosa, das perfekt zu pastelligen, schicken oder romantischen Themen passt.<\/li>\n<li><strong>Material:<\/strong> Hergestellt aus umweltfreundlichem, <strong>biologisch abbaubarem Naturlatex<\/strong>.<\/li>\n<\/ul>\n<p><strong>Hinweise zur Verwendung :<\/strong><\/p>\n<ul>\n<li>Sie k\u00f6nnen mit<strong>Helium<\/strong> aufgeblasen werden, um sie schweben zu lassen, oder mit<strong>Luft<\/strong>, um sie auf dem Boden oder in Girlanden zu halten.<\/li>\n<li>Flotationsdauer in Helium: <strong>bis zu 8 Stunden<\/strong>. F\u00fcr eine l\u00e4ngere Haltbarkeit verwenden Sie ein spezielles Gel (Hi-Float). <\/li>\n<\/ul>\n<p><strong>Umwelttipp:<\/strong> Auch wenn sie biologisch abbaubar sind, vermeiden Sie es, sie in die Natur zu entlassen, um unseren Planeten zu sch\u00fctzen \ud83c\udf0d.<\/p>\n<p>&nbsp;<\/p>\n","protected":false},"excerpt":{"rendered":"<p>Verleihen Sie Ihren Veranstaltungen einen Hauch von S\u00fc\u00dfe und Eleganz mit diesen Latexballons in der Farbe rosa Makkaron \ud83c\udf88. Merkmale : Gr\u00f6\u00dfe: 30 cm im aufgeblasenen Zustand, ideal f\u00fcr Torb\u00f6gen, Str\u00e4u\u00dfe oder h\u00e4ngende Dekorationen. Farbe: Ein zartes helles rosa, das perfekt zu pastelligen, schicken oder romantischen Themen passt. Material: Hergestellt aus umweltfreundlichem, biologisch abbaubarem Naturlatex. [&hellip;]<\/p>\n","protected":false},"featured_media":44258,"comment_status":"open","ping_status":"closed","template":"","meta":[],"product_cat":[708,909,221,820,742,408,1171,591,1204],"product_tag":[],"class_list":{"0":"post-45567","1":"product","2":"type-product","3":"status-publish","4":"has-post-thumbnail","6":"product_brand-kalisan-de","7":"product_cat-blumen","8":"product_cat-einfarbigen-luftballons","9":"product_cat-einhorn","10":"product_cat-kaninchen","11":"product_cat-katze","12":"product_cat-latex-ballons","13":"product_cat-maerchen","14":"product_cat-prinzessin-de","15":"product_cat-rosa","16":"pa_couleur-rose","18":"first","19":"instock","20":"taxable","21":"shipping-taxable","22":"purchasable","23":"product-type-simple"},"_links":{"self":[{"href":"https:\/\/camaleoparty.ch\/de\/wp-json\/wp\/v2\/product\/45567","targetHints":{"allow":["GET"]}}],"collection":[{"href":"https:\/\/camaleoparty.ch\/de\/wp-json\/wp\/v2\/product"}],"about":[{"href":"https:\/\/camaleoparty.ch\/de\/wp-json\/wp\/v2\/types\/product"}],"replies":[{"embeddable":true,"href":"https:\/\/camaleoparty.ch\/de\/wp-json\/wp\/v2\/comments?post=45567"}],"wp:featuredmedia":[{"embeddable":true,"href":"https:\/\/camaleoparty.ch\/de\/wp-json\/wp\/v2\/media\/44258"}],"wp:attachment":[{"href":"https:\/\/camaleoparty.ch\/de\/wp-json\/wp\/v2\/media?parent=45567"}],"wp:term":[{"taxonomy":"product_cat","embeddable":true,"href":"https:\/\/camaleoparty.ch\/de\/wp-json\/wp\/v2\/product_cat?post=45567"},{"taxonomy":"product_tag","embeddable":true,"href":"https:\/\/camaleoparty.ch\/de\/wp-json\/wp\/v2\/product_tag?post=45567"}],"curies":[{"name":"wp","href":"https:\/\/api.w.org\/{rel}","templated":true}]}}