{"id":45566,"date":"2025-09-29T20:36:20","date_gmt":"2025-09-29T19:36:20","guid":{"rendered":"https:\/\/camaleoparty.ch\/product\/palette-von-gesichtsfarben\/"},"modified":"2025-12-19T18:50:16","modified_gmt":"2025-12-19T17:50:16","slug":"palette-von-gesichtsfarben","status":"publish","type":"product","link":"https:\/\/camaleoparty.ch\/de\/produkt\/palette-von-gesichtsfarben\/","title":{"rendered":"Palette von Gesichtsfarben"},"content":{"rendered":"<p>Entfesseln Sie die Kreativit\u00e4t Ihrer kleinen K\u00fcnstler mit unserer Gesichtsmalpalette! Die Palette besteht aus 12 leuchtenden Farben und ist das perfekte Werkzeug, um jeder Party einen Hauch von Magie zu verleihen. Ideal f\u00fcr Halloween, Geburtstage oder einfach nur f\u00fcr unvergessliche Spielmomente, sorgt sie im Handumdrehen f\u00fcr farbenfrohe und lustige Make-ups.  <\/p>\n<p>Mit den 2 enthaltenen Pinseln l\u00e4sst sich das Make-up auch f\u00fcr die kleinsten H\u00e4nde schnell und einfach auftragen. Dar\u00fcber hinaus ist die Farbe leicht zu reinigen, so dass die Eltern ein unbeschwertes Vergn\u00fcgen haben. <\/p>\n<p><strong>Warum Sie ihn adoptieren werden :<\/strong><\/p>\n<ul>\n<li>12 leuchtende Farben f\u00fcr endlose Kreationen<\/li>\n<li>Inklusive 2 Pinsel f\u00fcr eine perfekte Anwendung<\/li>\n<li>Leicht zu entfernen, ideal f\u00fcr kleine, empfindliche Haut.<\/li>\n<li>Perfekt f\u00fcr Halloween, Geburtstage und vieles mehr!<\/li>\n<\/ul>\n<p>F\u00fcgen Sie diese Palette Ihrem Sortiment an Partyzubeh\u00f6r hinzu und bieten Sie Ihren Kindern grenzenlose Kreativit\u00e4t.<\/p>\n","protected":false},"excerpt":{"rendered":"<p>12 vibrierende Farben f\u00fcr endlose Kreationen<br \/>\n2 Pinsel f\u00fcr perfektes Auftragen enthalten<br \/>\nLeicht zu entfernen, ideal f\u00fcr kleine, empfindliche Haut<br \/>\nPerfekt f\u00fcr Halloween, Geburtstage und vieles mehr!<\/p>\n<p>F\u00fcgen Sie diese Palette zu Ihrem Partyzubeh\u00f6r hinzu und schenken Sie Ihren Kindern grenzenlose Kreativit\u00e4t.<\/p>\n","protected":false},"featured_media":43251,"comment_status":"open","ping_status":"closed","template":"","meta":[],"product_cat":[1167,183,258,1078,136,1315,853],"product_tag":[],"class_list":{"0":"post-45566","1":"product","2":"type-product","3":"status-publish","4":"has-post-thumbnail","6":"product_brand-partydeco-de","7":"product_cat-fest-der-farben","8":"product_cat-geburtstag","9":"product_cat-halloween-de-2","10":"product_cat-halloween-kleine-geschenke-accessoires","11":"product_cat-kostueme","12":"product_cat-verkleidungen","13":"product_cat-zubehor","15":"first","16":"instock","17":"featured","18":"taxable","19":"shipping-taxable","20":"purchasable","21":"product-type-simple"},"_links":{"self":[{"href":"https:\/\/camaleoparty.ch\/de\/wp-json\/wp\/v2\/product\/45566","targetHints":{"allow":["GET"]}}],"collection":[{"href":"https:\/\/camaleoparty.ch\/de\/wp-json\/wp\/v2\/product"}],"about":[{"href":"https:\/\/camaleoparty.ch\/de\/wp-json\/wp\/v2\/types\/product"}],"replies":[{"embeddable":true,"href":"https:\/\/camaleoparty.ch\/de\/wp-json\/wp\/v2\/comments?post=45566"}],"wp:featuredmedia":[{"embeddable":true,"href":"https:\/\/camaleoparty.ch\/de\/wp-json\/wp\/v2\/media\/43251"}],"wp:attachment":[{"href":"https:\/\/camaleoparty.ch\/de\/wp-json\/wp\/v2\/media?parent=45566"}],"wp:term":[{"taxonomy":"product_cat","embeddable":true,"href":"https:\/\/camaleoparty.ch\/de\/wp-json\/wp\/v2\/product_cat?post=45566"},{"taxonomy":"product_tag","embeddable":true,"href":"https:\/\/camaleoparty.ch\/de\/wp-json\/wp\/v2\/product_tag?post=45566"}],"curies":[{"name":"wp","href":"https:\/\/api.w.org\/{rel}","templated":true}]}}