{"id":45565,"date":"2024-10-15T22:49:46","date_gmt":"2025-08-22T07:24:28","guid":{"rendered":"https:\/\/camaleoparty.ch\/product\/maus-stirnband-minie\/"},"modified":"2025-08-22T08:24:28","modified_gmt":"2025-08-22T07:24:28","slug":"maus-stirnband-minie","status":"publish","type":"product","link":"https:\/\/camaleoparty.ch\/de\/produkt\/maus-stirnband-minie\/","title":{"rendered":"Maus-Stirnband &#8211; Minie"},"content":{"rendered":"<p>Verleihen Sie Ihrer Party einen Hauch von Magie mit unserem entz\u00fcckenden schwarz-roten Maus-Stirnband, das von der ber\u00fchmten Cartoon-Figur inspiriert ist!?? Mit seiner roten Schleife mit wei\u00dfen Punkten ist dieses Stirnband perfekt f\u00fcr einen besonders charmanten Maus-Look. Ideal f\u00fcr Geburtstage, Themenpartys oder einfach als lustige Verkleidung, dieses Stirnband ist f\u00fcr kleine und gro\u00dfe Fans von Magie und Abenteuern gleicherma\u00dfen geeignet. Finden Sie es jetzt in unserem Shop f\u00fcr eine garantiert m\u00e4rchenhafte Atmosph\u00e4re! \u2728<\/p>\n","protected":false},"excerpt":{"rendered":"<p>Verwandeln Sie sich mit diesem schwarzen Stirnband mit roter Schleife und wei\u00dfen Punkten in eine s\u00fc\u00dfe Maus. Perfekt f\u00fcr Partys und Verkleidungen!<\/p>\n","protected":false},"featured_media":43314,"comment_status":"open","ping_status":"closed","template":"","meta":[],"product_cat":[183,1078,870,853],"product_tag":[],"class_list":{"0":"post-45565","1":"product","2":"type-product","3":"status-publish","4":"has-post-thumbnail","6":"product_cat-geburtstag","7":"product_cat-halloween-kleine-geschenke-accessoires","8":"product_cat-kopfbuegel","9":"product_cat-zubehor","11":"first","12":"instock","13":"featured","14":"taxable","15":"shipping-taxable","16":"purchasable","17":"product-type-simple"},"_links":{"self":[{"href":"https:\/\/camaleoparty.ch\/de\/wp-json\/wp\/v2\/product\/45565","targetHints":{"allow":["GET"]}}],"collection":[{"href":"https:\/\/camaleoparty.ch\/de\/wp-json\/wp\/v2\/product"}],"about":[{"href":"https:\/\/camaleoparty.ch\/de\/wp-json\/wp\/v2\/types\/product"}],"replies":[{"embeddable":true,"href":"https:\/\/camaleoparty.ch\/de\/wp-json\/wp\/v2\/comments?post=45565"}],"wp:featuredmedia":[{"embeddable":true,"href":"https:\/\/camaleoparty.ch\/de\/wp-json\/wp\/v2\/media\/43314"}],"wp:attachment":[{"href":"https:\/\/camaleoparty.ch\/de\/wp-json\/wp\/v2\/media?parent=45565"}],"wp:term":[{"taxonomy":"product_cat","embeddable":true,"href":"https:\/\/camaleoparty.ch\/de\/wp-json\/wp\/v2\/product_cat?post=45565"},{"taxonomy":"product_tag","embeddable":true,"href":"https:\/\/camaleoparty.ch\/de\/wp-json\/wp\/v2\/product_tag?post=45565"}],"curies":[{"name":"wp","href":"https:\/\/api.w.org\/{rel}","templated":true}]}}