{"id":45482,"date":"2025-08-08T19:24:11","date_gmt":"2025-08-20T13:36:07","guid":{"rendered":"https:\/\/camaleoparty.ch\/product\/rosetten-deko-rosetten-aus-papier-aus-seide-set-in-3-groessen-20-30-cm\/"},"modified":"2025-08-20T14:36:07","modified_gmt":"2025-08-20T13:36:07","slug":"rosetten-deko-rosetten-aus-papier-aus-seide-set-in-3-groessen-20-30-cm","status":"publish","type":"product","link":"https:\/\/camaleoparty.ch\/de\/produkt\/rosetten-deko-rosetten-aus-papier-aus-seide-set-in-3-groessen-20-30-cm\/","title":{"rendered":"Rosetten Deko-Rosetten aus Papier aus Seide &#8211; Set in 3 Gr\u00f6\u00dfen (20-30 cm)"},"content":{"rendered":"<p data-start=\"413\" data-end=\"720\">Verleihen Sie Ihren Partydekorationen mit diesen <strong data-start=\"478\" data-end=\"520\">Deko-Rosetten aus Seidenpapier<\/strong> Eleganz und Leichtigkeit.<br data-start=\"521\" data-end=\"524\">Jedes Set enth\u00e4lt <strong data-start=\"544\" data-end=\"567\">3 sortierte Gr\u00f6\u00dfen<\/strong> &#8211; ca. 20 cm, 25 cm und 30 cm &#8211; f\u00fcr einen harmonischen und luftigen visuellen Effekt, perfekt f\u00fcr eine Partywand, eine Candy Bar oder eine H\u00e4ngedekoration.<\/p>\n<p data-start=\"722\" data-end=\"894\">\ud83d\udccf <strong data-start=\"725\" data-end=\"747\">Gr\u00f6\u00dfen inklusive:<\/strong> ca. 20 cm, 25 cm, 30 cm<br data-start=\"772\" data-end=\"775\">\u267b\ufe0f <strong data-start=\"778\" data-end=\"794\">Wiederverwendbar<\/strong>: l\u00e4sst sich leicht zusammenklappen und f\u00fcr zuk\u00fcnftige Partys verstauen<br data-start=\"852\" data-end=\"855\">\ud83d\udee0\ufe0f Schneller Aufbau mit mitgelieferter Klemme<\/p>\n<p data-start=\"896\" data-end=\"1016\">\ud83d\udca1 <em data-start=\"899\" data-end=\"915\">Tipp Camaleo<\/em>: mischen mehrere Farben um zu schaffen einen Hintergrund Foto. original oder eine Deko passend zu Ihrem Thema.<\/p>\n","protected":false},"excerpt":{"rendered":"<p data-start=\"1049\" data-end=\"1129\">Set aus 3 Rosetten Deko-Rosetten aus Seidenpapier (20, 25, 30 cm) &#8211; wiederverwendbar.<\/p>\n","protected":false},"featured_media":45245,"comment_status":"open","ping_status":"closed","template":"","meta":[],"product_cat":[169,724,1213,1210,163,1167,1211,1212,1206,1205,1285,1208,1204,1207,1209,1214],"product_tag":[],"class_list":{"0":"post-45482","1":"product","2":"type-product","3":"status-publish","4":"has-post-thumbnail","6":"product_brand-partydeco-de","7":"product_cat-wabenball","8":"product_cat-aufbau","9":"product_cat-farbe-blau","10":"product_cat-braun","11":"product_cat-dekoration","12":"product_cat-fest-der-farben","13":"product_cat-farbe-gelb","14":"product_cat-goldfarben","15":"product_cat-farbe-gruen","16":"product_cat-lila","17":"product_cat-menthe-de","18":"product_cat-farbe-orange","19":"product_cat-rosa","20":"product_cat-farbe-rot","21":"product_cat-schwarze-farbe","22":"product_cat-farbe-silber","23":"pa_couleur-argent","24":"pa_couleur-blanc","25":"pa_couleur-bleu","26":"pa_couleur-bleu-marine","27":"pa_couleur-creme","28":"pa_couleur-jaune","29":"pa_couleur-lavanda","30":"pa_couleur-marron","31":"pa_couleur-menthe","32":"pa_couleur-noir","33":"pa_couleur-orange","34":"pa_couleur-peche","35":"pa_couleur-rose","36":"pa_couleur-rouge","37":"pa_couleur-vert","38":"pa_couleur-vert-fonce","39":"pa_couleur-violet","41":"first","42":"instock","43":"taxable","44":"shipping-taxable","45":"purchasable","46":"product-type-variable"},"_links":{"self":[{"href":"https:\/\/camaleoparty.ch\/de\/wp-json\/wp\/v2\/product\/45482","targetHints":{"allow":["GET"]}}],"collection":[{"href":"https:\/\/camaleoparty.ch\/de\/wp-json\/wp\/v2\/product"}],"about":[{"href":"https:\/\/camaleoparty.ch\/de\/wp-json\/wp\/v2\/types\/product"}],"replies":[{"embeddable":true,"href":"https:\/\/camaleoparty.ch\/de\/wp-json\/wp\/v2\/comments?post=45482"}],"wp:featuredmedia":[{"embeddable":true,"href":"https:\/\/camaleoparty.ch\/de\/wp-json\/wp\/v2\/media\/45245"}],"wp:attachment":[{"href":"https:\/\/camaleoparty.ch\/de\/wp-json\/wp\/v2\/media?parent=45482"}],"wp:term":[{"taxonomy":"product_cat","embeddable":true,"href":"https:\/\/camaleoparty.ch\/de\/wp-json\/wp\/v2\/product_cat?post=45482"},{"taxonomy":"product_tag","embeddable":true,"href":"https:\/\/camaleoparty.ch\/de\/wp-json\/wp\/v2\/product_tag?post=45482"}],"curies":[{"name":"wp","href":"https:\/\/api.w.org\/{rel}","templated":true}]}}