{"id":45481,"date":"2025-07-27T18:28:00","date_gmt":"2025-08-20T13:33:00","guid":{"rendered":"https:\/\/camaleoparty.ch\/product\/ballon-aus-aluminium-crane-36-x-41-cm\/"},"modified":"2025-08-20T14:33:00","modified_gmt":"2025-08-20T13:33:00","slug":"ballon-aus-aluminium-crane-36-x-41-cm","status":"publish","type":"product","link":"https:\/\/camaleoparty.ch\/de\/produkt\/ballon-aus-aluminium-crane-36-x-41-cm\/","title":{"rendered":"Ballon aus Aluminium Cr\u00e2ne &#8211; 36 x 41 cm"},"content":{"rendered":"<p data-start=\"128\" data-end=\"376\">\ud83d\udd78\ufe0f <strong data-start=\"132\" data-end=\"197\">Eine gruselige und stilvolle Note f\u00fcr Ihre Halloween-Deko!<\/strong><br data-start=\"197\" data-end=\"200\">Mit seinem cremefarbenen und schwarzen Design bringt dieser Ballon in Form eines Sch\u00e4dels eine geheimnisvolle und originelle Atmosph\u00e4re auf Ihre Party. Er gef\u00e4llt Teenagern ebenso wie neugierigen kleinen Monstern! <\/p>\n<p data-start=\"378\" data-end=\"550\">\ud83d\udccf <strong data-start=\"381\" data-end=\"397\">Abmessungen:<\/strong><br data-start=\"397\" data-end=\"400\">Vor dem Aufblasen: ca. 45,5 x 52,5 cm<br data-start=\"436\" data-end=\"439\">Nach dem Aufblasen: ca. 36 x 41 cm<br data-start=\"471\" data-end=\"474\">Mit Luft <strong data-start=\"492\" data-end=\"498\">oder<\/strong> Helium aufblasbar. Inklusive Strohhalm zum einfachen Aufblasen. <\/p>\n<p data-start=\"552\" data-end=\"802\">\ud83c\udf89 <strong data-start=\"555\" data-end=\"571\">Deko-Ideen:<\/strong><br data-start=\"571\" data-end=\"574\">Stellen Sie ihn auf den S\u00fc\u00dfigkeitentisch, integrieren Sie ihn in eine Girlande oder lassen Sie ihn f\u00fcr einen &#8222;fliegenden Kopf&#8220;-Effekt schweben.<br data-start=\"688\" data-end=\"691\">\ud83d\udca1 <em data-start=\"694\" data-end=\"710\">Camaleo-Tipp<\/em>: Kombinieren Sie ihn mit schwarzen metallisierten oder goldenen Ballons f\u00fcr einen schicken und gruseligen Kontrast!<\/p>\n<p data-start=\"804\" data-end=\"879\">\u2728 Geeignet f\u00fcr alle Stile : Halloween Vintage, Piraten, schick oder Gothic.<\/p>\n<p data-start=\"881\" data-end=\"961\"><em data-start=\"881\" data-end=\"961\">Camaleo Party &#8211; f\u00fcr M\u00fctter, die etwas Sch\u00f6nes wollen, ohne sich das Leben schwer zu machen.<\/em><\/p>\n","protected":false},"excerpt":{"rendered":"<p data-start=\"1022\" data-end=\"1221\">Ballon aus Aluminium in Form von Schnecke Creme und Schwarz, zum Aufblasen mit Luft oder mit Helium. Ideal f\u00fcr eine Halloween-Dekoration stylisch und originell. Ma\u00dfe nach Aufblasen: Env. 36 x 41 cm.   Strohhalm inklusive.<\/p>\n","protected":false},"featured_media":45140,"comment_status":"open","ping_status":"closed","template":"","meta":[],"product_cat":[258,1079],"product_tag":[],"class_list":{"0":"post-45481","1":"product","2":"type-product","3":"status-publish","4":"has-post-thumbnail","6":"product_brand-partydeco-de","7":"product_cat-halloween-de-2","8":"product_cat-halloween-raum-und-ausendekoration","10":"first","11":"instock","12":"featured","13":"taxable","14":"shipping-taxable","15":"purchasable","16":"product-type-simple"},"_links":{"self":[{"href":"https:\/\/camaleoparty.ch\/de\/wp-json\/wp\/v2\/product\/45481","targetHints":{"allow":["GET"]}}],"collection":[{"href":"https:\/\/camaleoparty.ch\/de\/wp-json\/wp\/v2\/product"}],"about":[{"href":"https:\/\/camaleoparty.ch\/de\/wp-json\/wp\/v2\/types\/product"}],"replies":[{"embeddable":true,"href":"https:\/\/camaleoparty.ch\/de\/wp-json\/wp\/v2\/comments?post=45481"}],"wp:featuredmedia":[{"embeddable":true,"href":"https:\/\/camaleoparty.ch\/de\/wp-json\/wp\/v2\/media\/45140"}],"wp:attachment":[{"href":"https:\/\/camaleoparty.ch\/de\/wp-json\/wp\/v2\/media?parent=45481"}],"wp:term":[{"taxonomy":"product_cat","embeddable":true,"href":"https:\/\/camaleoparty.ch\/de\/wp-json\/wp\/v2\/product_cat?post=45481"},{"taxonomy":"product_tag","embeddable":true,"href":"https:\/\/camaleoparty.ch\/de\/wp-json\/wp\/v2\/product_tag?post=45481"}],"curies":[{"name":"wp","href":"https:\/\/api.w.org\/{rel}","templated":true}]}}