{"id":45480,"date":"2025-07-27T17:34:00","date_gmt":"2025-08-20T13:30:17","guid":{"rendered":"https:\/\/camaleoparty.ch\/product\/riesenballon-fledermaus-schwarz-halloween-deko-120x81-cm\/"},"modified":"2025-08-20T14:30:17","modified_gmt":"2025-08-20T13:30:17","slug":"riesenballon-fledermaus-schwarz-halloween-deko-120x81-cm","status":"publish","type":"product","link":"https:\/\/camaleoparty.ch\/de\/produkt\/riesenballon-fledermaus-schwarz-halloween-deko-120x81-cm\/","title":{"rendered":"Riesenballon Fledermaus schwarz &#8211; Halloween-Deko (120&#215;81 cm)"},"content":{"rendered":"<div class=\"flex basis-auto flex-col -mb-(--composer-overlap-px) [--composer-overlap-px:55px] grow overflow-hidden\">\n<div class=\"relative h-full\">\n<div class=\"flex h-full flex-col overflow-y-auto [scrollbar-gutter:stable_both-edges] @[84rem]\/thread:pt-(--header-height)\">\n<div class=\"@thread-xl\/thread:pt-header-height flex flex-col text-sm pb-25\">\n<article class=\"text-token-text-primary w-full focus:outline-none scroll-mt-[calc(var(--header-height)+min(200px,max(70px,20svh)))]\" dir=\"auto\" tabindex=\"-1\" data-testid=\"conversation-turn-4\" data-scroll-anchor=\"true\" data-turn=\"assistant\">\n<div class=\"text-base my-auto mx-auto pb-10 [--thread-content-margin:--spacing(4)] @[37rem]:[--thread-content-margin:--spacing(6)] @[72rem]:[--thread-content-margin:--spacing(16)] px-(--thread-content-margin)\">\n<div class=\"[--thread-content-max-width:32rem] @[34rem]:[--thread-content-max-width:40rem] @[64rem]:[--thread-content-max-width:48rem] mx-auto max-w-(--thread-content-max-width) flex-1 group\/turn-messages focus-visible:outline-hidden relative flex w-full min-w-0 flex-col agent-turn\" tabindex=\"-1\">\n<div class=\"flex max-w-full flex-col grow\">\n<div class=\"min-h-8 text-message relative flex w-full flex-col items-end gap-2 text-start break-words whitespace-normal [.text-message+&amp;]:mt-5\" dir=\"auto\" data-message-author-role=\"assistant\" data-message-id=\"4392ac5d-f5bb-4ace-9917-82058f4f4010\" data-message-model-slug=\"gpt-4o\">\n<div class=\"flex w-full flex-col gap-1 empty:hidden first:pt-[3px]\">\n<div class=\"markdown prose dark:prose-invert w-full break-words light\">\n<blockquote data-start=\"1172\" data-end=\"1442\">\n<p data-start=\"1174\" data-end=\"1442\">\ud83e\udd87 <strong data-start=\"1177\" data-end=\"1221\">Ein Wow-Effekt ohne Kopfzerbrechen!<\/strong><br data-start=\"1221\" data-end=\"1224\">Dieser riesige Ballon in Form einer schwarzen Fledermaus mit roten Akzenten verleiht Ihrer Party einen dramatischen und magischen Touch. Perfekt f\u00fcr Halloween, eine Hexenparty oder einfach nur, um die kleinen Monster zu Hause zu unterhalten. <\/p>\n<\/blockquote>\n<p data-start=\"1444\" data-end=\"1604\">\ud83d\udccf <strong data-start=\"1447\" data-end=\"1463\">Abmessungen:<\/strong><br data-start=\"1463\" data-end=\"1466\">Vor dem Aufblasen: ca. 150 x 77 cm<br data-start=\"1499\" data-end=\"1502\">Nach dem Aufblasen: ca. 120 x 81 cm<br data-start=\"1535\" data-end=\"1538\">Nur mit Luft aufblasbar. Inklusive Strohhalm zum einfachen Aufblasen. <\/p>\n<p data-start=\"1606\" data-end=\"1818\">\ud83c\udf89 <strong data-start=\"1609\" data-end=\"1625\">Deko-Ideen:<\/strong><br data-start=\"1625\" data-end=\"1628\">H\u00e4ngen Sie es an die Eingangswand, \u00fcber das Buffet oder in die Mitte eines Ballonbogens.<br data-start=\"1714\" data-end=\"1717\">Camaleo-Tipp: F\u00fcgen Sie orangefarbene und lilafarbene Miniballons rundherum hinzu, um einen noch magischeren Effekt zu erzielen!<\/p>\n<p data-start=\"1820\" data-end=\"1897\">\u2728 Geeignet f\u00fcr alle die Stile: Halloween klassisch, gotisch oder Hexenmeister chic.<\/p>\n<p data-start=\"1899\" data-end=\"1979\"><em data-start=\"1899\" data-end=\"1979\">Camaleo Party &#8211; f\u00fcr M\u00fctter, die etwas Sch\u00f6nes wollen, ohne sich das Leben schwer zu machen.<\/em><\/p>\n<\/div>\n<\/div>\n<\/div>\n<\/div>\n<\/div>\n<\/div>\n<\/article>\n<\/div>\n<\/div>\n<\/div>\n<\/div>\n<div id=\"thread-bottom-container\" class=\"content-fade relative isolate z-10 w-full basis-auto has-data-has-thread-error:pt-2 has-data-has-thread-error:[box-shadow:var(--sharp-edge-bottom-shadow)] md:border-transparent md:pt-0 dark:border-white\/20 md:dark:border-transparent flex flex-col\">\n<div id=\"thread-bottom\">\n<div class=\"text-base mx-auto [--thread-content-margin:--spacing(4)] @[37rem]:[--thread-content-margin:--spacing(6)] @[72rem]:[--thread-content-margin:--spacing(16)] px-(--thread-content-margin)\">\n<div class=\"[--thread-content-max-width:32rem] @[34rem]:[--thread-content-max-width:40rem] @[64rem]:[--thread-content-max-width:48rem] mx-auto max-w-(--thread-content-max-width) flex-1\">\n<div class=\"max-xs:[--force-hide-label:none] relative z-1 flex h-full max-w-full flex-1 flex-col\">\n<form class=\"w-full [view-transition-name:var(--vt-composer)]\" data-type=\"unified-composer\">\n<div class=\"bg-token-bg-primary shadow-short flex w-full cursor-text flex-col items-center justify-center overflow-clip bg-clip-padding contain-inline-size dark:bg-[#303030] rounded-[28px]\">\n<div class=\"relative flex min-h-14 w-full items-end\">\n<div class=\"relative flex w-full flex-auto flex-col\">\n<div class=\"justify-content-end relative ms-2 flex w-full flex-auto flex-col\">\n<div class=\"flex-auto\"><\/div>\n<\/div>\n<div><\/div>\n<\/div>\n<\/div>\n<\/div>\n<\/form>\n<\/div>\n<\/div>\n<\/div>\n<\/div>\n<\/div>\n","protected":false},"excerpt":{"rendered":"<p>Fledermausballon Riese (120&#215;81 cm) f\u00fcr eine Deko Halloween waouh &#8211; zum Aufblasen an der Luft, Strohhalm inbegriffen!<\/p>\n","protected":false},"featured_media":45147,"comment_status":"open","ping_status":"closed","template":"","meta":[],"product_cat":[274,258,1079],"product_tag":[],"class_list":{"0":"post-45480","1":"product","2":"type-product","3":"status-publish","4":"has-post-thumbnail","6":"product_brand-partydeco-de","7":"product_cat-folienballons","8":"product_cat-halloween-de-2","9":"product_cat-halloween-raum-und-ausendekoration","11":"first","12":"instock","13":"featured","14":"taxable","15":"shipping-taxable","16":"purchasable","17":"product-type-simple"},"_links":{"self":[{"href":"https:\/\/camaleoparty.ch\/de\/wp-json\/wp\/v2\/product\/45480","targetHints":{"allow":["GET"]}}],"collection":[{"href":"https:\/\/camaleoparty.ch\/de\/wp-json\/wp\/v2\/product"}],"about":[{"href":"https:\/\/camaleoparty.ch\/de\/wp-json\/wp\/v2\/types\/product"}],"replies":[{"embeddable":true,"href":"https:\/\/camaleoparty.ch\/de\/wp-json\/wp\/v2\/comments?post=45480"}],"wp:featuredmedia":[{"embeddable":true,"href":"https:\/\/camaleoparty.ch\/de\/wp-json\/wp\/v2\/media\/45147"}],"wp:attachment":[{"href":"https:\/\/camaleoparty.ch\/de\/wp-json\/wp\/v2\/media?parent=45480"}],"wp:term":[{"taxonomy":"product_cat","embeddable":true,"href":"https:\/\/camaleoparty.ch\/de\/wp-json\/wp\/v2\/product_cat?post=45480"},{"taxonomy":"product_tag","embeddable":true,"href":"https:\/\/camaleoparty.ch\/de\/wp-json\/wp\/v2\/product_tag?post=45480"}],"curies":[{"name":"wp","href":"https:\/\/api.w.org\/{rel}","templated":true}]}}