{"id":45479,"date":"2025-07-27T21:43:00","date_gmt":"2025-08-20T13:28:04","guid":{"rendered":"https:\/\/camaleoparty.ch\/product\/ballon-aus-aluminium-skelett-xxl\/"},"modified":"2025-08-20T14:28:04","modified_gmt":"2025-08-20T13:28:04","slug":"ballon-aus-aluminium-skelett-xxl","status":"publish","type":"product","link":"https:\/\/camaleoparty.ch\/de\/produkt\/ballon-aus-aluminium-skelett-xxl\/","title":{"rendered":"Ballon aus Aluminium Skelett XXL"},"content":{"rendered":"<p data-start=\"184\" data-end=\"478\">\ud83d\udc80 <strong data-start=\"187\" data-end=\"259\">Ein Skelett kurzweilig der macht Gef\u00fchl ohne Sie komplizieren das Leben! <\/strong><br data-start=\"259\" data-end=\"262\">Mit Sound Look Creme und Schwarz, dieses Skelett XXL f\u00fcgt eine gute Dosis von Fun (und ein Brust von Schauer) zu Ihrer Halloween-Dekoration hinzu. Die Kinder lieben es, die Eltern auch &#8211; einfach zum Aufblasen und noch einfacher zum Lieben! <\/p>\n<p data-start=\"480\" data-end=\"649\">\ud83d\udccf <strong data-start=\"483\" data-end=\"499\">Abmessungen:<\/strong> <\/p>\n<p data-start=\"651\" data-end=\"908\">\ud83c\udf89 <strong data-start=\"654\" data-end=\"670\">Deko-Ideen:<\/strong><br data-start=\"670\" data-end=\"673\">Kleben Sie es an die Wand neben der Eingangst\u00fcr, stellen Sie es neben das Buffet oder lassen Sie es inmitten Ihrer Partyfotos &#8222;tanzen&#8220;.<br data-start=\"798\" data-end=\"801\">\ud83d\udca1 <em data-start=\"804\" data-end=\"820\">Camaleo-Tipp<\/em>: F\u00fcgen Sie eine Lichterkette oder Mini-Luftballons darum herum hinzu, um einen garantierten Wow-Effekt zu erzielen!<\/p>\n<p data-start=\"910\" data-end=\"999\">\u2728 Geeignet f\u00fcr alle die Stile: Halloween Pastell, klassisch, rigolo oder Haushalt hanta chic.<\/p>\n<p>Camaleo Party &#8211; die sch\u00f6ne ohne \u00dcbernahme von Kopf, selbst f\u00fcr Halloween!<\/p>\n","protected":false},"excerpt":{"rendered":"<p data-start=\"1141\" data-end=\"1320\">XXL-Aluminiumballon in Form eines cremefarbenen und schwarzen Skeletts. Mit Luft aufzublasen (Strohhalm inbegriffen). Ma\u00dfe nach dem Aufblasen: ca. 46 x 129 cm. Garantierter Wow-Effekt an Halloween!   <\/p>\n","protected":false},"featured_media":45157,"comment_status":"open","ping_status":"closed","template":"","meta":[],"product_cat":[258,1079],"product_tag":[],"class_list":{"0":"post-45479","1":"product","2":"type-product","3":"status-publish","4":"has-post-thumbnail","6":"product_brand-partydeco-de","7":"product_cat-halloween-de-2","8":"product_cat-halloween-raum-und-ausendekoration","10":"first","11":"instock","12":"featured","13":"taxable","14":"shipping-taxable","15":"purchasable","16":"product-type-simple"},"_links":{"self":[{"href":"https:\/\/camaleoparty.ch\/de\/wp-json\/wp\/v2\/product\/45479","targetHints":{"allow":["GET"]}}],"collection":[{"href":"https:\/\/camaleoparty.ch\/de\/wp-json\/wp\/v2\/product"}],"about":[{"href":"https:\/\/camaleoparty.ch\/de\/wp-json\/wp\/v2\/types\/product"}],"replies":[{"embeddable":true,"href":"https:\/\/camaleoparty.ch\/de\/wp-json\/wp\/v2\/comments?post=45479"}],"wp:featuredmedia":[{"embeddable":true,"href":"https:\/\/camaleoparty.ch\/de\/wp-json\/wp\/v2\/media\/45157"}],"wp:attachment":[{"href":"https:\/\/camaleoparty.ch\/de\/wp-json\/wp\/v2\/media?parent=45479"}],"wp:term":[{"taxonomy":"product_cat","embeddable":true,"href":"https:\/\/camaleoparty.ch\/de\/wp-json\/wp\/v2\/product_cat?post=45479"},{"taxonomy":"product_tag","embeddable":true,"href":"https:\/\/camaleoparty.ch\/de\/wp-json\/wp\/v2\/product_tag?post=45479"}],"curies":[{"name":"wp","href":"https:\/\/api.w.org\/{rel}","templated":true}]}}