{"id":45478,"date":"2025-07-27T21:56:00","date_gmt":"2025-08-20T13:26:04","guid":{"rendered":"https:\/\/camaleoparty.ch\/product\/ballons-spinnen-packung-zu-6\/"},"modified":"2025-08-20T14:26:04","modified_gmt":"2025-08-20T13:26:04","slug":"ballons-spinnen-packung-zu-6","status":"publish","type":"product","link":"https:\/\/camaleoparty.ch\/de\/produkt\/ballons-spinnen-packung-zu-6\/","title":{"rendered":"Ballons Spinnen &#8211; Packung zu 6"},"content":{"rendered":"<p>\ud83d\udd77\ufe0f <strong data-start=\"142\" data-end=\"218\">Ein Kit aus Ballons Handschriften f\u00fcr eine Deko Halloween s\u00fc\u00df und originell!<\/strong>.<\/p>\n<p data-start=\"138\" data-end=\"429\">Dieser Slot Kombi aus Ballons Pastel off-white, crystal clear und schwarz pastel mit Aufdrucken Klinken, perfekt um eine eine Stimmung spooky aber elegant zu schaffen. Ideal f\u00fcr \u00fcberraschend ohne \u00fcberladen die Deko. <\/p>\n<p data-start=\"431\" data-end=\"519\">\ud83d\udccf <strong data-start=\"434\" data-end=\"450\">Ma\u00dfe:<\/strong><br data-start=\"450\" data-end=\"453\">Durchmesser nv. 30 cm<br data-start=\"472\" data-end=\"475\">Kit Mix bestehend Ballons bedruckt und vereint.<\/p>\n<p data-start=\"521\" data-end=\"723\">\ud83c\udf89 <strong data-start=\"524\" data-end=\"540\">Deko-Ideen:<\/strong><br data-start=\"540\" data-end=\"543\">Verwenden Sie sie als Strau\u00df, in einem pastellfarbenen Bogen oder auf dem Tisch verstreut.<br data-start=\"616\" data-end=\"619\">\ud83d\udca1 <em data-start=\"622\" data-end=\"638\">Camaleo-Tipp<\/em>: F\u00fcgen Sie schwarze, metallisierte Minib\u00e4lle f\u00fcr mehr Tiefe und Kontrast hinzu.<\/p>\n<p data-start=\"725\" data-end=\"790\">\u2728 Passend zu tous les styles : Halloween pastel, modern ou chic.<\/p>\n<p data-start=\"792\" data-end=\"876\"><em data-start=\"792\" data-end=\"876\">Camaleo Party &#8211; f\u00fcr alle, die etwas Sch\u00f6nes wollen, ohne sich das Leben schwer zu machen.<\/em><\/p>\n","protected":false},"excerpt":{"rendered":"<p>Set aus Ballons mit Spinnenaufdruck und einfarbigen Ballons in Pastell off-white, Crystal Clear und Schwarz, Durchmesser 30 cm. Perfekt f\u00fcr eine elegante und einfache Halloween-Dekoration. <\/p>\n","protected":false},"featured_media":45161,"comment_status":"open","ping_status":"closed","template":"","meta":[],"product_cat":[258,1079],"product_tag":[],"class_list":{"0":"post-45478","1":"product","2":"type-product","3":"status-publish","4":"has-post-thumbnail","6":"product_brand-partydeco-de","7":"product_cat-halloween-de-2","8":"product_cat-halloween-raum-und-ausendekoration","10":"first","11":"instock","12":"featured","13":"taxable","14":"shipping-taxable","15":"purchasable","16":"product-type-simple"},"_links":{"self":[{"href":"https:\/\/camaleoparty.ch\/de\/wp-json\/wp\/v2\/product\/45478","targetHints":{"allow":["GET"]}}],"collection":[{"href":"https:\/\/camaleoparty.ch\/de\/wp-json\/wp\/v2\/product"}],"about":[{"href":"https:\/\/camaleoparty.ch\/de\/wp-json\/wp\/v2\/types\/product"}],"replies":[{"embeddable":true,"href":"https:\/\/camaleoparty.ch\/de\/wp-json\/wp\/v2\/comments?post=45478"}],"wp:featuredmedia":[{"embeddable":true,"href":"https:\/\/camaleoparty.ch\/de\/wp-json\/wp\/v2\/media\/45161"}],"wp:attachment":[{"href":"https:\/\/camaleoparty.ch\/de\/wp-json\/wp\/v2\/media?parent=45478"}],"wp:term":[{"taxonomy":"product_cat","embeddable":true,"href":"https:\/\/camaleoparty.ch\/de\/wp-json\/wp\/v2\/product_cat?post=45478"},{"taxonomy":"product_tag","embeddable":true,"href":"https:\/\/camaleoparty.ch\/de\/wp-json\/wp\/v2\/product_tag?post=45478"}],"curies":[{"name":"wp","href":"https:\/\/api.w.org\/{rel}","templated":true}]}}