{"id":44568,"date":"2024-10-15T22:44:00","date_gmt":"2024-10-15T21:44:00","guid":{"rendered":"https:\/\/camaleoparty.ch\/product\/luftballon-aus-foil-feuerwehrauto\/"},"modified":"2025-02-11T10:37:29","modified_gmt":"2025-02-11T09:37:29","slug":"luftballon-aus-foil-feuerwehrauto","status":"publish","type":"product","link":"https:\/\/camaleoparty.ch\/de\/produkt\/luftballon-aus-foil-feuerwehrauto\/","title":{"rendered":"Luftballon aus Foil &#8211; Feuerwehrauto"},"content":{"rendered":"<p>Bringen Sie die Augen Ihrer kleinen Feuerwehrleute zum Strahlen mit unserem Fire Truck Folienballon! ? Dieser atemberaubende, farbenfrohe Ballon misst im aufgeblasenen Zustand etwa 67 x 53 cm und steht von selbst aufrecht, bereit, den Partyg\u00e4sten zu Hilfe zu eilen. Mit dem mitgelieferten Strohhalm l\u00e4sst es sich leicht aufblasen und ist ideal f\u00fcr Geburtstagsfeiern mit Feuerwehrmotiv oder f\u00fcr alle Kinder, die sich f\u00fcr Rettungsfahrzeuge begeistern. Kombinieren Sie es mit anderen Ballons, um eine echte Feuerwache zu Hause und eine unvergessliche Party zu schaffen! ?<\/p>\n","protected":false},"excerpt":{"rendered":"<p>F\u00fcr eine Feuerwehr-Mottoparty entscheiden Sie sich f\u00fcr diesen stehenden Feuerwehrauto-Folienballon! ? Einfaches Aufblasen mit dem mitgelieferten Strohhalm. Ma\u00dfe nach dem Aufpumpen: 67 x 53 cm.   <\/p>\n","protected":false},"featured_media":43248,"comment_status":"open","ping_status":"closed","template":"","meta":[],"product_cat":[585,165,274,183],"product_tag":[],"class_list":{"0":"post-44568","1":"product","2":"type-product","3":"status-publish","4":"has-post-thumbnail","6":"product_brand-partydeco-de","7":"product_cat-feuerwehrmann","8":"product_cat-ballone","9":"product_cat-folienballons","10":"product_cat-geburtstag","12":"first","13":"outofstock","14":"taxable","15":"shipping-taxable","16":"purchasable","17":"product-type-simple"},"_links":{"self":[{"href":"https:\/\/camaleoparty.ch\/de\/wp-json\/wp\/v2\/product\/44568","targetHints":{"allow":["GET"]}}],"collection":[{"href":"https:\/\/camaleoparty.ch\/de\/wp-json\/wp\/v2\/product"}],"about":[{"href":"https:\/\/camaleoparty.ch\/de\/wp-json\/wp\/v2\/types\/product"}],"replies":[{"embeddable":true,"href":"https:\/\/camaleoparty.ch\/de\/wp-json\/wp\/v2\/comments?post=44568"}],"wp:featuredmedia":[{"embeddable":true,"href":"https:\/\/camaleoparty.ch\/de\/wp-json\/wp\/v2\/media\/43248"}],"wp:attachment":[{"href":"https:\/\/camaleoparty.ch\/de\/wp-json\/wp\/v2\/media?parent=44568"}],"wp:term":[{"taxonomy":"product_cat","embeddable":true,"href":"https:\/\/camaleoparty.ch\/de\/wp-json\/wp\/v2\/product_cat?post=44568"},{"taxonomy":"product_tag","embeddable":true,"href":"https:\/\/camaleoparty.ch\/de\/wp-json\/wp\/v2\/product_tag?post=44568"}],"curies":[{"name":"wp","href":"https:\/\/api.w.org\/{rel}","templated":true}]}}