{"id":43450,"date":"2024-10-09T09:59:36","date_gmt":"2024-10-13T14:45:14","guid":{"rendered":"https:\/\/pikasworld.ch\/product\/fledermausstrohhalme-6-stueck\/"},"modified":"2024-11-08T13:18:51","modified_gmt":"2024-11-08T12:18:51","slug":"fledermausstrohhalme-6-stueck","status":"publish","type":"product","link":"https:\/\/camaleoparty.ch\/de\/produkt\/fledermausstrohhalme-6-stueck\/","title":{"rendered":"Fledermausstrohhalme, 6 St\u00fcck."},"content":{"rendered":"<p><strong>Fledermaus-Strohhalme: Geben Sie Ihren Getr\u00e4nken einen furchterregenden Touch!<\/strong><\/p>\n<p>Diese <strong>roten Strohhalme<\/strong> mit niedlichen schwarzen Flederm\u00e4usen sind das perfekte Accessoire, um Ihren Getr\u00e4nken eine festliche und leicht gruselige Note zu verleihen. Mit einer L\u00e4nge von 19,5 cm sind sie ideal f\u00fcr alle Arten von Getr\u00e4nken, von Fruchts\u00e4ften bis hin zu Halloween-Cocktails. Ihr freches, lustiges Design wird bei Ihren G\u00e4sten gut ankommen, egal ob bei einer Kinderparty oder einer Halloween-Party mit Freunden. Sie k\u00f6nnen sie auch mit unseren anderen Dekorationsartikeln kombinieren, um einen harmonischen und geheimnisvollen Tisch zu gestalten.    <\/p>\n<p><strong>Deko-Tipp?<\/strong> Setzen Sie sie in klare Gl\u00e4ser , damit die kleinen Flederm\u00e4use richtig zur Geltung kommen. Und f\u00fcr einen noch besseren Look, kombinieren Sie sie mit unseren Fledermaus-Servietten, Tellern und Dekorationen! Sie sind der perfekte letzte Schliff f\u00fcr einen Tisch, der sowohl stilvoll als auch gruselig ist.   <\/p>\n","protected":false},"excerpt":{"rendered":"<p><strong>Fledermaus-Strohhalme: Ein gruseliges Detail , das Ihre Halloween-Drinks aufwertet!<\/strong><br \/>\nRote Strohhalme mit schwarzen Flederm\u00e4usen, L\u00e4nge 19,5 cm. Perfekt , um Ihren Halloween-Partys einen lustigen Touch zu verleihen.  <\/p>\n<p>&nbsp;<\/p>\n","protected":false},"featured_media":43199,"comment_status":"open","ping_status":"closed","template":"","meta":[],"product_cat":[258,1081,555],"product_tag":[],"class_list":{"0":"post-43450","1":"product","2":"type-product","3":"status-publish","4":"has-post-thumbnail","6":"product_brand-partydeco-de","7":"product_cat-halloween-de-2","8":"product_cat-halloween-tischdekoration","9":"product_cat-sale-de-2","11":"first","12":"instock","13":"taxable","14":"shipping-taxable","15":"purchasable","16":"product-type-simple"},"_links":{"self":[{"href":"https:\/\/camaleoparty.ch\/de\/wp-json\/wp\/v2\/product\/43450","targetHints":{"allow":["GET"]}}],"collection":[{"href":"https:\/\/camaleoparty.ch\/de\/wp-json\/wp\/v2\/product"}],"about":[{"href":"https:\/\/camaleoparty.ch\/de\/wp-json\/wp\/v2\/types\/product"}],"replies":[{"embeddable":true,"href":"https:\/\/camaleoparty.ch\/de\/wp-json\/wp\/v2\/comments?post=43450"}],"wp:featuredmedia":[{"embeddable":true,"href":"https:\/\/camaleoparty.ch\/de\/wp-json\/wp\/v2\/media\/43199"}],"wp:attachment":[{"href":"https:\/\/camaleoparty.ch\/de\/wp-json\/wp\/v2\/media?parent=43450"}],"wp:term":[{"taxonomy":"product_cat","embeddable":true,"href":"https:\/\/camaleoparty.ch\/de\/wp-json\/wp\/v2\/product_cat?post=43450"},{"taxonomy":"product_tag","embeddable":true,"href":"https:\/\/camaleoparty.ch\/de\/wp-json\/wp\/v2\/product_tag?post=43450"}],"curies":[{"name":"wp","href":"https:\/\/api.w.org\/{rel}","templated":true}]}}