{"id":43442,"date":"2024-10-03T20:53:49","date_gmt":"2024-10-13T10:26:07","guid":{"rendered":"https:\/\/pikasworld.ch\/product\/tischdecke-spinnennetz-124cm\/"},"modified":"2024-11-08T13:19:13","modified_gmt":"2024-11-08T12:19:13","slug":"tischdecke-spinnennetz-124cm","status":"publish","type":"product","link":"https:\/\/camaleoparty.ch\/de\/produkt\/tischdecke-spinnennetz-124cm\/","title":{"rendered":"Tischdecke Spinnennetz, 124cm"},"content":{"rendered":"<p>Schaffen Sie mit unserer Spinnennetz-Tischdecke eine gruselige Atmosph\u00e4re!<br \/>\nLust auf eine schaurige Dekoration f\u00fcr Halloween oder eine gruselige Mottoparty?<br \/>\nDiese schwarz-graue Spinnennetz-Tischdecke ist das perfekte Accessoire, um Ihren Tisch in ein wahres Versteck von gruseligen Kreaturen zu verwandeln!<br \/>\nMit einem Durchmesser von ca. 124 cm ist sie ideal, um Ihren Tisch zu decken und Ihre G\u00e4ste zu beeindrucken.<br \/>\nAus 100% Polyester gefertigt, ist sie pflegeleicht (Handw\u00e4sche) und kann f\u00fcr mehrere Veranstaltungen wiederverwendet werden.<br \/>\nStellen Sie sich diese Tischdecke bei ged\u00e4mpftem Licht vor, umgeben von K\u00fcrbissen und schauriger Dekoration&#8230; G\u00e4nsehaut garantiert! Und vergessen Sie nicht, dass wir bei Pika&#8217;s World alles haben, was Sie f\u00fcr eine schaurig-sch\u00f6ne Party brauchen! <\/p>\n","protected":false},"excerpt":{"rendered":"<p>Tischdecke mit Spinnennetz f\u00fcr eine gruselige Dekoration!<br \/>\nDiese Tischdecke aus schwarzem und grauem Polyester (124 cm Durchmesser) ist ideal f\u00fcr eine Halloween-Dekoration.<br \/>\nEinfach zu waschen und wiederverwendbar!<\/p>\n","protected":false},"featured_media":43039,"comment_status":"open","ping_status":"closed","template":"","meta":[],"product_cat":[258,1081],"product_tag":[],"class_list":{"0":"post-43442","1":"product","2":"type-product","3":"status-publish","4":"has-post-thumbnail","6":"product_brand-partydeco-de","7":"product_cat-halloween-de-2","8":"product_cat-halloween-tischdekoration","10":"first","11":"instock","12":"featured","13":"taxable","14":"shipping-taxable","15":"purchasable","16":"product-type-simple"},"_links":{"self":[{"href":"https:\/\/camaleoparty.ch\/de\/wp-json\/wp\/v2\/product\/43442","targetHints":{"allow":["GET"]}}],"collection":[{"href":"https:\/\/camaleoparty.ch\/de\/wp-json\/wp\/v2\/product"}],"about":[{"href":"https:\/\/camaleoparty.ch\/de\/wp-json\/wp\/v2\/types\/product"}],"replies":[{"embeddable":true,"href":"https:\/\/camaleoparty.ch\/de\/wp-json\/wp\/v2\/comments?post=43442"}],"wp:featuredmedia":[{"embeddable":true,"href":"https:\/\/camaleoparty.ch\/de\/wp-json\/wp\/v2\/media\/43039"}],"wp:attachment":[{"href":"https:\/\/camaleoparty.ch\/de\/wp-json\/wp\/v2\/media?parent=43442"}],"wp:term":[{"taxonomy":"product_cat","embeddable":true,"href":"https:\/\/camaleoparty.ch\/de\/wp-json\/wp\/v2\/product_cat?post=43442"},{"taxonomy":"product_tag","embeddable":true,"href":"https:\/\/camaleoparty.ch\/de\/wp-json\/wp\/v2\/product_tag?post=43442"}],"curies":[{"name":"wp","href":"https:\/\/api.w.org\/{rel}","templated":true}]}}