{"id":43441,"date":"2024-10-03T21:08:00","date_gmt":"2024-10-13T10:26:07","guid":{"rendered":"https:\/\/pikasworld.ch\/product\/blutende-kerzen-3-stueck\/"},"modified":"2024-11-08T13:19:08","modified_gmt":"2024-11-08T12:19:08","slug":"blutende-kerzen-3-stueck","status":"publish","type":"product","link":"https:\/\/camaleoparty.ch\/de\/produkt\/blutende-kerzen-3-stueck\/","title":{"rendered":"Blutende Kerzen, 3 St\u00fcck"},"content":{"rendered":"<p><strong>Blutende Kerzen f\u00fcr eine gruselige Atmosph\u00e4re!<\/strong><br \/>\nVerwandeln Sie Ihre Halloween- oder gruseligen Themenpartys in echte Horrorszenen mit diesen blutenden <strong>Kerzen<\/strong>! Mit ihrem roten, tropfenden Wachseffekt verleihen diese d\u00fcnnen Kerzen (25 cm hoch und 2 cm Durchmesser) Ihrer Dekoration einen dramatischen und unheimlichen Touch. Perfekt, um eine makabre Atmosph\u00e4re bei einem Abendessen zu schaffen oder um eine geheimnisvolle Ecke des Raumes zu beleuchten.<br \/>\nDas Set besteht aus 3 Kerzen, genug, um all Ihren G\u00e4sten einen Schauer \u00fcber den R\u00fccken zu jagen! Und nat\u00fcrlich finden Sie in unserem Shop alles, was Sie brauchen, um Ihre Horror-Deko zu vervollst\u00e4ndigen. Trauen Sie sich, diese Kerzen anzuz\u00fcnden?   <\/p>\n","protected":false},"excerpt":{"rendered":"<p><strong>Schaffen Sie mit unseren blutenden Kerzen eine gruselige Atmosph\u00e4re!<\/strong><br \/>\nDiese 3 Spitzkerzen (25 cm) mit rotem, tropfenden Wachseffekt sind perfekt f\u00fcr Halloween oder eine gruselige Dekoration!<\/p>\n","protected":false},"featured_media":43052,"comment_status":"open","ping_status":"closed","template":"","meta":[],"product_cat":[258,1079,1081],"product_tag":[],"class_list":{"0":"post-43441","1":"product","2":"type-product","3":"status-publish","4":"has-post-thumbnail","6":"product_brand-partydeco-de","7":"product_cat-halloween-de-2","8":"product_cat-halloween-raum-und-ausendekoration","9":"product_cat-halloween-tischdekoration","11":"first","12":"instock","13":"featured","14":"taxable","15":"shipping-taxable","16":"purchasable","17":"product-type-simple"},"_links":{"self":[{"href":"https:\/\/camaleoparty.ch\/de\/wp-json\/wp\/v2\/product\/43441","targetHints":{"allow":["GET"]}}],"collection":[{"href":"https:\/\/camaleoparty.ch\/de\/wp-json\/wp\/v2\/product"}],"about":[{"href":"https:\/\/camaleoparty.ch\/de\/wp-json\/wp\/v2\/types\/product"}],"replies":[{"embeddable":true,"href":"https:\/\/camaleoparty.ch\/de\/wp-json\/wp\/v2\/comments?post=43441"}],"wp:featuredmedia":[{"embeddable":true,"href":"https:\/\/camaleoparty.ch\/de\/wp-json\/wp\/v2\/media\/43052"}],"wp:attachment":[{"href":"https:\/\/camaleoparty.ch\/de\/wp-json\/wp\/v2\/media?parent=43441"}],"wp:term":[{"taxonomy":"product_cat","embeddable":true,"href":"https:\/\/camaleoparty.ch\/de\/wp-json\/wp\/v2\/product_cat?post=43441"},{"taxonomy":"product_tag","embeddable":true,"href":"https:\/\/camaleoparty.ch\/de\/wp-json\/wp\/v2\/product_tag?post=43441"}],"curies":[{"name":"wp","href":"https:\/\/api.w.org\/{rel}","templated":true}]}}