{"id":43409,"date":"2024-10-04T09:03:00","date_gmt":"2024-10-09T17:37:44","guid":{"rendered":"https:\/\/pikasworld.ch\/product\/dekoration-spinnennetz-weiss-5x4m\/"},"modified":"2024-11-08T13:19:01","modified_gmt":"2024-11-08T12:19:01","slug":"dekoration-spinnennetz-weiss-5x4m","status":"publish","type":"product","link":"https:\/\/camaleoparty.ch\/de\/produkt\/dekoration-spinnennetz-weiss-5x4m\/","title":{"rendered":"Dekoration Spinnennetz, wei\u00df, 5x4m"},"content":{"rendered":"<p><strong>Wei\u00dfe Spinnwebdekoration: Verwandeln Sie Ihren Au\u00dfenbereich in ein gruseliges Versteck!<\/strong><br \/>\nNichts ist besser geeignet, um Ihre G\u00e4ste in Halloween-Stimmung zu versetzen, als unsere <strong>wei\u00dfe Spinnwebdekoration<\/strong>. Mit einer beeindruckenden Gr\u00f6\u00dfe von 5 x 4 Metern ist dieses Netz perfekt geeignet, um Ihren Garten, Ihren Eingangsbereich oder jeden anderen Au\u00dfenbereich, den Sie gruselig gestalten m\u00f6chten, zu verh\u00fcllen. Das Netz wurde f\u00fcr eine einfache Installation entworfen. H\u00e4ngen Sie einfach den oberen Teil an einen Haken und befestigen Sie den unteren Teil mit Heringen am Boden. Hergestellt aus Polyester (60%) und PP (40%) ist es wetterbest\u00e4ndig und somit ideal f\u00fcr den Einsatz im Freien geeignet. Ihr Haus wird zum Mittelpunkt der Nachbarschaft, wo jeder Gast erschauern wird, wenn er durch dieses riesige Spinnennetz l\u00e4uft! <strong>M\u00f6chten Sie den Horror noch weiter steigern?<\/strong> Vervollst\u00e4ndigen Sie Ihre Dekoration mit unserer <strong>Skelettdekoration<\/strong> oder unseren <strong>blutenden Kerzen<\/strong>. Machen Sie Ihre Halloween-Party zu einem unvergesslichen Erlebnis! <\/p>\n","protected":false},"excerpt":{"rendered":"<p><strong>Wei\u00dfe Spinnennetz-Dekoration: ideal f\u00fcr eine Halloween-Dekoration im Freien!<\/strong><br \/>\nMit einer Gr\u00f6\u00dfe von 5 x 4 m verwandelt dieses wei\u00dfe Spinnennetz jeden Au\u00dfenbereich in einen furchterregenden Ort.<\/p>\n<p>&nbsp;<\/p>\n","protected":false},"featured_media":43075,"comment_status":"open","ping_status":"closed","template":"","meta":[],"product_cat":[258,1079],"product_tag":[],"class_list":{"0":"post-43409","1":"product","2":"type-product","3":"status-publish","4":"has-post-thumbnail","6":"product_brand-partydeco-de","7":"product_cat-halloween-de-2","8":"product_cat-halloween-raum-und-ausendekoration","10":"first","11":"instock","12":"featured","13":"taxable","14":"shipping-taxable","15":"purchasable","16":"product-type-simple"},"_links":{"self":[{"href":"https:\/\/camaleoparty.ch\/de\/wp-json\/wp\/v2\/product\/43409","targetHints":{"allow":["GET"]}}],"collection":[{"href":"https:\/\/camaleoparty.ch\/de\/wp-json\/wp\/v2\/product"}],"about":[{"href":"https:\/\/camaleoparty.ch\/de\/wp-json\/wp\/v2\/types\/product"}],"replies":[{"embeddable":true,"href":"https:\/\/camaleoparty.ch\/de\/wp-json\/wp\/v2\/comments?post=43409"}],"wp:featuredmedia":[{"embeddable":true,"href":"https:\/\/camaleoparty.ch\/de\/wp-json\/wp\/v2\/media\/43075"}],"wp:attachment":[{"href":"https:\/\/camaleoparty.ch\/de\/wp-json\/wp\/v2\/media?parent=43409"}],"wp:term":[{"taxonomy":"product_cat","embeddable":true,"href":"https:\/\/camaleoparty.ch\/de\/wp-json\/wp\/v2\/product_cat?post=43409"},{"taxonomy":"product_tag","embeddable":true,"href":"https:\/\/camaleoparty.ch\/de\/wp-json\/wp\/v2\/product_tag?post=43409"}],"curies":[{"name":"wp","href":"https:\/\/api.w.org\/{rel}","templated":true}]}}