{"id":42918,"date":"2024-08-05T08:08:00","date_gmt":"2024-08-24T20:12:15","guid":{"rendered":"https:\/\/pikasworld.ch\/product\/ballon-in-form-von-schmetterlingsfluegeln-rosa\/"},"modified":"2024-11-08T13:21:41","modified_gmt":"2024-11-08T12:21:41","slug":"ballon-in-form-von-schmetterlingsfluegeln-rosa","status":"publish","type":"product","link":"https:\/\/camaleoparty.ch\/de\/produkt\/ballon-in-form-von-schmetterlingsfluegeln-rosa\/","title":{"rendered":"Ballon in Form von Schmetterlingsfl\u00fcgeln, rosa"},"content":{"rendered":"<p><strong>Verwandeln Sie Ihre Party in einen zauberhaften Traum mit unserem Ballon aus Foil in Form von matt rosafarbenen Schmetterlingsfl\u00fcgeln!<\/strong>  ?? Ideal, um jeder Feier einen magischen und eleganten Touch zu verleihen, wird dieser Ballon Ihre G\u00e4ste mit Sicherheit beeindrucken.  <strong>Merkmale<\/strong><\/p>\n<ul>\n<li><strong>Design:<\/strong> Form von Schmetterlingsfl\u00fcgeln &#8211; f\u00fcr eine m\u00e4rchenhafte und anmutige Dekoration.<\/li>\n<li><strong>Farbe:<\/strong> Mattrosa &#8211; f\u00fcr einen weichen und anspruchsvollen Touch.<\/li>\n<li><strong>Ma\u00dfe:<\/strong> Ca. 102 x 50 cm &#8211; majest\u00e4tische Gr\u00f6\u00dfe f\u00fcr einen beeindruckenden Effekt.<\/li>\n<li><strong>Nutzung:<\/strong> Zum Aufblasen mit Luft &#8211; einfach und bequem zu nutzen.<\/li>\n<li>Enthaltenes <strong>Zubeh\u00f6r:<\/strong> Enth\u00e4lt einen Strohhalm zum einfachen Aufblasen und Seile zum Befestigen am R\u00fccken.<\/li>\n<\/ul>\n<p><strong>Ideal f\u00fcr:<\/strong><\/p>\n<ul>\n<li><strong>Geburtstagsfeiern:<\/strong> Perfekt f\u00fcr ein m\u00e4rchenhaftes oder Prinzessinnenthema.<\/li>\n<li><strong>Baby Showers:<\/strong> Verleihen Sie Ihrer Dekoration eine zarte und elegante Note.<\/li>\n<li><strong>Fotoshootings:<\/strong> Ideal f\u00fcr fotogene und kreative Requisiten.<\/li>\n<\/ul>\n<p><strong>Themenvorschl\u00e4ge f\u00fcr Themenpartys:<\/strong><\/p>\n<ul>\n<li><strong>Feenhafte Party:<\/strong> Kombinieren Sie mit Dekoelementen in Form von Schmetterlingen, Blumen und Feen f\u00fcr eine zauberhafte Atmosph\u00e4re.<\/li>\n<li><strong>Prinzessinnen-Geburtstag:<\/strong> Kombinieren Sie mit rosa und goldenen Dekorationen f\u00fcr eine k\u00f6nigliche Feier.<\/li>\n<li><strong>Verzauberter Garten:<\/strong> Verwenden Sie Elemente aus der Natur und der Magie<strong>,<\/strong> um eine m\u00e4rchenhafte und vertr\u00e4umte Szenerie zu schaffen.<\/li>\n<\/ul>\n<p>&nbsp;<\/p>\n","protected":false},"excerpt":{"rendered":"<p>Dieser Ballon aus Foil in Form von Schmetterlingsfl\u00fcgeln ist perfekt, um Ihrer Veranstaltung einen Hauch von Magie und Eleganz zu verleihen, der Gro\u00df und Klein zum Tr\u00e4umen bringt!<\/p>\n","protected":false},"featured_media":42473,"comment_status":"open","ping_status":"closed","template":"","meta":[],"product_cat":[591,165,908,708,1171,1204],"product_tag":[],"class_list":{"0":"post-42918","1":"product","2":"type-product","3":"status-publish","4":"has-post-thumbnail","6":"product_brand-partydeco-de","7":"product_cat-prinzessin-de","8":"product_cat-ballone","9":"product_cat-bedruckter-luftballons","10":"product_cat-blumen","11":"product_cat-maerchen","12":"product_cat-rosa","14":"first","15":"instock","16":"taxable","17":"shipping-taxable","18":"purchasable","19":"product-type-simple"},"_links":{"self":[{"href":"https:\/\/camaleoparty.ch\/de\/wp-json\/wp\/v2\/product\/42918","targetHints":{"allow":["GET"]}}],"collection":[{"href":"https:\/\/camaleoparty.ch\/de\/wp-json\/wp\/v2\/product"}],"about":[{"href":"https:\/\/camaleoparty.ch\/de\/wp-json\/wp\/v2\/types\/product"}],"replies":[{"embeddable":true,"href":"https:\/\/camaleoparty.ch\/de\/wp-json\/wp\/v2\/comments?post=42918"}],"wp:featuredmedia":[{"embeddable":true,"href":"https:\/\/camaleoparty.ch\/de\/wp-json\/wp\/v2\/media\/42473"}],"wp:attachment":[{"href":"https:\/\/camaleoparty.ch\/de\/wp-json\/wp\/v2\/media?parent=42918"}],"wp:term":[{"taxonomy":"product_cat","embeddable":true,"href":"https:\/\/camaleoparty.ch\/de\/wp-json\/wp\/v2\/product_cat?post=42918"},{"taxonomy":"product_tag","embeddable":true,"href":"https:\/\/camaleoparty.ch\/de\/wp-json\/wp\/v2\/product_tag?post=42918"}],"curies":[{"name":"wp","href":"https:\/\/api.w.org\/{rel}","templated":true}]}}