{"id":42916,"date":"2024-08-05T07:54:21","date_gmt":"2024-08-24T20:12:10","guid":{"rendered":"https:\/\/pikasworld.ch\/product\/ballon-whiskyflasche\/"},"modified":"2024-11-08T13:21:46","modified_gmt":"2024-11-08T12:21:46","slug":"ballon-whiskyflasche","status":"publish","type":"product","link":"https:\/\/camaleoparty.ch\/de\/produkt\/ballon-whiskyflasche\/","title":{"rendered":"Ballon Whiskyflasche"},"content":{"rendered":"<p><strong>Verleihen Sie Ihrer Partydekoration einen einzigartigen Touch mit unserem Folienballon in Form einer Whiskyflasche!<\/strong>  ?? Perfekt als Erg\u00e4nzung zu Ihren Girlanden oder f\u00fcr eine individuelle Dekoration ist dieser Ballon ideal f\u00fcr alle Ihre festlichen Feiern.  <strong>Merkmale<\/strong><\/p>\n<ul>\n<li><strong>Design:<\/strong> In Form einer Whiskyflasche &#8211; originell und lustig.<\/li>\n<li><strong>Ma\u00dfe:<\/strong> Ca. 27 x 12 cm &#8211; ideal f\u00fcr Girlanden.<\/li>\n<li>Aufblasen<strong>:<\/strong> Mit Luft aufzublasen, Strohhalm f\u00fcr einfaches Aufblasen inbegriffen.<\/li>\n<li><strong>Inhalt:<\/strong> 1 Packung enth\u00e4lt 1 Ballon &#8211; fertig zum Gebrauch.<\/li>\n<\/ul>\n<p><strong>Vorschl\u00e4ge f\u00fcr Partythemen :<\/strong><\/p>\n<ul>\n<li>Themenabend &#8222;Cocktailbar&#8220;.<\/li>\n<li>Geburtstag eines Erwachsenen<\/li>\n<li>Abend mit Freunden<\/li>\n<li>Empfang zum Thema Spirituosen<\/li>\n<\/ul>\n","protected":false},"excerpt":{"rendered":"<p><strong>Verleihen Sie Ihren Partys eine Prise Humor mit unserem Folienballon in Form einer Whiskyflasche!<\/strong>  ?? Ob auf einem Geburtstag oder einem Abend mit Freunden, dieser Ballon wird f\u00fcr Gespr\u00e4chsstoff sorgen.<\/p>\n","protected":false},"featured_media":42467,"comment_status":"open","ping_status":"closed","template":"","meta":[],"product_cat":[877,274,1071],"product_tag":[],"class_list":{"0":"post-42916","1":"product","2":"type-product","3":"status-publish","4":"has-post-thumbnail","6":"product_brand-partydeco-de","7":"product_cat-tag-der-vater","8":"product_cat-folienballons","9":"product_cat-silvesterabend","11":"first","12":"instock","13":"taxable","14":"shipping-taxable","15":"purchasable","16":"product-type-simple"},"_links":{"self":[{"href":"https:\/\/camaleoparty.ch\/de\/wp-json\/wp\/v2\/product\/42916","targetHints":{"allow":["GET"]}}],"collection":[{"href":"https:\/\/camaleoparty.ch\/de\/wp-json\/wp\/v2\/product"}],"about":[{"href":"https:\/\/camaleoparty.ch\/de\/wp-json\/wp\/v2\/types\/product"}],"replies":[{"embeddable":true,"href":"https:\/\/camaleoparty.ch\/de\/wp-json\/wp\/v2\/comments?post=42916"}],"wp:featuredmedia":[{"embeddable":true,"href":"https:\/\/camaleoparty.ch\/de\/wp-json\/wp\/v2\/media\/42467"}],"wp:attachment":[{"href":"https:\/\/camaleoparty.ch\/de\/wp-json\/wp\/v2\/media?parent=42916"}],"wp:term":[{"taxonomy":"product_cat","embeddable":true,"href":"https:\/\/camaleoparty.ch\/de\/wp-json\/wp\/v2\/product_cat?post=42916"},{"taxonomy":"product_tag","embeddable":true,"href":"https:\/\/camaleoparty.ch\/de\/wp-json\/wp\/v2\/product_tag?post=42916"}],"curies":[{"name":"wp","href":"https:\/\/api.w.org\/{rel}","templated":true}]}}