{"id":42911,"date":"2024-07-29T21:09:20","date_gmt":"2024-07-29T20:09:20","guid":{"rendered":"https:\/\/pikasworld.ch\/product\/herzfoermige-seifenblasen-48-stueck\/"},"modified":"2024-11-08T13:22:36","modified_gmt":"2024-11-08T12:22:36","slug":"herzfoermige-seifenblasen-48-stueck","status":"publish","type":"product","link":"https:\/\/camaleoparty.ch\/de\/produkt\/herzfoermige-seifenblasen-48-stueck\/","title":{"rendered":"Herzf\u00f6rmige Seifenblasen, 48 St\u00fcck"},"content":{"rendered":"<p>?\u2728 Diese kleinen wei\u00dfen Flaschen mit einem Herz sind perfekt, um bei Ihren Feiern unvergessliche Momente zu schaffen.  <strong>Merkmale<\/strong><\/p>\n<ul>\n<li><strong>Design:<\/strong> Wei\u00dfe<strong>,<\/strong> herzf\u00f6rmige Flaschen mit einem kleinen dekorativen Herz &#8211; romantisch und elegant.<\/li>\n<li><strong>Inhalt:<\/strong> Seifenblasenfl\u00fcssigkeit &#8211; gebrauchsfertig, um knallige Seifenblasen zu erzeugen.<\/li>\n<li><strong>Abmessungen:<\/strong> Kompakte Gr\u00f6\u00dfe &#8211; passt perfekt in die Hand und ist leicht zu transportieren.<\/li>\n<\/ul>\n<p><strong>Inhalt :<\/strong><\/p>\n<ul>\n<li>1 Packung enth\u00e4lt 48 Flaschen Seifenblasen &#8211; ideal f\u00fcr gro\u00dfe Partys oder intime Anl\u00e4sse.<\/li>\n<\/ul>\n<p><strong>Ideal f\u00fcr:<\/strong><\/p>\n<ul>\n<li><strong>Hochzeiten:<\/strong> Schaffen Sie eine magische Atmosph\u00e4re, indem Sie Ihre G\u00e4ste w\u00e4hrend Ihrer Zeremonie oder Ihres Empfangs Seifenblasen blasen lassen.<\/li>\n<li><strong>Geburtstage:<\/strong> Verleihen Sie Ihrer Geburtstagsfeier eine spielerische und romantische Note.<\/li>\n<li><strong>Babyshowers und Taufen:<\/strong> Perfekt f\u00fcr eine sanfte und magische Feier.<\/li>\n<\/ul>\n<p><strong>Themenvorschl\u00e4ge f\u00fcr Themenpartys:<\/strong><\/p>\n<ul>\n<li><strong>Romantisch:<\/strong> Kombinieren Sie mit rosa und wei\u00dfen Dekorationen f\u00fcr eine romantische Atmosph\u00e4re.<\/li>\n<li><strong>Tinkerbell:<\/strong> Verwenden Sie m\u00e4rchenhafte und glitzernde Elemente f\u00fcr einen zauberhaften Look.<\/li>\n<li><strong>Zauberhafter Garten:<\/strong> Kombinieren Sie mit Blumen und nat\u00fcrlichen Elementen f\u00fcr ein magisches Fest im Freien.<\/li>\n<\/ul>\n<p><strong>Das besondere Extra:<\/strong> Diese herzf\u00f6rmigen Seifenblasen sind nicht nur lustig, sondern verleihen jeder Feier einen Hauch von Charme und Romantik.<br \/>\nSie eignen sich perfekt als Andenken f\u00fcr Ihre G\u00e4ste und werden eine bleibende Erinnerung an Ihre besondere Veranstaltung hinterlassen! <\/p>\n","protected":false},"excerpt":{"rendered":"<p>Verleihen Sie Ihrer Veranstaltung einen Hauch von Magie und Romantik mit unseren Seifenblasen in Herzform!<\/p>\n","protected":false},"featured_media":42382,"comment_status":"open","ping_status":"closed","template":"","meta":[],"product_cat":[591,555,841],"product_tag":[],"class_list":{"0":"post-42911","1":"product","2":"type-product","3":"status-publish","4":"has-post-thumbnail","6":"product_brand-partydeco-de","7":"product_cat-prinzessin-de","8":"product_cat-sale-de-2","9":"product_cat-taufe","11":"first","12":"instock","13":"taxable","14":"shipping-taxable","15":"purchasable","16":"product-type-simple"},"_links":{"self":[{"href":"https:\/\/camaleoparty.ch\/de\/wp-json\/wp\/v2\/product\/42911","targetHints":{"allow":["GET"]}}],"collection":[{"href":"https:\/\/camaleoparty.ch\/de\/wp-json\/wp\/v2\/product"}],"about":[{"href":"https:\/\/camaleoparty.ch\/de\/wp-json\/wp\/v2\/types\/product"}],"replies":[{"embeddable":true,"href":"https:\/\/camaleoparty.ch\/de\/wp-json\/wp\/v2\/comments?post=42911"}],"wp:featuredmedia":[{"embeddable":true,"href":"https:\/\/camaleoparty.ch\/de\/wp-json\/wp\/v2\/media\/42382"}],"wp:attachment":[{"href":"https:\/\/camaleoparty.ch\/de\/wp-json\/wp\/v2\/media?parent=42911"}],"wp:term":[{"taxonomy":"product_cat","embeddable":true,"href":"https:\/\/camaleoparty.ch\/de\/wp-json\/wp\/v2\/product_cat?post=42911"},{"taxonomy":"product_tag","embeddable":true,"href":"https:\/\/camaleoparty.ch\/de\/wp-json\/wp\/v2\/product_tag?post=42911"}],"curies":[{"name":"wp","href":"https:\/\/api.w.org\/{rel}","templated":true}]}}