{"id":42907,"date":"2024-08-04T20:34:00","date_gmt":"2024-08-24T20:11:51","guid":{"rendered":"https:\/\/pikasworld.ch\/product\/halloween-wandsticker\/"},"modified":"2024-11-08T13:22:01","modified_gmt":"2024-11-08T12:22:01","slug":"halloween-wandsticker","status":"publish","type":"product","link":"https:\/\/camaleoparty.ch\/de\/produkt\/halloween-wandsticker\/","title":{"rendered":"Halloween-Wandsticker"},"content":{"rendered":"<div class=\"flex-shrink-0 flex flex-col relative items-end\">\n<div>\n<div class=\"pt-0\">\n<div class=\"gizmo-bot-avatar flex h-8 w-8 items-center justify-center overflow-hidden rounded-full\">\n<div class=\"relative p-1 rounded-sm flex items-center justify-center bg-token-main-surface-primary text-token-text-primary h-8 w-8\"><strong>Verleihen Sie Ihrer Einrichtung mit unseren Halloween-Wandstickern einen gruseligen Touch!<\/strong>  ?? Dieses vielf\u00e4ltige Set von Mustern und Farben ist perfekt, um Ihren festlichen Raum individuell zu gestalten und zu versch\u00f6nern.<\/div>\n<\/div>\n<\/div>\n<\/div>\n<\/div>\n<div class=\"group\/conversation-turn relative flex w-full min-w-0 flex-col agent-turn\">\n<div class=\"flex-col gap-1 md:gap-3\">\n<div class=\"flex flex-grow flex-col max-w-full\">\n<div class=\"min-h-[20px] text-message flex w-full flex-col items-end gap-2 whitespace-pre-wrap break-words [.text-message+&amp;]:mt-5 overflow-x-auto\" dir=\"auto\" data-message-author-role=\"assistant\" data-message-id=\"0fc16c27-31cc-4545-923e-3458be76253b\">\n<div class=\"flex w-full flex-col gap-1 empty:hidden first:pt-[3px]\">\n<div class=\"markdown prose w-full break-words dark:prose-invert dark\">\n<p><strong>Merkmale<\/strong><\/p>\n<ul>\n<li><strong>Design:<\/strong> Eine Mischung aus Mustern und Farben &#8211; ideal f\u00fcr eine gruselige und lustige Dekoration.<\/li>\n<li><strong>Verwendung:<\/strong> Perfekt zum Aufkleben auf Gl\u00e4ser, Kr\u00fcge oder zur Wanddekoration.<\/li>\n<li><strong>Material:<\/strong> Selbstklebendes Papier &#8211; leicht anzubringen und zu entfernen.<\/li>\n<\/ul>\n<p><strong>Inhalt :<\/strong><\/p>\n<ul>\n<li><strong>Aufkleber:<\/strong> 14 Aufkleber pro Blister.<\/li>\n<li><strong>Packung:<\/strong> 1 Packung enth\u00e4lt 4 Blisterpackungen mit insgesamt 56 Aufklebern.<\/li>\n<\/ul>\n<p><strong>Ideal f\u00fcr:<\/strong><\/p>\n<ul>\n<li><strong>Halloween-Partys:<\/strong> Schaffen Sie eine gruselige und festliche Atmosph\u00e4re.<\/li>\n<li><strong>Tempor\u00e4re Dekorationen:<\/strong> Perfekt<strong>,<\/strong> um thematische Akzente zu setzen, ohne eine dauerhafte Verpflichtung einzugehen.<\/li>\n<li><strong>DIY-Projekte:<\/strong> Ideal f\u00fcr Heimwerker, die ihre Dekoration individuell gestalten m\u00f6chten.<\/li>\n<\/ul>\n<\/div>\n<\/div>\n<\/div>\n<\/div>\n<\/div>\n<\/div>\n","protected":false},"excerpt":{"rendered":"<p>Verleihen Sie Ihrer Einrichtung mit unseren Halloween-Wandstickern einen gruseligen Touch! ?? Dieses vielf\u00e4ltige Set von Mustern und Farben ist perfekt, um Ihren festlichen Raum individuell zu gestalten und zu versch\u00f6nern. Merkmale Design: Eine Mischung aus Mustern und Farben &#8211; ideal f\u00fcr eine gruselige und lustige Dekoration. Verwendung: Perfekt zum Aufkleben auf Gl\u00e4ser, Kr\u00fcge oder zur [&hellip;]<\/p>\n","protected":false},"featured_media":42513,"comment_status":"open","ping_status":"closed","template":"","meta":[],"product_cat":[258,1079,1078],"product_tag":[],"class_list":{"0":"post-42907","1":"product","2":"type-product","3":"status-publish","4":"has-post-thumbnail","6":"product_brand-partydeco-de","7":"product_cat-halloween-de-2","8":"product_cat-halloween-raum-und-ausendekoration","9":"product_cat-halloween-kleine-geschenke-accessoires","11":"first","12":"instock","13":"featured","14":"taxable","15":"shipping-taxable","16":"purchasable","17":"product-type-simple"},"_links":{"self":[{"href":"https:\/\/camaleoparty.ch\/de\/wp-json\/wp\/v2\/product\/42907","targetHints":{"allow":["GET"]}}],"collection":[{"href":"https:\/\/camaleoparty.ch\/de\/wp-json\/wp\/v2\/product"}],"about":[{"href":"https:\/\/camaleoparty.ch\/de\/wp-json\/wp\/v2\/types\/product"}],"replies":[{"embeddable":true,"href":"https:\/\/camaleoparty.ch\/de\/wp-json\/wp\/v2\/comments?post=42907"}],"wp:featuredmedia":[{"embeddable":true,"href":"https:\/\/camaleoparty.ch\/de\/wp-json\/wp\/v2\/media\/42513"}],"wp:attachment":[{"href":"https:\/\/camaleoparty.ch\/de\/wp-json\/wp\/v2\/media?parent=42907"}],"wp:term":[{"taxonomy":"product_cat","embeddable":true,"href":"https:\/\/camaleoparty.ch\/de\/wp-json\/wp\/v2\/product_cat?post=42907"},{"taxonomy":"product_tag","embeddable":true,"href":"https:\/\/camaleoparty.ch\/de\/wp-json\/wp\/v2\/product_tag?post=42907"}],"curies":[{"name":"wp","href":"https:\/\/api.w.org\/{rel}","templated":true}]}}