{"id":42897,"date":"2024-07-29T21:22:41","date_gmt":"2024-07-29T20:22:41","guid":{"rendered":"https:\/\/pikasworld.ch\/product\/hochzeitsurne-creme\/"},"modified":"2024-11-08T13:22:29","modified_gmt":"2024-11-08T12:22:29","slug":"hochzeitsurne-creme","status":"publish","type":"product","link":"https:\/\/camaleoparty.ch\/de\/produkt\/hochzeitsurne-creme\/","title":{"rendered":"Hochzeitsurne, Creme"},"content":{"rendered":"<p><strong>Verleihen Sie Ihrer Veranstaltung einen eleganten Touch mit unserer cremefarbenen Metallic-Kartenurne!<\/strong>  \u2728? Diese Urne eignet sich perfekt zum Sammeln von Gru\u00dfkarten, Gl\u00fcckw\u00fcnschen oder Spenden und verleiht Ihrer Dekoration einen schicken und anspruchsvollen Touch.  <strong>Merkmale<\/strong><\/p>\n<ul>\n<li><strong>Design:<\/strong> Cremefarbene metallisierte Urne &#8211; elegant und raffiniert.<\/li>\n<li><strong>Ma\u00dfe:<\/strong> Ca. 24 x 24 x 24 cm nach dem Falten &#8211; die ideale Gr\u00f6\u00dfe f\u00fcr viele Karten.<\/li>\n<li><strong>Individuell anpassbar:<\/strong> Verleihen Sie <strong>dem Ganzen<\/strong> eine pers\u00f6nliche Note mit Dekorationen, B\u00e4ndern oder Aufklebern.<\/li>\n<\/ul>\n<p><strong>Inhalt :<\/strong><\/p>\n<ul>\n<li>1 Packung enth\u00e4lt 1 Urne &#8211; perfekt f\u00fcr jeden besonderen Anlass.<\/li>\n<\/ul>\n<p><strong>Ideal f\u00fcr:<\/strong><\/p>\n<ul>\n<li><strong>Hochzeiten:<\/strong> Sammeln Sie die Gru\u00dfkarten und Spenden Ihrer G\u00e4ste in einer schicken Urne.<\/li>\n<li><strong>Geburtstage:<\/strong> Perfekt<strong>,<\/strong> um Gl\u00fcckwunschkarten f\u00fcr eine Geburtstagsfeier zu erhalten.<\/li>\n<li><strong>Taufen und Babyshowers:<\/strong> Sammeln Sie Botschaften und Gl\u00fcckw\u00fcnsche f\u00fcr das Neugeborene.<\/li>\n<li><strong>Firmenfeiern:<\/strong> Ideal f\u00fcr Firmenveranstaltungen, bei denen Karten und unterst\u00fctzende Botschaften geteilt werden.<\/li>\n<\/ul>\n<p><strong>Themenvorschl\u00e4ge f\u00fcr Themenpartys:<\/strong><\/p>\n<ul>\n<li><strong>Elegante Hochzeit :<\/strong> Kombinieren Sie mit Dekorationen in Gold und Wei\u00df f\u00fcr eine elegante Atmosph\u00e4re.<\/li>\n<li><strong>Klassischer Geburtstag:<\/strong> Verwenden Sie sanfte Pastellfarben f\u00fcr einen zeitlosen Look.<\/li>\n<li><strong>Romantische Party:<\/strong> Kombinieren Sie mit rosa und roten Elementen f\u00fcr eine romantische Atmosph\u00e4re.<\/li>\n<\/ul>\n<p><strong>Das gewisse Extra:<\/strong> Diese cremefarbene Metallurne ist nicht nur praktisch, sondern auch ein dekoratives Element.<br \/>\nGestalten Sie sie nach Ihrem Thema, um Ihrer Veranstaltung eine einzigartige Note zu verleihen! <\/p>\n","protected":false},"excerpt":{"rendered":"<p>? Diese Urne eignet sich perfekt zum Sammeln von Gru\u00dfkarten, Gl\u00fcckw\u00fcnschen oder Spenden und verleiht Ihrer Dekoration einen eleganten und anspruchsvollen Touch.<\/p>\n","protected":false},"featured_media":42525,"comment_status":"open","ping_status":"closed","template":"","meta":[],"product_cat":[1309,185,183,385,391,191,875,199,841],"product_tag":[],"class_list":{"0":"post-42897","1":"product","2":"type-product","3":"status-publish","4":"has-post-thumbnail","6":"product_brand-partydeco-de","7":"product_cat-ambiente-und-animationen-fur-den-junggesellenabschied","8":"product_cat-baby-shower-de","9":"product_cat-geburtstag","10":"product_cat-gender-reveal-party-de","11":"product_cat-hen-party-polter-abend","12":"product_cat-hochzeit","13":"product_cat-kommunion","14":"product_cat-papierwaren","15":"product_cat-taufe","17":"first","18":"instock","19":"taxable","20":"shipping-taxable","21":"purchasable","22":"product-type-simple"},"_links":{"self":[{"href":"https:\/\/camaleoparty.ch\/de\/wp-json\/wp\/v2\/product\/42897","targetHints":{"allow":["GET"]}}],"collection":[{"href":"https:\/\/camaleoparty.ch\/de\/wp-json\/wp\/v2\/product"}],"about":[{"href":"https:\/\/camaleoparty.ch\/de\/wp-json\/wp\/v2\/types\/product"}],"replies":[{"embeddable":true,"href":"https:\/\/camaleoparty.ch\/de\/wp-json\/wp\/v2\/comments?post=42897"}],"wp:featuredmedia":[{"embeddable":true,"href":"https:\/\/camaleoparty.ch\/de\/wp-json\/wp\/v2\/media\/42525"}],"wp:attachment":[{"href":"https:\/\/camaleoparty.ch\/de\/wp-json\/wp\/v2\/media?parent=42897"}],"wp:term":[{"taxonomy":"product_cat","embeddable":true,"href":"https:\/\/camaleoparty.ch\/de\/wp-json\/wp\/v2\/product_cat?post=42897"},{"taxonomy":"product_tag","embeddable":true,"href":"https:\/\/camaleoparty.ch\/de\/wp-json\/wp\/v2\/product_tag?post=42897"}],"curies":[{"name":"wp","href":"https:\/\/api.w.org\/{rel}","templated":true}]}}