{"id":42882,"date":"2024-08-05T20:43:00","date_gmt":"2024-08-05T19:43:00","guid":{"rendered":"https:\/\/pikasworld.ch\/product\/muffinverzierungen-wal-7-stueck\/"},"modified":"2024-11-08T13:20:54","modified_gmt":"2024-11-08T12:20:54","slug":"muffinverzierungen-wal-7-stueck","status":"publish","type":"product","link":"https:\/\/camaleoparty.ch\/de\/produkt\/muffinverzierungen-wal-7-stueck\/","title":{"rendered":"Muffinverzierungen &#8211; Wal, 7 St\u00fcck"},"content":{"rendered":"<div class=\"flex-1 overflow-hidden\">\n<div class=\"h-full\">\n<div class=\"react-scroll-to-bottom--css-riqcd-79elbk h-full\">\n<div class=\"react-scroll-to-bottom--css-riqcd-1n7m0yu\">\n<div class=\"flex flex-col text-sm md:pb-9\">\n<div class=\"w-full text-token-text-primary\" dir=\"auto\" data-testid=\"conversation-turn-31\" data-scroll-anchor=\"true\">\n<div class=\"text-base py-[18px] px-3 md:px-4 m-auto md:px-5 lg:px-1 xl:px-5\">\n<div class=\"mx-auto flex flex-1 gap-4 text-base md:gap-5 lg:gap-6 md:max-w-3xl lg:max-w-[40rem] xl:max-w-[48rem]\">\n<div class=\"group\/conversation-turn relative flex w-full min-w-0 flex-col agent-turn\">\n<div class=\"flex-col gap-1 md:gap-3\">\n<div class=\"flex flex-grow flex-col max-w-full\">\n<div class=\"min-h-[20px] text-message flex w-full flex-col items-end gap-2 whitespace-pre-wrap break-words [.text-message+&amp;]:mt-5 overflow-x-auto\" dir=\"auto\" data-message-author-role=\"assistant\" data-message-id=\"d8fbc413-29a0-49e9-bcd9-02780c0aebb0\">\n<div class=\"flex w-full flex-col gap-1 empty:hidden first:pt-[3px]\">\n<div class=\"markdown prose w-full break-words dark:prose-invert dark\">\n<h3><\/h3>\n<p><strong>Die Muffin-Dekorationen in Form eines Wals verleihen Ihrem Geb\u00e4ck eine charmante und verspielte Note und verwandeln jeden Muffin in ein kleines maritimes Kunstwerk.<\/strong>  Diese Dekorationen wurden entworfen, um Ihre Muffins mit verschiedenen Walmotiven zu verzieren, die Ihren Kreationen eine bunte und lustige Note verleihen.<br \/>\nMit einer H\u00f6he von ca. 11 bis 13,5 cm sind sie ideal, um sich von der Masse abzuheben und gleichzeitig Ihren Veranstaltungen eine festliche Note zu verleihen, ob es sich nun um einen Kindergeburtstag, eine Party mit Meeresthema oder eine andere besondere Feierlichkeit handelt.   <\/p>\n<ul>\n<li><strong>Niedliches Design:<\/strong> Jede Dekoration stellt einen Wal mit gemischten Mustern und Farben dar, was einen attraktiven und fr\u00f6hlichen visuellen Effekt erzeugt.<br \/>\nIdeal, um Ihren Muffins einen Hauch von Fantasie zu verleihen und die Aufmerksamkeit Ihrer G\u00e4ste zu fesseln. <\/li>\n<li><strong>Ideale H\u00f6he:<\/strong> Mit einer H\u00f6he von 11 bis 13,5 cm sind die Dekorationen gro\u00df genug, um gut gesehen zu werden, aber auch leicht genug, um Ihr Geb\u00e4ck nicht zu beschweren.<\/li>\n<li><strong>Vielseitig einsetzbar:<\/strong> Perfekt f\u00fcr besondere Anl\u00e4sse wie Geburtstagsfeiern, Partys mit maritimen Themen oder sogar f\u00fcr Familienfeiern.<br \/>\nSie sind ein verspieltes Dekorationselement, das Ihre Backwaren stilvoll erg\u00e4nzt. <\/li>\n<li><strong>Einfache Handhabung:<\/strong> Die Dekorationen sind einfach auf Ihren Muffins zu platzieren und verwandeln gew\u00f6hnliche S\u00fc\u00dfigkeiten sofort in ein Highlight auf Ihrer Festtafel.<\/li>\n<\/ul>\n<p>  Die Muffin-Dekorationen in Form eines Wals sind die ideale M\u00f6glichkeit, Ihren Desserts einen maritimen und lustigen Touch zu verleihen.<br \/>\nSie sind so konzipiert, dass sie zu verschiedenen Partythemen und Anl\u00e4ssen passen und bieten eine einfache und effektive M\u00f6glichkeit, Ihr Geb\u00e4ck attraktiver und festlicher zu gestalten.<br \/>\nBei Pika&#8217;s World bieten wir auch eine Reihe von anderen Dekorationen und Accessoires an, um Ihr Thema zu erg\u00e4nzen und jede Veranstaltung zu einem unvergesslichen Erlebnis zu machen.<br \/>\nMachen Sie Ihre Muffins noch spezieller mit diesen Dekorationen in Form eines Wals.<br \/>\nSie werden jedem Bissen einen Hauch von Verwunderung und Freude verleihen und Ihre Party zu einem unvergesslichen Ereignis machen.      <\/p><\/div>\n<\/div>\n<\/div>\n<\/div>\n<\/div>\n<\/div>\n<\/div>\n<\/div>\n<\/div>\n<\/div>\n<\/div>\n<\/div>\n<\/div>\n<\/div>\n<div class=\"md:pt-0 dark:border-white\/20 md:border-transparent md:dark:border-transparent w-full\">\n<div class=\"text-base px-3 md:px-4 m-auto md:px-5 lg:px-1 xl:px-5\">\n<div class=\"mx-auto flex flex-1 gap-4 text-base md:gap-5 lg:gap-6 md:max-w-3xl lg:max-w-[40rem] xl:max-w-[48rem]\">\n<form class=\"w-full\" aria-haspopup=\"dialog\" aria-expanded=\"false\" aria-controls=\"radix-:r491:\" data-state=\"closed\">\n<div class=\"relative flex h-full max-w-full flex-1 flex-col\">\n<div class=\"flex w-full items-center\">\n<div class=\"flex w-full flex-col gap-1.5 rounded-[26px] p-1.5 transition-colors bg-[#f4f4f4] dark:bg-token-main-surface-secondary\">\n<div class=\"flex items-end gap-1.5 md:gap-2\">\n<div class=\"flex min-w-0 flex-1 flex-col\"><\/div>\n<\/div>\n<\/div>\n<\/div>\n<\/div>\n<\/form>\n<\/div>\n<\/div>\n<\/div>\n","protected":false},"excerpt":{"rendered":"<p>Muffin-Dekorationen in Form eines Wals, mit gemischten Mustern und Farben, H\u00f6he ca. 11 bis 13,5 cm.<br \/>\n(1 pqt. \/ 7 pc.) <\/p>\n","protected":false},"featured_media":42495,"comment_status":"open","ping_status":"closed","template":"","meta":[],"product_cat":[729,185,330,183],"product_tag":[],"class_list":{"0":"post-42882","1":"product","2":"type-product","3":"status-publish","4":"has-post-thumbnail","6":"product_brand-partydeco-de","7":"product_cat-unter-dem-meer","8":"product_cat-baby-shower-de","9":"product_cat-cupcakes-de","10":"product_cat-geburtstag","12":"first","13":"instock","14":"taxable","15":"shipping-taxable","16":"purchasable","17":"product-type-simple"},"_links":{"self":[{"href":"https:\/\/camaleoparty.ch\/de\/wp-json\/wp\/v2\/product\/42882","targetHints":{"allow":["GET"]}}],"collection":[{"href":"https:\/\/camaleoparty.ch\/de\/wp-json\/wp\/v2\/product"}],"about":[{"href":"https:\/\/camaleoparty.ch\/de\/wp-json\/wp\/v2\/types\/product"}],"replies":[{"embeddable":true,"href":"https:\/\/camaleoparty.ch\/de\/wp-json\/wp\/v2\/comments?post=42882"}],"wp:featuredmedia":[{"embeddable":true,"href":"https:\/\/camaleoparty.ch\/de\/wp-json\/wp\/v2\/media\/42495"}],"wp:attachment":[{"href":"https:\/\/camaleoparty.ch\/de\/wp-json\/wp\/v2\/media?parent=42882"}],"wp:term":[{"taxonomy":"product_cat","embeddable":true,"href":"https:\/\/camaleoparty.ch\/de\/wp-json\/wp\/v2\/product_cat?post=42882"},{"taxonomy":"product_tag","embeddable":true,"href":"https:\/\/camaleoparty.ch\/de\/wp-json\/wp\/v2\/product_tag?post=42882"}],"curies":[{"name":"wp","href":"https:\/\/api.w.org\/{rel}","templated":true}]}}