{"id":42881,"date":"2024-08-05T19:35:36","date_gmt":"2024-08-24T20:06:16","guid":{"rendered":"https:\/\/pikasworld.ch\/product\/konfetti-kanone-ready-to-pop-rosa-60cm\/"},"modified":"2024-11-08T13:21:08","modified_gmt":"2024-11-08T12:21:08","slug":"konfetti-kanone-ready-to-pop-rosa-60cm","status":"publish","type":"product","link":"https:\/\/camaleoparty.ch\/de\/produkt\/konfetti-kanone-ready-to-pop-rosa-60cm\/","title":{"rendered":"Konfetti-Kanone &#8211; Ready to pop, rosa, 60cm"},"content":{"rendered":"<p><strong>Die rosafarbene Konfetti-Kanone Ready to pop ist das perfekte Accessoire, um Ihrer Sexualaufkl\u00e4rung oder einer anderen Feier einen spektakul\u00e4ren und festlichen Touch zu verleihen.<\/strong>  Diese Konfetti-Kanone wurde speziell f\u00fcr den Moment der Geschlechtsangabe entwickelt. Sie schie\u00dft eine fr\u00f6hliche Explosion von rosa Konfetti-Kreisen in die Luft, um die Ankunft eines kleinen M\u00e4dchens oder eine andere rosa \u00dcberraschung stilvoll anzuk\u00fcndigen.<br \/>\nMit einer L\u00e4nge von ca. 60 cm ist die Konfettikanone einfach zu bedienen und sorgt f\u00fcr einen unvergesslichen Effekt auf Ihrer Veranstaltung.   <\/p>\n<ul>\n<li><strong>Spektakul\u00e4rer Effekt:<\/strong> Wenn Sie die Kanone aktivieren, entl\u00e4sst sie einen Regen aus rosa Konfetti-Kreisen, was einen bezaubernden visuellen Effekt erzeugt, der Ihre Sex-Offenbarung ins rechte Licht r\u00fcckt.<\/li>\n<li><strong>Einfache Bedienung:<\/strong> Entwickelt f\u00fcr eine einfache und sichere <strong>Bedienung<\/strong>, drehen Sie einfach den unteren Teil des Laufs, um das Konfetti auszul\u00f6sen.<\/li>\n<li><strong>Ideale Gr\u00f6\u00dfe:<\/strong> Mit einer L\u00e4nge von ca. 60 cm ist diese Kanone gro\u00df genug f\u00fcr einen starken visuellen Eindruck und gleichzeitig leicht zu handhaben.<\/li>\n<li><strong>Farbenfrohes Design:<\/strong> Die rosafarbenen Konfetti-Kreise verleihen Ihrer Veranstaltung einen lebhaften und fr\u00f6hlichen Touch und passen perfekt zu einem Thema wie &#8222;Sex-Offenbarung&#8220; oder einer anderen Feier in Rosa.<\/li>\n<\/ul>\n<p>  Die rosafarbene Konfetti-Kanone Ready to pop ist mehr als nur ein Accessoire; sie ist unerl\u00e4sslich, um eine festliche und unvergessliche Atmosph\u00e4re bei der Enth\u00fcllung des Geschlechts oder anderen besonderen Anl\u00e4ssen zu schaffen.<br \/>\nBei Pika&#8217;s World bieten wir auch passende Dekorationen und Accessoires an, um Ihre Feier zu vervollst\u00e4ndigen.<br \/>\nMachen Sie Ihre Sex-Offenbarung noch spezieller mit der rosa Konfetti-Kanone.<br \/>\nSie wird Ihrer Veranstaltung eine Explosion von Farbe und Freude verleihen und Ihren G\u00e4sten einen fesselnden und bewegenden Anblick bieten.   <\/p>\n","protected":false},"excerpt":{"rendered":"<div class=\"product__name\">\n<h1><\/h1>\n<\/div>\n<div class=\"product__description\">\n<div class=\"product__description__text\">Konfetti-Kanone &#8211; Ready to pop, rosa, L\u00e4nge ca. 60 cm<\/div>\n<\/div>\n<div class=\"product__data product__data--single\">\n<div class=\"data__quantity\">1 Pkt \/ 1 St.<\/div>\n<\/div>\n","protected":false},"featured_media":42568,"comment_status":"open","ping_status":"closed","template":"","meta":[],"product_cat":[385,171,913],"product_tag":[],"class_list":{"0":"post-42881","1":"product","2":"type-product","3":"status-publish","4":"has-post-thumbnail","6":"product_brand-partydeco-de","7":"product_cat-gender-reveal-party-de","8":"product_cat-konfetti","9":"product_cat-produkte","11":"first","12":"instock","13":"taxable","14":"shipping-taxable","15":"purchasable","16":"product-type-simple"},"_links":{"self":[{"href":"https:\/\/camaleoparty.ch\/de\/wp-json\/wp\/v2\/product\/42881","targetHints":{"allow":["GET"]}}],"collection":[{"href":"https:\/\/camaleoparty.ch\/de\/wp-json\/wp\/v2\/product"}],"about":[{"href":"https:\/\/camaleoparty.ch\/de\/wp-json\/wp\/v2\/types\/product"}],"replies":[{"embeddable":true,"href":"https:\/\/camaleoparty.ch\/de\/wp-json\/wp\/v2\/comments?post=42881"}],"wp:featuredmedia":[{"embeddable":true,"href":"https:\/\/camaleoparty.ch\/de\/wp-json\/wp\/v2\/media\/42568"}],"wp:attachment":[{"href":"https:\/\/camaleoparty.ch\/de\/wp-json\/wp\/v2\/media?parent=42881"}],"wp:term":[{"taxonomy":"product_cat","embeddable":true,"href":"https:\/\/camaleoparty.ch\/de\/wp-json\/wp\/v2\/product_cat?post=42881"},{"taxonomy":"product_tag","embeddable":true,"href":"https:\/\/camaleoparty.ch\/de\/wp-json\/wp\/v2\/product_tag?post=42881"}],"curies":[{"name":"wp","href":"https:\/\/api.w.org\/{rel}","templated":true}]}}