{"id":42874,"date":"2024-08-05T19:50:00","date_gmt":"2024-08-24T20:06:09","guid":{"rendered":"https:\/\/pikasworld.ch\/product\/temporaere-tattoos-narben-13-stueck\/"},"modified":"2024-11-08T13:21:04","modified_gmt":"2024-11-08T12:21:04","slug":"temporaere-tattoos-narben-13-stueck","status":"publish","type":"product","link":"https:\/\/camaleoparty.ch\/de\/produkt\/temporaere-tattoos-narben-13-stueck\/","title":{"rendered":"Tempor\u00e4re Tattoos Narben, 13 St\u00fcck"},"content":{"rendered":"<p><strong>Die tempor\u00e4ren Narben-Tattoos in Farbmischung verleihen Ihrem Outfit einen gewagten und einzigartigen Touch. Sie sind perfekt f\u00fcr Themenpartys, besondere Veranstaltungen oder als Erg\u00e4nzung zu einem Kost\u00fcm.<\/strong>  Dieses Set von tempor\u00e4ren T\u00e4towierungen ist so konzipiert, dass es einen auff\u00e4lligen visuellen Effekt mit einer Reihe von Narbenmotiven in gemischten Farben bietet.<br \/>\nJede T\u00e4towierung ahmt das Aussehen von Narben realistisch nach und sorgt f\u00fcr einen auff\u00e4lligen visuellen Effekt, der die Aufmerksamkeit auf sich zieht.<br \/>\nOb Sie ein Partykost\u00fcm oder ein Halloween-Make-up vervollst\u00e4ndigen oder einfach nur ein lustiges Detail zu Ihrem Look hinzuf\u00fcgen m\u00f6chten, diese tempor\u00e4ren Tattoos sind die perfekte L\u00f6sung.    <\/p>\n<ul>\n<li><strong>Gewagtes Design:<\/strong> Die Narbenmotive in Farbmischung erzeugen einen fesselnden visuellen Effekt, perfekt f\u00fcr ein gewagtes und unverwechselbares Aussehen.<br \/>\nJede T\u00e4towierung ist so gestaltet, dass sie realistische Narben mit verschiedenen Farbnuancen simuliert. <\/li>\n<li><strong>Einfache Anwendung:<\/strong> Die Tattoos lassen sich leicht anbringen und entfernen und bieten eine vor\u00fcbergehende L\u00f6sung, die f\u00fcr einmalige Ereignisse ohne langfristige Verpflichtung verwendet werden kann.<br \/>\nFeuchten Sie das Tattoo einfach an und \u00fcbertragen Sie es auf die Haut, um einen sofortigen Effekt zu erzielen. <\/li>\n<li><strong>Vielfalt an Mustern :<\/strong> Das Set enth\u00e4lt 13 verschiedene Motive, so dass Sie die Designs variieren und f\u00fcr jeden Anlass einen einzigartigen Look kreieren k\u00f6nnen.<br \/>\nDiese Vielfalt gibt Ihnen die M\u00f6glichkeit, Motive zu w\u00e4hlen, die zu Ihrem Thema oder Ihrem pers\u00f6nlichen Stil passen. <\/li>\n<li><strong>Qualit\u00e4t und Sicherheit:<\/strong> Hergestellt aus hautfreundlichen Materialien, sind diese tempor\u00e4ren T\u00e4towierungen so konzipiert, dass sie eine dauerhafte Haftung bieten und gleichzeitig mit Wasser und Seife leicht zu entfernen sind.<\/li>\n<\/ul>\n<p>  Die tempor\u00e4ren T\u00e4towierungen Narben in Farbmischung sind mehr als nur Accessoires, sie verleihen Ihren Kost\u00fcmen und Outfits eine zus\u00e4tzliche Dimension.<br \/>\nDiese Tattoos sind ideal f\u00fcr Halloween, Kost\u00fcmfeste oder jede andere Veranstaltung, bei der Sie Eindruck schinden wollen, und bringen Ihre Kreativit\u00e4t auf originelle Weise zum Ausdruck.<br \/>\nBei Pika&#8217;s World bieten wir auch eine Reihe von passenden Accessoires an, um Ihr Outfit zu vervollst\u00e4ndigen und einen unvergesslichen Look zu kreieren.<br \/>\nVerleihen Sie Ihrem Look einen Hauch von Realismus und Farbe mit den tempor\u00e4ren Narben-Tattoos.<br \/>\nSie eignen sich perfekt f\u00fcr beeindruckende visuelle Effekte und einzigartige Kost\u00fcmkreationen, die sicherstellen, dass Sie bei jeder Veranstaltung herausstechen.    <\/p>\n","protected":false},"excerpt":{"rendered":"<p>Tempor\u00e4re Tattoos mit Narben in gemischten Farben, das Set besteht aus 13 Motiven.<br \/>\n(1 pqt. \/ 13 pc.) <\/p>\n","protected":false},"featured_media":42550,"comment_status":"open","ping_status":"closed","template":"","meta":[],"product_cat":[258,1078,136,146,853],"product_tag":[],"class_list":{"0":"post-42874","1":"product","2":"type-product","3":"status-publish","4":"has-post-thumbnail","6":"product_brand-partydeco-de","7":"product_cat-halloween-de-2","8":"product_cat-halloween-kleine-geschenke-accessoires","9":"product_cat-kostueme","10":"product_cat-tattoos-de","11":"product_cat-zubehor","13":"first","14":"instock","15":"featured","16":"taxable","17":"shipping-taxable","18":"purchasable","19":"product-type-simple"},"_links":{"self":[{"href":"https:\/\/camaleoparty.ch\/de\/wp-json\/wp\/v2\/product\/42874","targetHints":{"allow":["GET"]}}],"collection":[{"href":"https:\/\/camaleoparty.ch\/de\/wp-json\/wp\/v2\/product"}],"about":[{"href":"https:\/\/camaleoparty.ch\/de\/wp-json\/wp\/v2\/types\/product"}],"replies":[{"embeddable":true,"href":"https:\/\/camaleoparty.ch\/de\/wp-json\/wp\/v2\/comments?post=42874"}],"wp:featuredmedia":[{"embeddable":true,"href":"https:\/\/camaleoparty.ch\/de\/wp-json\/wp\/v2\/media\/42550"}],"wp:attachment":[{"href":"https:\/\/camaleoparty.ch\/de\/wp-json\/wp\/v2\/media?parent=42874"}],"wp:term":[{"taxonomy":"product_cat","embeddable":true,"href":"https:\/\/camaleoparty.ch\/de\/wp-json\/wp\/v2\/product_cat?post=42874"},{"taxonomy":"product_tag","embeddable":true,"href":"https:\/\/camaleoparty.ch\/de\/wp-json\/wp\/v2\/product_tag?post=42874"}],"curies":[{"name":"wp","href":"https:\/\/api.w.org\/{rel}","templated":true}]}}