{"id":42871,"date":"2024-08-05T18:50:28","date_gmt":"2024-08-24T20:06:02","guid":{"rendered":"https:\/\/pikasworld.ch\/product\/aluminiumballon-triceratops-101-x-60-5cm-gruen\/"},"modified":"2025-11-07T16:22:45","modified_gmt":"2025-11-07T15:22:45","slug":"aluminiumballon-triceratops-101-x-60-5cm-gruen","status":"publish","type":"product","link":"https:\/\/camaleoparty.ch\/de\/produkt\/aluminiumballon-triceratops-101-x-60-5cm-gruen\/","title":{"rendered":"Aluminiumballon Triceratops, 101 x 60.5cm, gr\u00fcn"},"content":{"rendered":"<p><strong>Der aufblasbare Ballon Triceratops stehend ist nicht nur eine Dekoration, sondern eine M\u00f6glichkeit, den Kindergeburtstag in ein echtes Abenteuer zu verwandeln.<\/strong>  Kinder sind von Dinosauriern begeistert!<br \/>\nDer Triceratops Ballon, zusammen mit anderen Dekorationen aus der Dino Kollektion, wird ihnen einen unvergesslichen Themengeburtstag bereiten!<br \/>\nDie Farbpalette ist dezent und kinderfreundlich und l\u00e4sst sich auch wunderbar mit nat\u00fcrlichen Pflanzen kombinieren.<br \/>\nUnser Triceratops eignet sich hervorragend f\u00fcr Partys, Geburtstage in einem gemieteten Raum, zu Hause, im Garten oder bei anderen Feiern im Freien.     <\/p>\n<ul>\n<li><strong>Aufblasbarer Ballon zum Aufstellen, der mit Luft gef\u00fcllt wird.<\/strong><\/li>\n<li><strong>Das Set enth\u00e4lt einen Strohhalm, der das Aufblasen erleichtert.<\/strong><\/li>\n<li><strong>Abmessungen vor dem Aufblasen ca. 101 x 60,5 cm (40 x 24 Zoll).<\/strong><\/li>\n<li><strong>Abmessungen nach dem Aufblasen ca. 93 x 49 cm (36,5 x 19 Zoll).<\/strong><\/li>\n<li><strong>Ein Ballon zum Aufstellen, den Sie selbst zusammenbauen k\u00f6nnen.<br \/>\nEr verf\u00fcgt \u00fcber innovative Klammern, mit denen die Beine des Dinosauriers befestigt werden k\u00f6nnen. <\/strong><\/li>\n<li><strong>Ein Produkt, das nach der Philosophie der Wiederverwendung wiederverwendet werden kann.<\/strong><\/li>\n<\/ul>\n<p>  Der aufblasbare Ballon Triceratops ist eine Dekoration, die f\u00fcr Kindergeburtstage mit einem bestimmten Thema entworfen wurde.<br \/>\nDas Thema Dinosaurier ist \u00e4u\u00dferst beliebt und bietet die M\u00f6glichkeit, eine farbenfrohe, fr\u00f6hliche und trendige Party zu organisieren, an die sich die Kinder immer erinnern werden.<br \/>\nBei Pika&#8217;s World finden Sie nicht nur Luftballons, sondern auch Tischdekorationen und Geburtstagszubeh\u00f6r zum Thema Dinosaurier.<br \/>\nDieses gebrauchsfertige Set an Dekorationen erm\u00f6glicht es Eltern und Dekorateuren, eine unglaubliche Kinderparty zu einem bestimmten Thema auf einfache und angenehme Weise vorzubereiten.<br \/>\nDer aufblasbare Triceratops-Ballon ben\u00f6tigt kein Helium, um aufgeblasen zu werden.<br \/>\nDiese innovative L\u00f6sung&#8230;     <\/p>\n","protected":false},"excerpt":{"rendered":"<p>Triceratops Aluminiumballon, Farbe gr\u00fcn, Ma\u00dfe vor dem Aufblasen ca. 101 x 60.5 cm (40 x 24&#8220;), H\u00f6he nach dem Aufblasen ca. 93 x 49 cm (36.5 x 19&#8220;), mit Luft zu bef\u00fcllen. Mit Strohhalm zum Aufblasen.<\/p>\n","protected":false},"featured_media":42448,"comment_status":"open","ping_status":"closed","template":"","meta":[],"product_cat":[215,183],"product_tag":[],"class_list":{"0":"post-42871","1":"product","2":"type-product","3":"status-publish","4":"has-post-thumbnail","6":"product_brand-partydeco-de","7":"product_cat-dinosaurier","8":"product_cat-geburtstag","10":"first","11":"instock","12":"taxable","13":"shipping-taxable","14":"purchasable","15":"product-type-simple"},"_links":{"self":[{"href":"https:\/\/camaleoparty.ch\/de\/wp-json\/wp\/v2\/product\/42871","targetHints":{"allow":["GET"]}}],"collection":[{"href":"https:\/\/camaleoparty.ch\/de\/wp-json\/wp\/v2\/product"}],"about":[{"href":"https:\/\/camaleoparty.ch\/de\/wp-json\/wp\/v2\/types\/product"}],"replies":[{"embeddable":true,"href":"https:\/\/camaleoparty.ch\/de\/wp-json\/wp\/v2\/comments?post=42871"}],"wp:featuredmedia":[{"embeddable":true,"href":"https:\/\/camaleoparty.ch\/de\/wp-json\/wp\/v2\/media\/42448"}],"wp:attachment":[{"href":"https:\/\/camaleoparty.ch\/de\/wp-json\/wp\/v2\/media?parent=42871"}],"wp:term":[{"taxonomy":"product_cat","embeddable":true,"href":"https:\/\/camaleoparty.ch\/de\/wp-json\/wp\/v2\/product_cat?post=42871"},{"taxonomy":"product_tag","embeddable":true,"href":"https:\/\/camaleoparty.ch\/de\/wp-json\/wp\/v2\/product_tag?post=42871"}],"curies":[{"name":"wp","href":"https:\/\/api.w.org\/{rel}","templated":true}]}}