{"id":42866,"date":"2024-08-05T18:33:00","date_gmt":"2024-08-24T20:05:58","guid":{"rendered":"https:\/\/pikasworld.ch\/product\/aluminiumballon-dinosaurierschwanz-79x35-cm\/"},"modified":"2024-11-08T13:21:27","modified_gmt":"2024-11-08T12:21:27","slug":"aluminiumballon-dinosaurierschwanz-79x35-cm","status":"publish","type":"product","link":"https:\/\/camaleoparty.ch\/de\/produkt\/aluminiumballon-dinosaurierschwanz-79x35-cm\/","title":{"rendered":"Aluminiumballon Dinosaurierschwanz, 79&#215;35 cm"},"content":{"rendered":"<p>Es ist Zeit f\u00fcr eine neue \u00c4ra der Dekoration!<br \/>\nDer Ballon in Form eines Dinosaurierschwanzes aus Aluminiumfolie ist nicht nur eine Dekoration, sondern eine M\u00f6glichkeit, den Kindergeburtstag in ein echtes Abenteuer zu verwandeln.<br \/>\nKinder, vor allem Jungen, sind ganz verr\u00fcckt nach Dinosauriern!<br \/>\nDer Ballon in Form eines Dinosaurierschwanzes, zusammen mit anderen Dekorationen aus der Dino Fun Kollektion, erm\u00f6glicht es Ihnen, einen unvergesslichen Themengeburtstag f\u00fcr sie zu organisieren!<br \/>\nEr wird eine originelle Dekoration f\u00fcr die St\u00fchle der Themenparty sein und gleichzeitig eine Einladung f\u00fcr die Kinder, sich fr\u00f6hlich mit den Dinosauriern zu am\u00fcsieren.      &nbsp;  Die Farbpalette von Earthy Jungle ist dezent und freundlich f\u00fcr Kleinkinder, passt aber auch hervorragend zu nat\u00fcrlichen Pflanzen.<br \/>\nUnser Dinosaurierschwanz passt perfekt zu Partys, Geburtstagen in einem gemieteten Raum, im Haus, im Garten oder zu jeder anderen Feier im Freien.   &nbsp;  &#8211; Ballon in Form eines Dinosaurierschwanzes aus Aluminiumfolie zum Aufblasen mit Luft.<br \/>\n&#8211; Das Set enth\u00e4lt einen Strohhalm zum Selbstaufblasen.<br \/>\n&#8211; Ma\u00dfe vor dem Aufblasen ca. 79 x 35 cm.<br \/>\n&#8211; Ma\u00dfe nach dem Aufblasen ca. 74,5 x 25 cm.     &nbsp;  Der Ballon in Form eines Dinosaurierschwanzes ist eine Dekoration, die f\u00fcr Themengeburtstage f\u00fcr Kinder entworfen wurde.<br \/>\nDas Thema Dinosaurier ist \u00e4u\u00dferst beliebt und erm\u00f6glicht es, eine farbenfrohe, fr\u00f6hliche und modische Party zu planen, an die sich die Kinder nie mehr erinnern werden. <\/p>\n","protected":false},"excerpt":{"rendered":"<p>Aluminiumballon Dinosaurierschwanz, Farbmischung, Gr\u00f6\u00dfe vor dem Aufblasen ca. 79 x 35 cm (31 x 14&#8220;), Gr\u00f6\u00dfe nach dem Aufblasen ca. 74,5 x 25 cm (29 x 10&#8220;).<br \/>\nMit Luft aufblasen.<br \/>\nDas Set enth\u00e4lt Stroh und ein gr\u00fcnes Band mit einer L\u00e4nge von ca. 1,5 cm.<br \/>\n1 m.   <\/p>\n","protected":false},"featured_media":42457,"comment_status":"open","ping_status":"closed","template":"","meta":[],"product_cat":[215,274,136],"product_tag":[],"class_list":{"0":"post-42866","1":"product","2":"type-product","3":"status-publish","4":"has-post-thumbnail","6":"product_brand-partydeco-de","7":"product_cat-dinosaurier","8":"product_cat-folienballons","9":"product_cat-kostueme","11":"first","12":"instock","13":"taxable","14":"shipping-taxable","15":"purchasable","16":"product-type-simple"},"_links":{"self":[{"href":"https:\/\/camaleoparty.ch\/de\/wp-json\/wp\/v2\/product\/42866","targetHints":{"allow":["GET"]}}],"collection":[{"href":"https:\/\/camaleoparty.ch\/de\/wp-json\/wp\/v2\/product"}],"about":[{"href":"https:\/\/camaleoparty.ch\/de\/wp-json\/wp\/v2\/types\/product"}],"replies":[{"embeddable":true,"href":"https:\/\/camaleoparty.ch\/de\/wp-json\/wp\/v2\/comments?post=42866"}],"wp:featuredmedia":[{"embeddable":true,"href":"https:\/\/camaleoparty.ch\/de\/wp-json\/wp\/v2\/media\/42457"}],"wp:attachment":[{"href":"https:\/\/camaleoparty.ch\/de\/wp-json\/wp\/v2\/media?parent=42866"}],"wp:term":[{"taxonomy":"product_cat","embeddable":true,"href":"https:\/\/camaleoparty.ch\/de\/wp-json\/wp\/v2\/product_cat?post=42866"},{"taxonomy":"product_tag","embeddable":true,"href":"https:\/\/camaleoparty.ch\/de\/wp-json\/wp\/v2\/product_tag?post=42866"}],"curies":[{"name":"wp","href":"https:\/\/api.w.org\/{rel}","templated":true}]}}