{"id":42864,"date":"2024-08-06T13:01:35","date_gmt":"2024-08-24T20:05:55","guid":{"rendered":"https:\/\/pikasworld.ch\/product\/muffin-dekorationen-autos-4-stueck\/"},"modified":"2024-11-08T13:20:16","modified_gmt":"2024-11-08T12:20:16","slug":"muffin-dekorationen-autos-4-stueck","status":"publish","type":"product","link":"https:\/\/camaleoparty.ch\/de\/produkt\/muffin-dekorationen-autos-4-stueck\/","title":{"rendered":"Muffin-Dekorationen &#8211; Autos, 4 St\u00fcck"},"content":{"rendered":"<p><strong>Die Muffinverzierungen Autos verleihen Ihren Leckereien einen spielerischen und farbenfrohen Touch und sind ideal f\u00fcr Geburtstagsfeiern und Veranstaltungen mit dem Thema Autos.<\/strong>  Diese Dekorationen in Form von Autos wurden entworfen, um Ihre Muffins mit verschiedenen Mustern und einer Mischung aus hellen Farben aufzupeppen, die einen attraktiven und lustigen visuellen Effekt erzeugen.<br \/>\nMit einer H\u00f6he von ca. 12 cm verleihen sie jedem Muffin ein unverwechselbares dekoratives Element und machen Ihre Desserts nicht nur lecker, sondern auch optisch ansprechend.   <\/p>\n<ul>\n<li><strong>Lustiges Design :<\/strong> Die abwechslungsreichen Automotive-Motive verleihen Ihren Muffins einen Hauch von Spa\u00df und Dynamik, ideal f\u00fcr Autofans und Partys mit Auto-Thema.<\/li>\n<li><strong>Farbmischung:<\/strong> Die lebhaften und vielf\u00e4ltigen Farben der Dekorationen tragen zu einer festlichen und fr\u00f6hlichen Pr\u00e4sentation bei, ziehen die Blicke auf sich und bringen Freude in jeden Bissen.<\/li>\n<li><strong>Ideale Gr\u00f6\u00dfe:<\/strong> Mit einer H\u00f6he von ca. 12 cm sind die Dekorationen gro\u00df genug, um ein Mittelpunkt auf Ihren Muffins zu sein, aber auch leicht genug, um die Desserts nicht zu beschweren.<\/li>\n<li><strong>Einfach zu verwenden:<\/strong> Jede Packung enth\u00e4lt 4 Dekorationen, die Sie sofort in Ihre Muffins einf\u00fcgen k\u00f6nnen, um einen sofortigen Effekt zu erzielen.<br \/>\nSie sind einfach zu verwenden und ideal, um das Thema Ihrer Party zu vervollst\u00e4ndigen. <\/li>\n<\/ul>\n<p>  Die Auto-Dekorationen f\u00fcr Muffins eignen sich hervorragend, um Ihre Desserts zu personalisieren und sie bei Geburtstagsfeiern, Feiern oder besonderen Anl\u00e4ssen noch attraktiver zu machen.<br \/>\nSie bieten eine lustige und kreative M\u00f6glichkeit, Ihre Leckereien zu pr\u00e4sentieren und verleihen Ihrer Festtafel einen Hauch von Autothemen.<br \/>\nVerleihen Sie Ihren Muffins eine Portion Spa\u00df und Farbe mit diesen Dekorationen in Form von Autos.<br \/>\nDas lustige Design und die perfekte H\u00f6he machen jeden Muffin zu einem Teil Ihrer festlichen Dekoration und schaffen ein unvergessliches Erlebnis f\u00fcr Ihre G\u00e4ste.   <\/p>\n","protected":false},"excerpt":{"rendered":"<p>Muffin-Dekorationen in Form von Autos, mit einer Auswahl an Mustern und Farben.<br \/>\nH\u00f6he ca. 12 cm.  (1 pqt. \/ 4 pc.)<\/p>\n","protected":false},"featured_media":42595,"comment_status":"open","ping_status":"closed","template":"","meta":[],"product_cat":[330,183,327,593],"product_tag":[],"class_list":{"0":"post-42864","1":"product","2":"type-product","3":"status-publish","4":"has-post-thumbnail","6":"product_brand-partydeco-de","7":"product_cat-cupcakes-de","8":"product_cat-geburtstag","9":"product_cat-kochen","10":"product_cat-transport","12":"first","13":"instock","14":"taxable","15":"shipping-taxable","16":"purchasable","17":"product-type-simple"},"_links":{"self":[{"href":"https:\/\/camaleoparty.ch\/de\/wp-json\/wp\/v2\/product\/42864","targetHints":{"allow":["GET"]}}],"collection":[{"href":"https:\/\/camaleoparty.ch\/de\/wp-json\/wp\/v2\/product"}],"about":[{"href":"https:\/\/camaleoparty.ch\/de\/wp-json\/wp\/v2\/types\/product"}],"replies":[{"embeddable":true,"href":"https:\/\/camaleoparty.ch\/de\/wp-json\/wp\/v2\/comments?post=42864"}],"wp:featuredmedia":[{"embeddable":true,"href":"https:\/\/camaleoparty.ch\/de\/wp-json\/wp\/v2\/media\/42595"}],"wp:attachment":[{"href":"https:\/\/camaleoparty.ch\/de\/wp-json\/wp\/v2\/media?parent=42864"}],"wp:term":[{"taxonomy":"product_cat","embeddable":true,"href":"https:\/\/camaleoparty.ch\/de\/wp-json\/wp\/v2\/product_cat?post=42864"},{"taxonomy":"product_tag","embeddable":true,"href":"https:\/\/camaleoparty.ch\/de\/wp-json\/wp\/v2\/product_tag?post=42864"}],"curies":[{"name":"wp","href":"https:\/\/api.w.org\/{rel}","templated":true}]}}