{"id":42861,"date":"2024-08-06T11:52:56","date_gmt":"2024-08-24T20:05:45","guid":{"rendered":"https:\/\/pikasworld.ch\/product\/temporaere-tattoos-autos-11-stueck\/"},"modified":"2024-11-08T13:20:34","modified_gmt":"2024-11-08T12:20:34","slug":"temporaere-tattoos-autos-11-stueck","status":"publish","type":"product","link":"https:\/\/camaleoparty.ch\/de\/produkt\/temporaere-tattoos-autos-11-stueck\/","title":{"rendered":"Tempor\u00e4re Tattoos Autos, 11 St\u00fcck"},"content":{"rendered":"<p><strong>Die tempor\u00e4ren Auto-Tattoos verleihen Ihren Feiern einen Hauch von Spa\u00df und Abenteuer und sind ideal f\u00fcr Autoliebhaber und Geburtstagsfeiern mit dem Thema Fahrzeuge.<\/strong>  Diese tempor\u00e4ren Tattoos sind mit einer Vielzahl von Auto-Motiven verziert und bieten eine lebhafte Mischung aus Farben und Designs, um das Aussehen jedes Kindes individuell zu gestalten.<br \/>\nMit 11 verschiedenen Motiven, die im Set enthalten sind, bietet jedes Tattoo ein einzigartiges Design, das es den Kindern erm\u00f6glicht, ihre Favoriten auszuw\u00e4hlen und sie stolz auf der Party zu pr\u00e4sentieren.   <\/p>\n<ul>\n<li><strong>Abwechslungsreiche Designs:<\/strong> Jedes Tattoo zeigt unverwechselbare und farbenfrohe Auto-Motive, von Rennwagen bis hin zu klassischen Fahrzeugen, die eine dynamische und fesselnde Sammlung bilden.<\/li>\n<li><strong>Farbmischung:<\/strong> Die Motive sind in leuchtenden Farben gedruckt, ziehen die Aufmerksamkeit auf sich und verleihen dem Erscheinungsbild der Kinder einen fr\u00f6hlichen Touch.<br \/>\nIdeal zur Erg\u00e4nzung eines Autoparty-Themas. <\/li>\n<li><strong>Einfache Anwendung:<\/strong> Tempor\u00e4re Tattoos sind einfach anzubringen und zu entfernen und bieten eine lustige und praktische L\u00f6sung f\u00fcr tempor\u00e4re K\u00f6rperdekorationen bei Partys oder Veranstaltungen.<\/li>\n<li><strong>Gro\u00dfz\u00fcgige Menge:<\/strong> Mit den 11 verschiedenen Designs, die im <strong>Lieferumfang<\/strong> enthalten sind, kann jedes Kind ein Design w\u00e4hlen, das ihm gef\u00e4llt, oder sogar mehrere Designs ausprobieren und so eine lustige Abwechslung f\u00fcr alle G\u00e4ste bieten.<\/li>\n<\/ul>\n<p>  Diese tempor\u00e4ren Tattoos eignen sich hervorragend f\u00fcr Geburtstagsfeiern, Veranstaltungen mit Autothemen oder Gruppenaktivit\u00e4ten und verleihen Ihren Feiern eine pers\u00f6nliche Note und Unterhaltung.<br \/>\nSie eignen sich auch hervorragend f\u00fcr Spiele und Bastelarbeiten, bei denen die Kinder auf unterhaltsame und zeitlich begrenzte Weise ihren eigenen Stil kreieren k\u00f6nnen.<br \/>\nF\u00fcgen Sie einen Hauch von Kreativit\u00e4t und Spa\u00df mit den tempor\u00e4ren Auto-Tattoos hinzu.<br \/>\nDas abwechslungsreiche Design und die einfache Anwendung machen jede Veranstaltung zu einem besonderen und unvergesslichen Moment, verzaubern die Kinder und runden das Thema Ihrer Party perfekt ab.   <\/p>\n","protected":false},"excerpt":{"rendered":"<div class=\"product__name\">\n<h1><\/h1>\n<\/div>\n<div class=\"product__description\">\n<div class=\"product__description__text\">Tempor\u00e4re Tattoos Autos, eine Mischung aus Farben und Designs, das Set besteht aus 11 Motiven.<br \/>\n(1 pqt. \/ 11 pc.) <\/div>\n<\/div>\n","protected":false},"featured_media":42553,"comment_status":"open","ping_status":"closed","template":"","meta":[],"product_cat":[183,146,593],"product_tag":[],"class_list":{"0":"post-42861","1":"product","2":"type-product","3":"status-publish","4":"has-post-thumbnail","6":"product_brand-partydeco-de","7":"product_cat-geburtstag","8":"product_cat-tattoos-de","9":"product_cat-transport","11":"first","12":"instock","13":"taxable","14":"shipping-taxable","15":"purchasable","16":"product-type-simple"},"_links":{"self":[{"href":"https:\/\/camaleoparty.ch\/de\/wp-json\/wp\/v2\/product\/42861","targetHints":{"allow":["GET"]}}],"collection":[{"href":"https:\/\/camaleoparty.ch\/de\/wp-json\/wp\/v2\/product"}],"about":[{"href":"https:\/\/camaleoparty.ch\/de\/wp-json\/wp\/v2\/types\/product"}],"replies":[{"embeddable":true,"href":"https:\/\/camaleoparty.ch\/de\/wp-json\/wp\/v2\/comments?post=42861"}],"wp:featuredmedia":[{"embeddable":true,"href":"https:\/\/camaleoparty.ch\/de\/wp-json\/wp\/v2\/media\/42553"}],"wp:attachment":[{"href":"https:\/\/camaleoparty.ch\/de\/wp-json\/wp\/v2\/media?parent=42861"}],"wp:term":[{"taxonomy":"product_cat","embeddable":true,"href":"https:\/\/camaleoparty.ch\/de\/wp-json\/wp\/v2\/product_cat?post=42861"},{"taxonomy":"product_tag","embeddable":true,"href":"https:\/\/camaleoparty.ch\/de\/wp-json\/wp\/v2\/product_tag?post=42861"}],"curies":[{"name":"wp","href":"https:\/\/api.w.org\/{rel}","templated":true}]}}