{"id":42860,"date":"2024-08-06T12:44:00","date_gmt":"2024-08-24T20:05:44","guid":{"rendered":"https:\/\/pikasworld.ch\/product\/servietten-autos-12-st\/"},"modified":"2024-11-08T13:20:21","modified_gmt":"2024-11-08T12:20:21","slug":"servietten-autos-12-st","status":"publish","type":"product","link":"https:\/\/camaleoparty.ch\/de\/produkt\/servietten-autos-12-st\/","title":{"rendered":"Servietten Autos , 12 St."},"content":{"rendered":"<div class=\"flex flex-grow flex-col max-w-full\">\n<div class=\"min-h-[20px] text-message flex w-full flex-col items-end gap-2 whitespace-pre-wrap break-words [.text-message+&amp;]:mt-5 overflow-x-auto\" dir=\"auto\" data-message-author-role=\"assistant\" data-message-id=\"d98d2e7d-9579-4147-b142-cc9ab9052320\">\n<div class=\"flex w-full flex-col gap-1 empty:hidden first:pt-[3px]\">\n<div class=\"markdown prose w-full break-words dark:prose-invert dark\">\n<h3><\/h3>\n<p><strong>Die Servietten Autos verleihen Ihrer Festtafel einen farbenfrohen und lustigen Touch und eignen sich perfekt f\u00fcr Geburtstage und Veranstaltungen mit dem Thema Autos.<\/strong>  Diese Servietten aus Papier, die mit aufregenden Auto-Motiven in gemischten Farben verziert sind, sind ideal, um Ihre Partydekoration zu vervollst\u00e4ndigen und bieten gleichzeitig eine praktische L\u00f6sung f\u00fcr den Servicebedarf.<br \/>\nAufgeklappt sind sie ca. 33 x 33 cm gro\u00df und bieten eine gro\u00dfe Fl\u00e4che zum Abwischen der H\u00e4nde und zum Entfernen kleinerer Spritzer.<br \/>\nZusammengeklappt sind sie kompakt mit einer Gr\u00f6\u00dfe von ca. 16,5 x 16,5 cm, so dass sie leicht zu verstauen und w\u00e4hrend der Party zu benutzen sind.    <\/p>\n<ul>\n<li><strong>Farbenfrohes Design:<\/strong> Die Auto-Motive in Farbmischung verleihen Ihrer Tischdekoration einen Hauch von Unterhaltung und Dynamik und schaffen eine fr\u00f6hliche und attraktive Atmosph\u00e4re f\u00fcr die G\u00e4ste, insbesondere f\u00fcr Fahrzeugliebhaber.<\/li>\n<li><strong>Gro\u00dfz\u00fcgige Abmessungen:<\/strong> Mit einer <strong>Gr\u00f6\u00dfe<\/strong> von 33 x 33 cm bieten diese Servietten eine gro\u00dfe Fl\u00e4che f\u00fcr Mahlzeiten und Snacks und sind gleichzeitig gro\u00df genug, um Spritzer und kleine Flecken zu bew\u00e4ltigen.<\/li>\n<li><strong>Praktisch:<\/strong> Die Servietten bestehen aus hochwertigem Papier und sind so konzipiert, dass sie saugf\u00e4hig und robust sind, w\u00e4hrend sie sich gleichzeitig leicht falten und entfalten lassen, so dass sie auf Partys schnell einsatzbereit sind.<\/li>\n<li><strong>Angemessene Menge:<\/strong> Die Packung enth\u00e4lt 12 Servietten, perfekt um eine Gruppe von G\u00e4sten zu bedienen und gleichzeitig sicherzustellen, dass es genug f\u00fcr jeden Bedarf w\u00e4hrend der Veranstaltung gibt.<\/li>\n<\/ul>\n<p>  Die Servietten Autos sind perfekt f\u00fcr Geburtstagsfeiern, Veranstaltungen mit Autothemen oder andere Feiern, die einen Hauch von Spa\u00df und Farbe erfordern.<br \/>\nSie sind eine elegante Erg\u00e4nzung Ihrer Dekoration und bieten gleichzeitig eine praktische Funktion f\u00fcr das Servieren von Speisen.<br \/>\nVerleihen Sie Ihrer Party einen Hauch von Stil und Zweckm\u00e4\u00dfigkeit mit den Servietten Autos.<br \/>\nIhr lebhaftes Design und die gro\u00dfz\u00fcgige Gr\u00f6\u00dfe machen jede Mahlzeit zu einem angenehmen und festlichen Moment und stellen sicher, dass Ihre G\u00e4ste alles haben, was sie brauchen, um die Veranstaltung in vollen Z\u00fcgen zu genie\u00dfen.     <\/p><\/div>\n<\/div>\n<\/div>\n<\/div>\n<div class=\"mt-1 flex gap-3 empty:hidden -ml-2\">\n<div class=\"items-center justify-start rounded-xl p-1 flex\">\n<div class=\"flex items-center\">\n<p>&nbsp;<\/p>\n<div class=\"flex\"><\/div>\n<div class=\"flex items-center pb-0\">\n<div class=\"[&amp;_svg]:h-full [&amp;_svg]:w-full icon-md h-4 w-4\"><\/div>\n<p><span class=\"overflow-hidden text-clip whitespace-nowrap text-sm\">4o mini<\/span><\/p>\n<\/div>\n<\/div>\n<\/div>\n<\/div>\n","protected":false},"excerpt":{"rendered":"<p>Servietten aus Papier mit Auto-Motiven in gemischten Farben.<br \/>\nMa\u00dfe ungefaltet ca. 33 x 33 cm, Ma\u00dfe gefaltet ca. 16.5 x 16.5 cm.  (1 Pkg. \/ 12 Stk.)<\/p>\n","protected":false},"featured_media":42592,"comment_status":"open","ping_status":"closed","template":"","meta":[],"product_cat":[183,161,593,147],"product_tag":[],"class_list":{"0":"post-42860","1":"product","2":"type-product","3":"status-publish","4":"has-post-thumbnail","6":"product_brand-partydeco-de","7":"product_cat-geburtstag","8":"product_cat-servietten","9":"product_cat-transport","10":"product_cat-verjaardags-en-feesttafelversieringen","12":"first","13":"instock","14":"taxable","15":"shipping-taxable","16":"purchasable","17":"product-type-simple"},"_links":{"self":[{"href":"https:\/\/camaleoparty.ch\/de\/wp-json\/wp\/v2\/product\/42860","targetHints":{"allow":["GET"]}}],"collection":[{"href":"https:\/\/camaleoparty.ch\/de\/wp-json\/wp\/v2\/product"}],"about":[{"href":"https:\/\/camaleoparty.ch\/de\/wp-json\/wp\/v2\/types\/product"}],"replies":[{"embeddable":true,"href":"https:\/\/camaleoparty.ch\/de\/wp-json\/wp\/v2\/comments?post=42860"}],"wp:featuredmedia":[{"embeddable":true,"href":"https:\/\/camaleoparty.ch\/de\/wp-json\/wp\/v2\/media\/42592"}],"wp:attachment":[{"href":"https:\/\/camaleoparty.ch\/de\/wp-json\/wp\/v2\/media?parent=42860"}],"wp:term":[{"taxonomy":"product_cat","embeddable":true,"href":"https:\/\/camaleoparty.ch\/de\/wp-json\/wp\/v2\/product_cat?post=42860"},{"taxonomy":"product_tag","embeddable":true,"href":"https:\/\/camaleoparty.ch\/de\/wp-json\/wp\/v2\/product_tag?post=42860"}],"curies":[{"name":"wp","href":"https:\/\/api.w.org\/{rel}","templated":true}]}}