{"id":42857,"date":"2024-08-06T11:39:48","date_gmt":"2024-08-24T20:05:37","guid":{"rendered":"https:\/\/pikasworld.ch\/product\/snackboxen-autos-3-stueck\/"},"modified":"2024-11-08T13:20:40","modified_gmt":"2024-11-08T12:20:40","slug":"snackboxen-autos-3-stueck","status":"publish","type":"product","link":"https:\/\/camaleoparty.ch\/de\/produkt\/snackboxen-autos-3-stueck\/","title":{"rendered":"Snackboxen Autos, 3 St\u00fcck"},"content":{"rendered":"<div class=\"flex flex-grow flex-col max-w-full\">\n<div class=\"min-h-[20px] text-message flex w-full flex-col items-end gap-2 whitespace-pre-wrap break-words [.text-message+&amp;]:mt-5 overflow-x-auto\" dir=\"auto\" data-message-author-role=\"assistant\" data-message-id=\"07e08b0d-ee3d-4cb9-be98-31d31d83495c\">\n<div class=\"flex w-full flex-col gap-1 empty:hidden first:pt-[3px]\">\n<div class=\"markdown prose w-full break-words dark:prose-invert dark\">\n<p><strong>Die Snackboxen Autos verleihen Ihren Partys einen spielerischen und farbenfrohen Touch und eignen sich perfekt, um Snacks auf originelle und unterhaltsame Weise zu servieren.<\/strong>  Diese Snackboxen aus Papier mit Automotiven sind ideal f\u00fcr Geburtstagsfeiern mit Fahrzeugen oder f\u00fcr jede andere Feier, bei der eine attraktive Pr\u00e4sentation Ihrer Snacks erforderlich ist.<br \/>\nDie Farbkombination sorgt f\u00fcr eine lebhafte und fr\u00f6hliche Note, w\u00e4hrend die praktische Gr\u00f6\u00dfe von 7,5 x 7,5 x 17 cm die Boxen perfekt f\u00fcr kleine S\u00fc\u00dfigkeiten, Bonbons oder Knabbereien macht.   <\/p>\n<ul>\n<li><strong>Lustiges Design :<\/strong> Das Auto-Motiv und die Farbzusammenstellung verleihen Ihren Snack-Pr\u00e4sentationen einen Hauch von Spa\u00df und Dynamik und erfreuen Kinder und Autoliebhaber gleicherma\u00dfen.<\/li>\n<li><strong>Praktische Gr\u00f6\u00dfe:<\/strong> Mit einer Gr\u00f6\u00dfe von ca. 7,5 x 7,5 x 17 cm nach dem Zusammenbau sind diese Schachteln perfekt f\u00fcr einzelne Portionen von Snacks geeignet und bieten eine ideale Gr\u00f6\u00dfe f\u00fcr kleine Leckereien.<\/li>\n<li><strong>Einfache Zusammenstellung:<\/strong> Das Produkt ist selbst <strong>zusammenzustellen<\/strong>, so dass Sie Ihre Boxen nach Bedarf vorbereiten und gleichzeitig Ihrer Dekoration einen individuellen Aspekt verleihen k\u00f6nnen.<\/li>\n<li><strong>Hochwertiges Material:<\/strong> Aus robustem Papier hergestellt, sind die Schachteln stabil genug, um Snacks zu enthalten, w\u00e4hrend sie gleichzeitig leicht und einfach zu handhaben sind.<\/li>\n<\/ul>\n<p>  Das Set besteht aus 3 Schachteln und 6 Papierelementen, mit denen Sie stilvoll Snackportionen f\u00fcr Ihre G\u00e4ste zubereiten k\u00f6nnen.<br \/>\nOb Sie eine Geburtstagsfeier, eine Neujahrsfeier oder ein Treffen mit Freunden organisieren, diese Snackboxen in Form von Autos werden Ihrer Veranstaltung einen Hauch von Spa\u00df verleihen.<br \/>\nVervollst\u00e4ndigen Sie Ihre Partydekoration mit den Snackboxen Autos und machen Sie aus jeder Snackpause einen besonderen Moment.<br \/>\nDas attraktive Design und die praktischen Abmessungen sorgen f\u00fcr eine lustige und funktionale Pr\u00e4sentation Ihrer Snacks und machen Ihre Party zu einem unvergesslichen Ereignis.     <\/p><\/div>\n<\/div>\n<\/div>\n<\/div>\n<div class=\"mt-1 flex gap-3 empty:hidden -ml-2\">\n<div class=\"items-center justify-start rounded-xl p-1 flex\">\n<div class=\"flex items-center\">\n<p>&nbsp;<\/p>\n<div class=\"flex\"><\/div>\n<div class=\"flex items-center pb-0\">\n<div class=\"[&amp;_svg]:h-full [&amp;_svg]:w-full icon-md h-4 w-4\"><\/div>\n<p><span class=\"overflow-hidden text-clip whitespace-nowrap text-sm\">4o mini<\/span><\/p>\n<\/div>\n<\/div>\n<\/div>\n<\/div>\n","protected":false},"excerpt":{"rendered":"<p>Snackboxen Autos aus Papier, in verschiedenen Farben.<br \/>\nDas Set enth\u00e4lt 3 Schachteln und 6 Papierelemente.<br \/>\nAbmessungen nach dem Zusammenbau ca. 7,5 x 7,5 x 17 cm.   Produkt zum Selbstzusammenbau. (1 pqt. \/ 3 pc.)<\/p>\n","protected":false},"featured_media":42486,"comment_status":"open","ping_status":"closed","template":"","meta":[],"product_cat":[593,183,333],"product_tag":[],"class_list":{"0":"post-42857","1":"product","2":"type-product","3":"status-publish","4":"has-post-thumbnail","6":"product_brand-partydeco-de","7":"product_cat-transport","8":"product_cat-geburtstag","9":"product_cat-popcorn-de","11":"first","12":"instock","13":"taxable","14":"shipping-taxable","15":"purchasable","16":"product-type-simple"},"_links":{"self":[{"href":"https:\/\/camaleoparty.ch\/de\/wp-json\/wp\/v2\/product\/42857","targetHints":{"allow":["GET"]}}],"collection":[{"href":"https:\/\/camaleoparty.ch\/de\/wp-json\/wp\/v2\/product"}],"about":[{"href":"https:\/\/camaleoparty.ch\/de\/wp-json\/wp\/v2\/types\/product"}],"replies":[{"embeddable":true,"href":"https:\/\/camaleoparty.ch\/de\/wp-json\/wp\/v2\/comments?post=42857"}],"wp:featuredmedia":[{"embeddable":true,"href":"https:\/\/camaleoparty.ch\/de\/wp-json\/wp\/v2\/media\/42486"}],"wp:attachment":[{"href":"https:\/\/camaleoparty.ch\/de\/wp-json\/wp\/v2\/media?parent=42857"}],"wp:term":[{"taxonomy":"product_cat","embeddable":true,"href":"https:\/\/camaleoparty.ch\/de\/wp-json\/wp\/v2\/product_cat?post=42857"},{"taxonomy":"product_tag","embeddable":true,"href":"https:\/\/camaleoparty.ch\/de\/wp-json\/wp\/v2\/product_tag?post=42857"}],"curies":[{"name":"wp","href":"https:\/\/api.w.org\/{rel}","templated":true}]}}