{"id":42366,"date":"2024-07-29T10:44:32","date_gmt":"2024-07-29T09:52:18","guid":{"rendered":"https:\/\/pikasworld.ch\/product\/geschenktasche-hexe\/"},"modified":"2024-11-08T13:22:53","modified_gmt":"2024-11-08T12:22:53","slug":"geschenktasche-hexe","status":"publish","type":"product","link":"https:\/\/camaleoparty.ch\/de\/produkt\/geschenktasche-hexe\/","title":{"rendered":"Geschenktasche Hexe"},"content":{"rendered":"<p>\u2640\ufe0f<strong>Verleihe deinen Halloween-S\u00fc\u00dfigkeiten mit unserer Hexen-Geschenkt\u00fcte einen verhexten Touch!<\/strong> Perfekt zum Vorbereiten von S\u00fc\u00dfigkeitenpaketen f\u00fcr die kleinen Monstern und Hexen, die bei Ihnen anklopfen werden, diese Tasche wird Ihren \u00dcberraschungen eine magische Note verleihen. <strong>Merkmale:<\/strong><\/p>\n<ul>\n<li><strong>Design:<\/strong> Verziert mit einer Hexe &#8211; f\u00fcr einen geheimnisvollen und lustigen Effekt.<\/li>\n<li><strong>Ma\u00dfe:<\/strong> Ohne Henkel: ca. 8 x 14 x 18 cm &#8211; ideal f\u00fcr S\u00fc\u00dfigkeiten und kleine Sch\u00e4tze.<\/li>\n<\/ul>\n<p><strong>Ideal f\u00fcr:<\/strong><\/p>\n<ul>\n<li><strong>Halloween :<\/strong> Perfekt zum Verteilen von S\u00fc\u00dfigkeiten auf Partys oder auf der Trick or Treat-Tour.<\/li>\n<li><strong>Kleine Geschenke:<\/strong> Verwenden Sie sie f\u00fcr kleine \u00dcberraschungen oder Mini-Geschenke f\u00fcr Ihre G\u00e4ste.<\/li>\n<\/ul>\n<p><strong>Themenvorschl\u00e4ge f\u00fcr Themenpartys:<\/strong><\/p>\n<ul>\n<li><strong> Hexenparty:<\/strong> Kombinieren Sie mit Hexendekorationen und magischen Accessoires f\u00fcr einen verhexten Abend.<\/li>\n<li><strong>Halloween Mysteri\u00f6s:<\/strong> Kombinieren Sie mit gotischen Elementen und dunklen Farben f\u00fcr eine faszinierende Atmosph\u00e4re.<\/li>\n<li><strong> Kinderparty:<\/strong> Verwenden Sie mit lustigen Dekorationen und bunten S\u00fc\u00dfigkeiten, um die Kleinen zu begeistern.<\/li>\n<\/ul>\n<p><strong>Das kleine Extra :<\/strong> Ideal, um Ihren Geschenken einen Hauch von Magie zu verleihen. von Halloween und zaubern kleinen Hexen und Zauberern ein L\u00e4cheln ins Gesicht!<\/p>\n","protected":false},"excerpt":{"rendered":"<p><strong>\u2640\ufe0f Verleihen Sie Ihren S\u00fc\u00dfigkeiten einen zauberhaften Touch! Halloween-S\u00fc\u00dfigkeiten mit unserer Geschenkt\u00fcte Hexe!<\/strong><\/p>\n","protected":false},"featured_media":35000,"comment_status":"open","ping_status":"closed","template":"","meta":[],"product_cat":[382,258,1078,582],"product_tag":[],"class_list":{"0":"post-42366","1":"product","2":"type-product","3":"status-publish","4":"has-post-thumbnail","6":"product_brand-partydeco-de","7":"product_cat-geschenktueten-schachteln","8":"product_cat-halloween-de-2","9":"product_cat-halloween-kleine-geschenke-accessoires","10":"product_cat-magier","12":"first","13":"instock","14":"taxable","15":"shipping-taxable","16":"purchasable","17":"product-type-simple"},"_links":{"self":[{"href":"https:\/\/camaleoparty.ch\/de\/wp-json\/wp\/v2\/product\/42366","targetHints":{"allow":["GET"]}}],"collection":[{"href":"https:\/\/camaleoparty.ch\/de\/wp-json\/wp\/v2\/product"}],"about":[{"href":"https:\/\/camaleoparty.ch\/de\/wp-json\/wp\/v2\/types\/product"}],"replies":[{"embeddable":true,"href":"https:\/\/camaleoparty.ch\/de\/wp-json\/wp\/v2\/comments?post=42366"}],"wp:featuredmedia":[{"embeddable":true,"href":"https:\/\/camaleoparty.ch\/de\/wp-json\/wp\/v2\/media\/35000"}],"wp:attachment":[{"href":"https:\/\/camaleoparty.ch\/de\/wp-json\/wp\/v2\/media?parent=42366"}],"wp:term":[{"taxonomy":"product_cat","embeddable":true,"href":"https:\/\/camaleoparty.ch\/de\/wp-json\/wp\/v2\/product_cat?post=42366"},{"taxonomy":"product_tag","embeddable":true,"href":"https:\/\/camaleoparty.ch\/de\/wp-json\/wp\/v2\/product_tag?post=42366"}],"curies":[{"name":"wp","href":"https:\/\/api.w.org\/{rel}","templated":true}]}}