{"id":42351,"date":"2023-11-07T10:52:03","date_gmt":"2024-07-28T16:33:44","guid":{"rendered":"https:\/\/pikasworld.ch\/product\/weihnachtsdekorationen-zum-aufhaengen-sterne-und-waben\/"},"modified":"2024-11-08T13:45:14","modified_gmt":"2024-11-08T12:45:14","slug":"weihnachtsdekorationen-zum-aufhaengen-sterne-und-waben","status":"publish","type":"product","link":"https:\/\/camaleoparty.ch\/de\/produkt\/weihnachtsdekorationen-zum-aufhaengen-sterne-und-waben\/","title":{"rendered":"Weihnachtsdekorationen zum Aufh\u00e4ngen Sterne und Waben"},"content":{"rendered":"<p><font style=\"font-family: futura-pt, sans-serif;font-size: 16px;font-style: normal;font-weight: 400;letter-spacing: 1px;text-align: left;text-indent: 0px;text-transform: none;text-decoration: none;vertical-align: inherit\"><font style=\"vertical-align: inherit\">H\u00e4ngen Sie diese Weihnachtsdekorationen in Ihrem Haus auf, um Ihrer Einrichtung einen Hauch von Glamour und Glanz zu verleihen.  <\/font><\/font><\/p>\n<p><font style=\"font-family: futura-pt, sans-serif;font-size: 16px;font-style: normal;font-weight: 400;letter-spacing: 1px;text-align: left;text-indent: 0px;text-transform: none;text-decoration: none;vertical-align: inherit\"><font style=\"vertical-align: inherit\">Wir haben den Sternen einen metallischen Rand hinzugef\u00fcgt, um diesem Weihnachtsfest ein wenig Glanz zu verleihen.  <\/font><font style=\"vertical-align: inherit\">Diese k\u00f6nnen Sie wunderbar in Ihrem Haus aufh\u00e4ngen f\u00fcr einen Hauch von Weihnachten im Alltag oder \u00fcber Ihrem Tisch f\u00fcr Ihr Weihnachtsessen.  <\/font><\/font><\/p>\n<p><font style=\"font-family: futura-pt, sans-serif;font-size: 16px;font-style: normal;font-weight: 400;letter-spacing: 1px;text-align: left;text-indent: 0px;text-transform: none;text-decoration: none;vertical-align: inherit\"><font style=\"vertical-align: inherit\">Kombinieren Sie es mit dem wundersch\u00f6nen Dekor unserer Cosy Copper Kollektion, die mit warmen Lebkuchent\u00f6nen einen modernen skandinavischen Touch verleiht.  <\/font><\/font><\/p>\n<p><font style=\"font-family: futura-pt, sans-serif;font-size: 16px;font-style: normal;font-weight: 400;letter-spacing: 1px;text-align: left;text-indent: 0px;text-transform: none;text-decoration: none;vertical-align: inherit\"><font style=\"vertical-align: inherit\">Jede Packung enth\u00e4lt : <\/font><\/font><br \/>\n<font style=\"font-family: futura-pt, sans-serif;font-size: 16px;font-style: normal;font-weight: 400;letter-spacing: 1px;text-align: left;text-indent: 0px;text-transform: none;text-decoration: none;vertical-align: inherit\"><font style=\"vertical-align: inherit\">2 x Sterndekorationen aus Papier mit den Ma\u00dfen 30 cm (H) x 30 cm (B)  <\/font><\/font><br \/>\n<font style=\"font-family: futura-pt, sans-serif;font-size: 16px;font-style: normal;font-weight: 400;letter-spacing: 1px;text-align: left;text-indent: 0px;text-transform: none;text-decoration: none;vertical-align: inherit\"><font style=\"vertical-align: inherit\">2 x Sterndekorationen aus Papier, Gr\u00f6\u00dfe 22 cm (H) x 22 cm (B)  <\/font><\/font><br \/>\n<font style=\"font-family: futura-pt, sans-serif;font-size: 16px;font-style: normal;font-weight: 400;letter-spacing: 1px;text-align: left;text-indent: 0px;text-transform: none;text-decoration: none;vertical-align: inherit\"><font style=\"vertical-align: inherit\">mit einer Goldfolie aus Messing am inneren Rand.  <\/font><\/font><br \/>\n<font style=\"font-family: futura-pt, sans-serif;font-size: 16px;font-style: normal;font-weight: 400;letter-spacing: 1px;text-align: left;text-indent: 0px;text-transform: none;text-decoration: none;vertical-align: inherit\"><font style=\"vertical-align: inherit\">2 x Papierwaben mit den Ma\u00dfen 13 cm (H) x 13 cm (B)  <\/font><\/font><br \/>\n<font style=\"font-family: futura-pt, sans-serif;font-size: 16px;font-style: normal;font-weight: 400;letter-spacing: 1px;text-align: left;text-indent: 0px;text-transform: none;text-decoration: none;vertical-align: inherit\"><font style=\"vertical-align: inherit\">2 x Papierwaben mit den Ma\u00dfen 20 cm (H) x 20 cm (B)  <\/font><\/font><\/p>\n<p><font style=\"font-family: futura-pt, sans-serif;font-size: 16px;font-style: normal;font-weight: 400;letter-spacing: 1px;text-align: left;text-indent: 0px;text-transform: none;text-decoration: none;vertical-align: inherit\"><font style=\"vertical-align: inherit\">Die Verpackung ist recycelbar.<\/font><\/font><\/p>\n","protected":false},"excerpt":{"rendered":"<div class=\"flex flex-middle m-t-3 ng-star-inserted\" style=\"margin: 0.75rem 0px 0px;padding: 0px;border: 0px;font-size: 16px;font-family: futura-pt, sans-serif;font-weight: 400;vertical-align: initial;text-transform: none;border-radius: 0px;align-items: center;font-style: normal;letter-spacing: normal;text-align: start;text-indent: 0px;text-decoration: none\"><span class=\"m-l-3 p1\" style=\"margin: 0px 0px 0px 0.75rem;padding: 0px;border: 0px;font-size: 1rem;font-family: inherit;font-weight: inherit;vertical-align: initial;color: inherit;text-transform: none;border-radius: 0px;letter-spacing: 0.0625rem;line-height: 1.25rem\"><font style=\"vertical-align: inherit\"><font style=\"vertical-align: inherit\"><br class=\"Apple-interchange-newline\">ich bin umweltfreundlich<\/font><\/font><\/span><\/div>\n<p><span class=\"p1 w-11 m-t-6 m-b-6\" style=\"margin: 1.5rem 0px;padding: 0px;border: 0px;font-size: 16px;font-family: futura-pt, sans-serif;font-weight: 400;vertical-align: top;text-transform: none;border-radius: 0px;width: 879.921875px;letter-spacing: 0.0625rem;line-height: 1.25rem;font-style: normal;text-align: start;text-indent: 0px;text-decoration: none\"><font style=\"vertical-align: inherit\"><font style=\"vertical-align: inherit\">H\u00e4ngen Sie diese Weihnachtsdekorationen in Ihrem Haus auf, um Ihrer Einrichtung einen Hauch von Glamour und Glanz zu verleihen.<span class=\"Apple-converted-space\">&nbsp;<\/span><\/font><font style=\"vertical-align: inherit\">Jedes Set enth\u00e4lt 8 Weihnachtsdekorationen in Wabenform und Weihnachtssterndekorationen.<br \/>\nWir haben den Sternen einen Metallrand hinzugef\u00fcgt, um dem Weihnachtsfest einen zus\u00e4tzlichen Glanz zu verleihen. <\/font><\/font><\/span><\/p>\n","protected":false},"featured_media":36428,"comment_status":"open","ping_status":"closed","template":"","meta":[],"product_cat":[912,175,193],"product_tag":[],"class_list":{"0":"post-42351","1":"product","2":"type-product","3":"status-publish","4":"has-post-thumbnail","6":"product_brand-gingerray-de","7":"product_cat-weihnachtsdekoration","8":"product_cat-girlanden","9":"product_cat-weihnachten","11":"first","12":"instock","13":"taxable","14":"shipping-taxable","15":"purchasable","16":"product-type-simple"},"_links":{"self":[{"href":"https:\/\/camaleoparty.ch\/de\/wp-json\/wp\/v2\/product\/42351","targetHints":{"allow":["GET"]}}],"collection":[{"href":"https:\/\/camaleoparty.ch\/de\/wp-json\/wp\/v2\/product"}],"about":[{"href":"https:\/\/camaleoparty.ch\/de\/wp-json\/wp\/v2\/types\/product"}],"replies":[{"embeddable":true,"href":"https:\/\/camaleoparty.ch\/de\/wp-json\/wp\/v2\/comments?post=42351"}],"wp:featuredmedia":[{"embeddable":true,"href":"https:\/\/camaleoparty.ch\/de\/wp-json\/wp\/v2\/media\/36428"}],"wp:attachment":[{"href":"https:\/\/camaleoparty.ch\/de\/wp-json\/wp\/v2\/media?parent=42351"}],"wp:term":[{"taxonomy":"product_cat","embeddable":true,"href":"https:\/\/camaleoparty.ch\/de\/wp-json\/wp\/v2\/product_cat?post=42351"},{"taxonomy":"product_tag","embeddable":true,"href":"https:\/\/camaleoparty.ch\/de\/wp-json\/wp\/v2\/product_tag?post=42351"}],"curies":[{"name":"wp","href":"https:\/\/api.w.org\/{rel}","templated":true}]}}